{"id":171,"date":"2024-09-04T15:13:17","date_gmt":"2024-09-04T15:13:17","guid":{"rendered":"https:\/\/actualizados.com.ar\/?post_type=product&#038;p=171"},"modified":"2026-04-29T11:54:13","modified_gmt":"2026-04-29T14:54:13","slug":"manual-ados-2-de-tea-ediciones-version-digital","status":"publish","type":"product","link":"https:\/\/actualizados.com.ar\/en\/product\/manual-ados-2-de-tea-ediciones-version-digital\/","title":{"rendered":"Manual ADOS 2 de TEA Ediciones &#8211; Versi\u00f3n Digital"},"content":{"rendered":"","protected":false},"excerpt":{"rendered":"<p>Manual Escala de observaci\u00f3n para el diagn\u00f3stico de autismo. Versi\u00f3n Digital<\/p>\n<p><strong>El manual digital se proporciona mediante acceso online en la plataforma de la editorial TEA. No es posible descargarlo, imprimirlo ni realizar anotaciones sobre el mismo.<\/strong><br \/>\n<strong>El acceso ser\u00e1 habilitado por la editorial dentro de un plazo estimado de 1 a 5 d\u00edas h\u00e1biles una vez confirmado el pago.<\/strong><\/p>\n","protected":false},"featured_media":1909,"template":"","meta":{"_acf_changed":false,"_et_pb_use_builder":"","_et_pb_old_content":"","_et_gb_content_width":""},"product_brand":[],"product_cat":[33],"product_tag":[],"class_list":{"0":"post-171","1":"product","2":"type-product","3":"status-publish","4":"has-post-thumbnail","6":"product_cat-baterias-de-evaluacion","8":"first","9":"instock","10":"shipping-taxable","11":"purchasable","12":"product-type-simple"},"acf":[],"yoast_head":"<!-- This site is optimized with the Yoast SEO plugin v27.5 - https:\/\/yoast.com\/product\/yoast-seo-wordpress\/ -->\n<title>Manual ADOS 2 de TEA Ediciones - Versi\u00f3n Digital - Actualizados<\/title>\n<meta name=\"robots\" content=\"index, follow, max-snippet:-1, max-image-preview:large, max-video-preview:-1\" \/>\n<link rel=\"canonical\" href=\"https:\/\/actualizados.com.ar\/en\/product\/manual-ados-2-de-tea-ediciones-version-digital\/\" \/>\n<meta property=\"og:locale\" content=\"en_US\" \/>\n<meta property=\"og:type\" content=\"article\" \/>\n<meta property=\"og:title\" content=\"Manual ADOS 2 de TEA Ediciones - Versi\u00f3n Digital - Actualizados\" \/>\n<meta property=\"og:description\" content=\"Manual Escala de observaci\u00f3n para el diagn\u00f3stico de autismo. Versi\u00f3n Digital  El manual digital se proporciona mediante acceso online en la plataforma de la editorial TEA. No es posible descargarlo, imprimirlo ni realizar anotaciones sobre el mismo. El acceso ser\u00e1 habilitado por la editorial dentro de un plazo estimado de 1 a 5 d\u00edas h\u00e1biles una vez confirmado el pago.\" \/>\n<meta property=\"og:url\" content=\"https:\/\/actualizados.com.ar\/en\/product\/manual-ados-2-de-tea-ediciones-version-digital\/\" \/>\n<meta property=\"og:site_name\" content=\"Actualizados\" \/>\n<meta property=\"article:publisher\" content=\"https:\/\/www.facebook.com\/Actualizados.ar\/\" \/>\n<meta property=\"article:modified_time\" content=\"2026-04-29T14:54:13+00:00\" \/>\n<meta property=\"og:image\" content=\"https:\/\/actualizados.com.ar\/wp-content\/uploads\/2024\/11\/39.png\" \/>\n\t<meta property=\"og:image:width\" content=\"650\" \/>\n\t<meta property=\"og:image:height\" content=\"650\" \/>\n\t<meta property=\"og:image:type\" content=\"image\/png\" \/>\n<meta name=\"twitter:card\" content=\"summary_large_image\" \/>\n<meta name=\"twitter:label1\" content=\"Est. reading time\" \/>\n\t<meta name=\"twitter:data1\" content=\"1 minute\" \/>\n<script type=\"application\/ld+json\" class=\"yoast-schema-graph\">{\"@context\":\"https:\\\/\\\/schema.org\",\"@graph\":[{\"@type\":\"WebPage\",\"@id\":\"https:\\\/\\\/actualizados.com.ar\\\/en\\\/product\\\/manual-ados-2-de-tea-ediciones-version-digital\\\/\",\"url\":\"https:\\\/\\\/actualizados.com.ar\\\/en\\\/product\\\/manual-ados-2-de-tea-ediciones-version-digital\\\/\",\"name\":\"Manual ADOS 2 de TEA Ediciones - Versi\u00f3n Digital - Actualizados\",\"isPartOf\":{\"@id\":\"https:\\\/\\\/actualizados.com.ar\\\/en\\\/#website\"},\"primaryImageOfPage\":{\"@id\":\"https:\\\/\\\/actualizados.com.ar\\\/en\\\/product\\\/manual-ados-2-de-tea-ediciones-version-digital\\\/#primaryimage\"},\"image\":{\"@id\":\"https:\\\/\\\/actualizados.com.ar\\\/en\\\/product\\\/manual-ados-2-de-tea-ediciones-version-digital\\\/#primaryimage\"},\"thumbnailUrl\":\"https:\\\/\\\/actualizados.com.ar\\\/wp-content\\\/uploads\\\/2024\\\/11\\\/39.png\",\"datePublished\":\"2024-09-04T15:13:17+00:00\",\"dateModified\":\"2026-04-29T14:54:13+00:00\",\"breadcrumb\":{\"@id\":\"https:\\\/\\\/actualizados.com.ar\\\/en\\\/product\\\/manual-ados-2-de-tea-ediciones-version-digital\\\/#breadcrumb\"},\"inLanguage\":\"en-US\",\"potentialAction\":[{\"@type\":\"ReadAction\",\"target\":[\"https:\\\/\\\/actualizados.com.ar\\\/en\\\/product\\\/manual-ados-2-de-tea-ediciones-version-digital\\\/\"]}]},{\"@type\":\"ImageObject\",\"inLanguage\":\"en-US\",\"@id\":\"https:\\\/\\\/actualizados.com.ar\\\/en\\\/product\\\/manual-ados-2-de-tea-ediciones-version-digital\\\/#primaryimage\",\"url\":\"https:\\\/\\\/actualizados.com.ar\\\/wp-content\\\/uploads\\\/2024\\\/11\\\/39.png\",\"contentUrl\":\"https:\\\/\\\/actualizados.com.ar\\\/wp-content\\\/uploads\\\/2024\\\/11\\\/39.png\",\"width\":650,\"height\":650},{\"@type\":\"BreadcrumbList\",\"@id\":\"https:\\\/\\\/actualizados.com.ar\\\/en\\\/product\\\/manual-ados-2-de-tea-ediciones-version-digital\\\/#breadcrumb\",\"itemListElement\":[{\"@type\":\"ListItem\",\"position\":1,\"name\":\"Portada\",\"item\":\"https:\\\/\\\/actualizados.com.ar\\\/en\\\/\"},{\"@type\":\"ListItem\",\"position\":2,\"name\":\"Shop\",\"item\":\"https:\\\/\\\/actualizados.com.ar\\\/en\\\/shop\\\/\"},{\"@type\":\"ListItem\",\"position\":3,\"name\":\"Manual ADOS 2 de TEA Ediciones &#8211; Versi\u00f3n Digital\"}]},{\"@type\":\"WebSite\",\"@id\":\"https:\\\/\\\/actualizados.com.ar\\\/en\\\/#website\",\"url\":\"https:\\\/\\\/actualizados.com.ar\\\/en\\\/\",\"name\":\"Actualizados\",\"description\":\"Cursos de autismo, neurodesarrollo y evaluaci\u00f3n\",\"publisher\":{\"@id\":\"https:\\\/\\\/actualizados.com.ar\\\/en\\\/#organization\"},\"potentialAction\":[{\"@type\":\"SearchAction\",\"target\":{\"@type\":\"EntryPoint\",\"urlTemplate\":\"https:\\\/\\\/actualizados.com.ar\\\/en\\\/?s={search_term_string}\"},\"query-input\":{\"@type\":\"PropertyValueSpecification\",\"valueRequired\":true,\"valueName\":\"search_term_string\"}}],\"inLanguage\":\"en-US\"},{\"@type\":\"Organization\",\"@id\":\"https:\\\/\\\/actualizados.com.ar\\\/en\\\/#organization\",\"name\":\"Actualizados\",\"url\":\"https:\\\/\\\/actualizados.com.ar\\\/en\\\/\",\"logo\":{\"@type\":\"ImageObject\",\"inLanguage\":\"en-US\",\"@id\":\"https:\\\/\\\/actualizados.com.ar\\\/en\\\/#\\\/schema\\\/logo\\\/image\\\/\",\"url\":\"https:\\\/\\\/actualizados.com.ar\\\/wp-content\\\/uploads\\\/2024\\\/10\\\/Diseno-sin-titulo-2024-10-07T171822.151.png\",\"contentUrl\":\"https:\\\/\\\/actualizados.com.ar\\\/wp-content\\\/uploads\\\/2024\\\/10\\\/Diseno-sin-titulo-2024-10-07T171822.151.png\",\"width\":600,\"height\":220,\"caption\":\"Actualizados\"},\"image\":{\"@id\":\"https:\\\/\\\/actualizados.com.ar\\\/en\\\/#\\\/schema\\\/logo\\\/image\\\/\"},\"sameAs\":[\"https:\\\/\\\/www.facebook.com\\\/Actualizados.ar\\\/\",\"https:\\\/\\\/www.instagram.com\\\/actualizados\\\/\"]}]}<\/script>\n<!-- \/ Yoast SEO plugin. -->","yoast_head_json":{"title":"Manual ADOS 2 de TEA Ediciones - Versi\u00f3n Digital - Actualizados","robots":{"index":"index","follow":"follow","max-snippet":"max-snippet:-1","max-image-preview":"max-image-preview:large","max-video-preview":"max-video-preview:-1"},"canonical":"https:\/\/actualizados.com.ar\/en\/product\/manual-ados-2-de-tea-ediciones-version-digital\/","og_locale":"en_US","og_type":"article","og_title":"Manual ADOS 2 de TEA Ediciones - Versi\u00f3n Digital - Actualizados","og_description":"Manual Escala de observaci\u00f3n para el diagn\u00f3stico de autismo. Versi\u00f3n Digital  El manual digital se proporciona mediante acceso online en la plataforma de la editorial TEA. No es posible descargarlo, imprimirlo ni realizar anotaciones sobre el mismo. El acceso ser\u00e1 habilitado por la editorial dentro de un plazo estimado de 1 a 5 d\u00edas h\u00e1biles una vez confirmado el pago.","og_url":"https:\/\/actualizados.com.ar\/en\/product\/manual-ados-2-de-tea-ediciones-version-digital\/","og_site_name":"Actualizados","article_publisher":"https:\/\/www.facebook.com\/Actualizados.ar\/","article_modified_time":"2026-04-29T14:54:13+00:00","og_image":[{"width":650,"height":650,"url":"https:\/\/actualizados.com.ar\/wp-content\/uploads\/2024\/11\/39.png","type":"image\/png"}],"twitter_card":"summary_large_image","twitter_misc":{"Est. reading time":"1 minute"},"schema":{"@context":"https:\/\/schema.org","@graph":[{"@type":"WebPage","@id":"https:\/\/actualizados.com.ar\/en\/product\/manual-ados-2-de-tea-ediciones-version-digital\/","url":"https:\/\/actualizados.com.ar\/en\/product\/manual-ados-2-de-tea-ediciones-version-digital\/","name":"Manual ADOS 2 de TEA Ediciones - Versi\u00f3n Digital - Actualizados","isPartOf":{"@id":"https:\/\/actualizados.com.ar\/en\/#website"},"primaryImageOfPage":{"@id":"https:\/\/actualizados.com.ar\/en\/product\/manual-ados-2-de-tea-ediciones-version-digital\/#primaryimage"},"image":{"@id":"https:\/\/actualizados.com.ar\/en\/product\/manual-ados-2-de-tea-ediciones-version-digital\/#primaryimage"},"thumbnailUrl":"https:\/\/actualizados.com.ar\/wp-content\/uploads\/2024\/11\/39.png","datePublished":"2024-09-04T15:13:17+00:00","dateModified":"2026-04-29T14:54:13+00:00","breadcrumb":{"@id":"https:\/\/actualizados.com.ar\/en\/product\/manual-ados-2-de-tea-ediciones-version-digital\/#breadcrumb"},"inLanguage":"en-US","potentialAction":[{"@type":"ReadAction","target":["https:\/\/actualizados.com.ar\/en\/product\/manual-ados-2-de-tea-ediciones-version-digital\/"]}]},{"@type":"ImageObject","inLanguage":"en-US","@id":"https:\/\/actualizados.com.ar\/en\/product\/manual-ados-2-de-tea-ediciones-version-digital\/#primaryimage","url":"https:\/\/actualizados.com.ar\/wp-content\/uploads\/2024\/11\/39.png","contentUrl":"https:\/\/actualizados.com.ar\/wp-content\/uploads\/2024\/11\/39.png","width":650,"height":650},{"@type":"BreadcrumbList","@id":"https:\/\/actualizados.com.ar\/en\/product\/manual-ados-2-de-tea-ediciones-version-digital\/#breadcrumb","itemListElement":[{"@type":"ListItem","position":1,"name":"Portada","item":"https:\/\/actualizados.com.ar\/en\/"},{"@type":"ListItem","position":2,"name":"Shop","item":"https:\/\/actualizados.com.ar\/en\/shop\/"},{"@type":"ListItem","position":3,"name":"Manual ADOS 2 de TEA Ediciones &#8211; Versi\u00f3n Digital"}]},{"@type":"WebSite","@id":"https:\/\/actualizados.com.ar\/en\/#website","url":"https:\/\/actualizados.com.ar\/en\/","name":"Actualizados","description":"Cursos de autismo, neurodesarrollo y evaluaci\u00f3n","publisher":{"@id":"https:\/\/actualizados.com.ar\/en\/#organization"},"potentialAction":[{"@type":"SearchAction","target":{"@type":"EntryPoint","urlTemplate":"https:\/\/actualizados.com.ar\/en\/?s={search_term_string}"},"query-input":{"@type":"PropertyValueSpecification","valueRequired":true,"valueName":"search_term_string"}}],"inLanguage":"en-US"},{"@type":"Organization","@id":"https:\/\/actualizados.com.ar\/en\/#organization","name":"Actualizados","url":"https:\/\/actualizados.com.ar\/en\/","logo":{"@type":"ImageObject","inLanguage":"en-US","@id":"https:\/\/actualizados.com.ar\/en\/#\/schema\/logo\/image\/","url":"https:\/\/actualizados.com.ar\/wp-content\/uploads\/2024\/10\/Diseno-sin-titulo-2024-10-07T171822.151.png","contentUrl":"https:\/\/actualizados.com.ar\/wp-content\/uploads\/2024\/10\/Diseno-sin-titulo-2024-10-07T171822.151.png","width":600,"height":220,"caption":"Actualizados"},"image":{"@id":"https:\/\/actualizados.com.ar\/en\/#\/schema\/logo\/image\/"},"sameAs":["https:\/\/www.facebook.com\/Actualizados.ar\/","https:\/\/www.instagram.com\/actualizados\/"]}]}},"_links":{"self":[{"href":"https:\/\/actualizados.com.ar\/en\/wp-json\/wp\/v2\/product\/171","targetHints":{"allow":["GET"]}}],"collection":[{"href":"https:\/\/actualizados.com.ar\/en\/wp-json\/wp\/v2\/product"}],"about":[{"href":"https:\/\/actualizados.com.ar\/en\/wp-json\/wp\/v2\/types\/product"}],"wp:featuredmedia":[{"embeddable":true,"href":"https:\/\/actualizados.com.ar\/en\/wp-json\/wp\/v2\/media\/1909"}],"wp:attachment":[{"href":"https:\/\/actualizados.com.ar\/en\/wp-json\/wp\/v2\/media?parent=171"}],"wp:term":[{"taxonomy":"product_brand","embeddable":true,"href":"https:\/\/actualizados.com.ar\/en\/wp-json\/wp\/v2\/product_brand?post=171"},{"taxonomy":"product_cat","embeddable":true,"href":"https:\/\/actualizados.com.ar\/en\/wp-json\/wp\/v2\/product_cat?post=171"},{"taxonomy":"product_tag","embeddable":true,"href":"https:\/\/actualizados.com.ar\/en\/wp-json\/wp\/v2\/product_tag?post=171"}],"curies":[{"name":"wp","href":"https:\/\/api.w.org\/{rel}","templated":true}]}}