{"id":245948,"date":"2025-05-27T19:45:01","date_gmt":"2025-05-27T22:45:01","guid":{"rendered":"https:\/\/actualizados.com.ar\/?post_type=product&#038;p=245948"},"modified":"2025-09-28T22:16:08","modified_gmt":"2025-09-29T01:16:08","slug":"bingo-antiestres","status":"publish","type":"product","link":"https:\/\/actualizados.com.ar\/en\/product\/bingo-antiestres\/","title":{"rendered":"Bingo Antiestr\u00e9s"},"content":{"rendered":"","protected":false},"excerpt":{"rendered":"<p>El Bingo Anti-Estr\u00e9s est\u00e1 dise\u00f1ado para abordar y tratar la ansiedad, la tensi\u00f3n y el estr\u00e9s infantil. A trav\u00e9s del juego se abre el di\u00e1logo sobre los sentimientos, el miedo en el que nos desenvolvemos y las conductas que contribuyen a aumentar nuestros niveles de ansiedad y estr\u00e9s. Permite aprender a identificar los factores que generan estr\u00e9s, y a su vez, aprender herramientas t\u00e9cnicas pasa disminuirlo. La din\u00e1mica del juego facilita la comunicaci\u00f3n y apertura del ni\u00f1o, que de otra forma, puede ser dif\u00edcil de obtener. El juego es \u00fatil para todo tipo de ni\u00f1os, no s\u00f3lo para los que tienen un problema de estr\u00e9s, ya que es un instrumento de comunicaci\u00f3n, confianza y entretenimiento que facilita el proceso comunicativo en general.<\/p>\n<p><strong>Edad:<\/strong>\u00a05+ a\u00f1os<br \/>\n<strong>Elementos incluidos:<\/strong>\u00a06 cartones de bingo + 84 tarjetas + instructivo de juego<\/p>\n","protected":false},"featured_media":245949,"template":"","meta":{"_acf_changed":false,"_et_pb_use_builder":"","_et_pb_old_content":"","_et_gb_content_width":""},"product_brand":[],"product_cat":[34],"product_tag":[],"class_list":{"0":"post-245948","1":"product","2":"type-product","3":"status-publish","4":"has-post-thumbnail","6":"product_cat-materiales-didacticos","8":"first","9":"instock","10":"shipping-taxable","11":"purchasable","12":"product-type-simple"},"acf":[],"yoast_head":"<!-- This site is optimized with the Yoast SEO plugin v27.6 - https:\/\/yoast.com\/product\/yoast-seo-wordpress\/ -->\n<title>Bingo Antiestr\u00e9s - Actualizados<\/title>\n<meta name=\"robots\" content=\"index, follow, max-snippet:-1, max-image-preview:large, max-video-preview:-1\" \/>\n<link rel=\"canonical\" href=\"https:\/\/actualizados.com.ar\/en\/product\/bingo-antiestres\/\" \/>\n<meta property=\"og:locale\" content=\"en_US\" \/>\n<meta property=\"og:type\" content=\"article\" \/>\n<meta property=\"og:title\" content=\"Bingo Antiestr\u00e9s - Actualizados\" \/>\n<meta property=\"og:description\" content=\"El Bingo Anti-Estr\u00e9s est\u00e1 dise\u00f1ado para abordar y tratar la ansiedad, la tensi\u00f3n y el estr\u00e9s infantil. A trav\u00e9s del juego se abre el di\u00e1logo sobre los sentimientos, el miedo en el que nos desenvolvemos y las conductas que contribuyen a aumentar nuestros niveles de ansiedad y estr\u00e9s. Permite aprender a identificar los factores que generan estr\u00e9s, y a su vez, aprender herramientas t\u00e9cnicas pasa disminuirlo. La din\u00e1mica del juego facilita la comunicaci\u00f3n y apertura del ni\u00f1o, que de otra forma, puede ser dif\u00edcil de obtener. El juego es \u00fatil para todo tipo de ni\u00f1os, no s\u00f3lo para los que tienen un problema de estr\u00e9s, ya que es un instrumento de comunicaci\u00f3n, confianza y entretenimiento que facilita el proceso comunicativo en general.  Edad:\u00a05+ a\u00f1os Elementos incluidos:\u00a06 cartones de bingo + 84 tarjetas + instructivo de juego\" \/>\n<meta property=\"og:url\" content=\"https:\/\/actualizados.com.ar\/en\/product\/bingo-antiestres\/\" \/>\n<meta property=\"og:site_name\" content=\"Actualizados\" \/>\n<meta property=\"article:publisher\" content=\"https:\/\/www.facebook.com\/Actualizados.ar\/\" \/>\n<meta property=\"article:modified_time\" content=\"2025-09-29T01:16:08+00:00\" \/>\n<meta property=\"og:image\" content=\"https:\/\/actualizados.com.ar\/wp-content\/uploads\/2025\/05\/Bingo_AntiStres_Caja.jpg\" \/>\n\t<meta property=\"og:image:width\" content=\"1024\" \/>\n\t<meta property=\"og:image:height\" content=\"1024\" \/>\n\t<meta property=\"og:image:type\" content=\"image\/jpeg\" \/>\n<meta name=\"twitter:card\" content=\"summary_large_image\" \/>\n<script type=\"application\/ld+json\" class=\"yoast-schema-graph\">{\"@context\":\"https:\\\/\\\/schema.org\",\"@graph\":[{\"@type\":\"WebPage\",\"@id\":\"https:\\\/\\\/actualizados.com.ar\\\/en\\\/product\\\/bingo-antiestres\\\/\",\"url\":\"https:\\\/\\\/actualizados.com.ar\\\/en\\\/product\\\/bingo-antiestres\\\/\",\"name\":\"Bingo Antiestr\u00e9s - Actualizados\",\"isPartOf\":{\"@id\":\"https:\\\/\\\/actualizados.com.ar\\\/en\\\/#website\"},\"primaryImageOfPage\":{\"@id\":\"https:\\\/\\\/actualizados.com.ar\\\/en\\\/product\\\/bingo-antiestres\\\/#primaryimage\"},\"image\":{\"@id\":\"https:\\\/\\\/actualizados.com.ar\\\/en\\\/product\\\/bingo-antiestres\\\/#primaryimage\"},\"thumbnailUrl\":\"https:\\\/\\\/actualizados.com.ar\\\/wp-content\\\/uploads\\\/2025\\\/05\\\/Bingo_AntiStres_Caja.jpg\",\"datePublished\":\"2025-05-27T22:45:01+00:00\",\"dateModified\":\"2025-09-29T01:16:08+00:00\",\"breadcrumb\":{\"@id\":\"https:\\\/\\\/actualizados.com.ar\\\/en\\\/product\\\/bingo-antiestres\\\/#breadcrumb\"},\"inLanguage\":\"en-US\",\"potentialAction\":[{\"@type\":\"ReadAction\",\"target\":[\"https:\\\/\\\/actualizados.com.ar\\\/en\\\/product\\\/bingo-antiestres\\\/\"]}]},{\"@type\":\"ImageObject\",\"inLanguage\":\"en-US\",\"@id\":\"https:\\\/\\\/actualizados.com.ar\\\/en\\\/product\\\/bingo-antiestres\\\/#primaryimage\",\"url\":\"https:\\\/\\\/actualizados.com.ar\\\/wp-content\\\/uploads\\\/2025\\\/05\\\/Bingo_AntiStres_Caja.jpg\",\"contentUrl\":\"https:\\\/\\\/actualizados.com.ar\\\/wp-content\\\/uploads\\\/2025\\\/05\\\/Bingo_AntiStres_Caja.jpg\",\"width\":1024,\"height\":1024},{\"@type\":\"BreadcrumbList\",\"@id\":\"https:\\\/\\\/actualizados.com.ar\\\/en\\\/product\\\/bingo-antiestres\\\/#breadcrumb\",\"itemListElement\":[{\"@type\":\"ListItem\",\"position\":1,\"name\":\"Portada\",\"item\":\"https:\\\/\\\/actualizados.com.ar\\\/en\\\/\"},{\"@type\":\"ListItem\",\"position\":2,\"name\":\"Shop\",\"item\":\"https:\\\/\\\/actualizados.com.ar\\\/en\\\/shop\\\/\"},{\"@type\":\"ListItem\",\"position\":3,\"name\":\"Bingo Antiestr\u00e9s\"}]},{\"@type\":\"WebSite\",\"@id\":\"https:\\\/\\\/actualizados.com.ar\\\/en\\\/#website\",\"url\":\"https:\\\/\\\/actualizados.com.ar\\\/en\\\/\",\"name\":\"Actualizados\",\"description\":\"Cursos de autismo, neurodesarrollo y evaluaci\u00f3n\",\"publisher\":{\"@id\":\"https:\\\/\\\/actualizados.com.ar\\\/en\\\/#organization\"},\"potentialAction\":[{\"@type\":\"SearchAction\",\"target\":{\"@type\":\"EntryPoint\",\"urlTemplate\":\"https:\\\/\\\/actualizados.com.ar\\\/en\\\/?s={search_term_string}\"},\"query-input\":{\"@type\":\"PropertyValueSpecification\",\"valueRequired\":true,\"valueName\":\"search_term_string\"}}],\"inLanguage\":\"en-US\"},{\"@type\":\"Organization\",\"@id\":\"https:\\\/\\\/actualizados.com.ar\\\/en\\\/#organization\",\"name\":\"Actualizados\",\"url\":\"https:\\\/\\\/actualizados.com.ar\\\/en\\\/\",\"logo\":{\"@type\":\"ImageObject\",\"inLanguage\":\"en-US\",\"@id\":\"https:\\\/\\\/actualizados.com.ar\\\/en\\\/#\\\/schema\\\/logo\\\/image\\\/\",\"url\":\"https:\\\/\\\/actualizados.com.ar\\\/wp-content\\\/uploads\\\/2024\\\/10\\\/Diseno-sin-titulo-2024-10-07T171822.151.png\",\"contentUrl\":\"https:\\\/\\\/actualizados.com.ar\\\/wp-content\\\/uploads\\\/2024\\\/10\\\/Diseno-sin-titulo-2024-10-07T171822.151.png\",\"width\":600,\"height\":220,\"caption\":\"Actualizados\"},\"image\":{\"@id\":\"https:\\\/\\\/actualizados.com.ar\\\/en\\\/#\\\/schema\\\/logo\\\/image\\\/\"},\"sameAs\":[\"https:\\\/\\\/www.facebook.com\\\/Actualizados.ar\\\/\",\"https:\\\/\\\/www.instagram.com\\\/actualizados\\\/\"]}]}<\/script>\n<!-- \/ Yoast SEO plugin. -->","yoast_head_json":{"title":"Bingo Antiestr\u00e9s - Actualizados","robots":{"index":"index","follow":"follow","max-snippet":"max-snippet:-1","max-image-preview":"max-image-preview:large","max-video-preview":"max-video-preview:-1"},"canonical":"https:\/\/actualizados.com.ar\/en\/product\/bingo-antiestres\/","og_locale":"en_US","og_type":"article","og_title":"Bingo Antiestr\u00e9s - Actualizados","og_description":"El Bingo Anti-Estr\u00e9s est\u00e1 dise\u00f1ado para abordar y tratar la ansiedad, la tensi\u00f3n y el estr\u00e9s infantil. A trav\u00e9s del juego se abre el di\u00e1logo sobre los sentimientos, el miedo en el que nos desenvolvemos y las conductas que contribuyen a aumentar nuestros niveles de ansiedad y estr\u00e9s. Permite aprender a identificar los factores que generan estr\u00e9s, y a su vez, aprender herramientas t\u00e9cnicas pasa disminuirlo. La din\u00e1mica del juego facilita la comunicaci\u00f3n y apertura del ni\u00f1o, que de otra forma, puede ser dif\u00edcil de obtener. El juego es \u00fatil para todo tipo de ni\u00f1os, no s\u00f3lo para los que tienen un problema de estr\u00e9s, ya que es un instrumento de comunicaci\u00f3n, confianza y entretenimiento que facilita el proceso comunicativo en general.  Edad:\u00a05+ a\u00f1os Elementos incluidos:\u00a06 cartones de bingo + 84 tarjetas + instructivo de juego","og_url":"https:\/\/actualizados.com.ar\/en\/product\/bingo-antiestres\/","og_site_name":"Actualizados","article_publisher":"https:\/\/www.facebook.com\/Actualizados.ar\/","article_modified_time":"2025-09-29T01:16:08+00:00","og_image":[{"width":1024,"height":1024,"url":"https:\/\/actualizados.com.ar\/wp-content\/uploads\/2025\/05\/Bingo_AntiStres_Caja.jpg","type":"image\/jpeg"}],"twitter_card":"summary_large_image","schema":{"@context":"https:\/\/schema.org","@graph":[{"@type":"WebPage","@id":"https:\/\/actualizados.com.ar\/en\/product\/bingo-antiestres\/","url":"https:\/\/actualizados.com.ar\/en\/product\/bingo-antiestres\/","name":"Bingo Antiestr\u00e9s - Actualizados","isPartOf":{"@id":"https:\/\/actualizados.com.ar\/en\/#website"},"primaryImageOfPage":{"@id":"https:\/\/actualizados.com.ar\/en\/product\/bingo-antiestres\/#primaryimage"},"image":{"@id":"https:\/\/actualizados.com.ar\/en\/product\/bingo-antiestres\/#primaryimage"},"thumbnailUrl":"https:\/\/actualizados.com.ar\/wp-content\/uploads\/2025\/05\/Bingo_AntiStres_Caja.jpg","datePublished":"2025-05-27T22:45:01+00:00","dateModified":"2025-09-29T01:16:08+00:00","breadcrumb":{"@id":"https:\/\/actualizados.com.ar\/en\/product\/bingo-antiestres\/#breadcrumb"},"inLanguage":"en-US","potentialAction":[{"@type":"ReadAction","target":["https:\/\/actualizados.com.ar\/en\/product\/bingo-antiestres\/"]}]},{"@type":"ImageObject","inLanguage":"en-US","@id":"https:\/\/actualizados.com.ar\/en\/product\/bingo-antiestres\/#primaryimage","url":"https:\/\/actualizados.com.ar\/wp-content\/uploads\/2025\/05\/Bingo_AntiStres_Caja.jpg","contentUrl":"https:\/\/actualizados.com.ar\/wp-content\/uploads\/2025\/05\/Bingo_AntiStres_Caja.jpg","width":1024,"height":1024},{"@type":"BreadcrumbList","@id":"https:\/\/actualizados.com.ar\/en\/product\/bingo-antiestres\/#breadcrumb","itemListElement":[{"@type":"ListItem","position":1,"name":"Portada","item":"https:\/\/actualizados.com.ar\/en\/"},{"@type":"ListItem","position":2,"name":"Shop","item":"https:\/\/actualizados.com.ar\/en\/shop\/"},{"@type":"ListItem","position":3,"name":"Bingo Antiestr\u00e9s"}]},{"@type":"WebSite","@id":"https:\/\/actualizados.com.ar\/en\/#website","url":"https:\/\/actualizados.com.ar\/en\/","name":"Actualizados","description":"Cursos de autismo, neurodesarrollo y evaluaci\u00f3n","publisher":{"@id":"https:\/\/actualizados.com.ar\/en\/#organization"},"potentialAction":[{"@type":"SearchAction","target":{"@type":"EntryPoint","urlTemplate":"https:\/\/actualizados.com.ar\/en\/?s={search_term_string}"},"query-input":{"@type":"PropertyValueSpecification","valueRequired":true,"valueName":"search_term_string"}}],"inLanguage":"en-US"},{"@type":"Organization","@id":"https:\/\/actualizados.com.ar\/en\/#organization","name":"Actualizados","url":"https:\/\/actualizados.com.ar\/en\/","logo":{"@type":"ImageObject","inLanguage":"en-US","@id":"https:\/\/actualizados.com.ar\/en\/#\/schema\/logo\/image\/","url":"https:\/\/actualizados.com.ar\/wp-content\/uploads\/2024\/10\/Diseno-sin-titulo-2024-10-07T171822.151.png","contentUrl":"https:\/\/actualizados.com.ar\/wp-content\/uploads\/2024\/10\/Diseno-sin-titulo-2024-10-07T171822.151.png","width":600,"height":220,"caption":"Actualizados"},"image":{"@id":"https:\/\/actualizados.com.ar\/en\/#\/schema\/logo\/image\/"},"sameAs":["https:\/\/www.facebook.com\/Actualizados.ar\/","https:\/\/www.instagram.com\/actualizados\/"]}]}},"_links":{"self":[{"href":"https:\/\/actualizados.com.ar\/en\/wp-json\/wp\/v2\/product\/245948","targetHints":{"allow":["GET"]}}],"collection":[{"href":"https:\/\/actualizados.com.ar\/en\/wp-json\/wp\/v2\/product"}],"about":[{"href":"https:\/\/actualizados.com.ar\/en\/wp-json\/wp\/v2\/types\/product"}],"wp:featuredmedia":[{"embeddable":true,"href":"https:\/\/actualizados.com.ar\/en\/wp-json\/wp\/v2\/media\/245949"}],"wp:attachment":[{"href":"https:\/\/actualizados.com.ar\/en\/wp-json\/wp\/v2\/media?parent=245948"}],"wp:term":[{"taxonomy":"product_brand","embeddable":true,"href":"https:\/\/actualizados.com.ar\/en\/wp-json\/wp\/v2\/product_brand?post=245948"},{"taxonomy":"product_cat","embeddable":true,"href":"https:\/\/actualizados.com.ar\/en\/wp-json\/wp\/v2\/product_cat?post=245948"},{"taxonomy":"product_tag","embeddable":true,"href":"https:\/\/actualizados.com.ar\/en\/wp-json\/wp\/v2\/product_tag?post=245948"}],"curies":[{"name":"wp","href":"https:\/\/api.w.org\/{rel}","templated":true}]}}