{"id":245952,"date":"2025-05-27T19:46:14","date_gmt":"2025-05-27T22:46:14","guid":{"rendered":"https:\/\/actualizados.com.ar\/?post_type=product&#038;p=245952"},"modified":"2025-09-28T22:15:53","modified_gmt":"2025-09-29T01:15:53","slug":"bingo-explosivo","status":"publish","type":"product","link":"https:\/\/actualizados.com.ar\/en\/product\/bingo-explosivo\/","title":{"rendered":"Bingo Explosivo"},"content":{"rendered":"","protected":false},"excerpt":{"rendered":"<p>El Bingo Explosivo est\u00e1 dise\u00f1ado para abordar y tratar la agresividad, los sentimientos de rabia y los comportamientos agresivos de los ni\u00f1os. A trav\u00e9s del juego se abre el di\u00e1logo sobre sentimientos que impulsan a actuar de manera agresiva, aprender a identificar y normalizar estos sentimientos as\u00ed como a manejarlos y expresarlos de manera adecuada. La din\u00e1mica del juego facilita la comunicaci\u00f3n y apertura del ni\u00f1o, que de otra forma, es dif\u00edcil de obtener.<\/p>\n<p><strong>Edad:<\/strong>\u00a05+ a\u00f1os<br \/>\n<strong>Elementos incluidos<\/strong>: 5 cartones del bingo + 84 tarjetas + 1 instructivo de juego<\/p>\n","protected":false},"featured_media":245954,"template":"","meta":{"_acf_changed":false,"_et_pb_use_builder":"","_et_pb_old_content":"","_et_gb_content_width":""},"product_brand":[],"product_cat":[34],"product_tag":[],"class_list":{"0":"post-245952","1":"product","2":"type-product","3":"status-publish","4":"has-post-thumbnail","6":"product_cat-materiales-didacticos","8":"first","9":"instock","10":"shipping-taxable","11":"purchasable","12":"product-type-simple"},"acf":[],"yoast_head":"<!-- This site is optimized with the Yoast SEO plugin v27.5 - https:\/\/yoast.com\/product\/yoast-seo-wordpress\/ -->\n<title>Bingo Explosivo - Actualizados<\/title>\n<meta name=\"robots\" content=\"index, follow, max-snippet:-1, max-image-preview:large, max-video-preview:-1\" \/>\n<link rel=\"canonical\" href=\"https:\/\/actualizados.com.ar\/en\/product\/bingo-explosivo\/\" \/>\n<meta property=\"og:locale\" content=\"en_US\" \/>\n<meta property=\"og:type\" content=\"article\" \/>\n<meta property=\"og:title\" content=\"Bingo Explosivo - Actualizados\" \/>\n<meta property=\"og:description\" content=\"El Bingo Explosivo est\u00e1 dise\u00f1ado para abordar y tratar la agresividad, los sentimientos de rabia y los comportamientos agresivos de los ni\u00f1os. A trav\u00e9s del juego se abre el di\u00e1logo sobre sentimientos que impulsan a actuar de manera agresiva, aprender a identificar y normalizar estos sentimientos as\u00ed como a manejarlos y expresarlos de manera adecuada. La din\u00e1mica del juego facilita la comunicaci\u00f3n y apertura del ni\u00f1o, que de otra forma, es dif\u00edcil de obtener.  Edad:\u00a05+ a\u00f1os Elementos incluidos: 5 cartones del bingo + 84 tarjetas + 1 instructivo de juego\" \/>\n<meta property=\"og:url\" content=\"https:\/\/actualizados.com.ar\/en\/product\/bingo-explosivo\/\" \/>\n<meta property=\"og:site_name\" content=\"Actualizados\" \/>\n<meta property=\"article:publisher\" content=\"https:\/\/www.facebook.com\/Actualizados.ar\/\" \/>\n<meta property=\"article:modified_time\" content=\"2025-09-29T01:15:53+00:00\" \/>\n<meta property=\"og:image\" content=\"https:\/\/actualizados.com.ar\/wp-content\/uploads\/2025\/05\/8.png\" \/>\n\t<meta property=\"og:image:width\" content=\"512\" \/>\n\t<meta property=\"og:image:height\" content=\"512\" \/>\n\t<meta property=\"og:image:type\" content=\"image\/png\" \/>\n<meta name=\"twitter:card\" content=\"summary_large_image\" \/>\n<script type=\"application\/ld+json\" class=\"yoast-schema-graph\">{\"@context\":\"https:\\\/\\\/schema.org\",\"@graph\":[{\"@type\":\"WebPage\",\"@id\":\"https:\\\/\\\/actualizados.com.ar\\\/en\\\/product\\\/bingo-explosivo\\\/\",\"url\":\"https:\\\/\\\/actualizados.com.ar\\\/en\\\/product\\\/bingo-explosivo\\\/\",\"name\":\"Bingo Explosivo - Actualizados\",\"isPartOf\":{\"@id\":\"https:\\\/\\\/actualizados.com.ar\\\/en\\\/#website\"},\"primaryImageOfPage\":{\"@id\":\"https:\\\/\\\/actualizados.com.ar\\\/en\\\/product\\\/bingo-explosivo\\\/#primaryimage\"},\"image\":{\"@id\":\"https:\\\/\\\/actualizados.com.ar\\\/en\\\/product\\\/bingo-explosivo\\\/#primaryimage\"},\"thumbnailUrl\":\"https:\\\/\\\/actualizados.com.ar\\\/wp-content\\\/uploads\\\/2025\\\/05\\\/8.png\",\"datePublished\":\"2025-05-27T22:46:14+00:00\",\"dateModified\":\"2025-09-29T01:15:53+00:00\",\"breadcrumb\":{\"@id\":\"https:\\\/\\\/actualizados.com.ar\\\/en\\\/product\\\/bingo-explosivo\\\/#breadcrumb\"},\"inLanguage\":\"en-US\",\"potentialAction\":[{\"@type\":\"ReadAction\",\"target\":[\"https:\\\/\\\/actualizados.com.ar\\\/en\\\/product\\\/bingo-explosivo\\\/\"]}]},{\"@type\":\"ImageObject\",\"inLanguage\":\"en-US\",\"@id\":\"https:\\\/\\\/actualizados.com.ar\\\/en\\\/product\\\/bingo-explosivo\\\/#primaryimage\",\"url\":\"https:\\\/\\\/actualizados.com.ar\\\/wp-content\\\/uploads\\\/2025\\\/05\\\/8.png\",\"contentUrl\":\"https:\\\/\\\/actualizados.com.ar\\\/wp-content\\\/uploads\\\/2025\\\/05\\\/8.png\",\"width\":512,\"height\":512},{\"@type\":\"BreadcrumbList\",\"@id\":\"https:\\\/\\\/actualizados.com.ar\\\/en\\\/product\\\/bingo-explosivo\\\/#breadcrumb\",\"itemListElement\":[{\"@type\":\"ListItem\",\"position\":1,\"name\":\"Portada\",\"item\":\"https:\\\/\\\/actualizados.com.ar\\\/en\\\/\"},{\"@type\":\"ListItem\",\"position\":2,\"name\":\"Shop\",\"item\":\"https:\\\/\\\/actualizados.com.ar\\\/en\\\/shop\\\/\"},{\"@type\":\"ListItem\",\"position\":3,\"name\":\"Bingo Explosivo\"}]},{\"@type\":\"WebSite\",\"@id\":\"https:\\\/\\\/actualizados.com.ar\\\/en\\\/#website\",\"url\":\"https:\\\/\\\/actualizados.com.ar\\\/en\\\/\",\"name\":\"Actualizados\",\"description\":\"Cursos de autismo, neurodesarrollo y evaluaci\u00f3n\",\"publisher\":{\"@id\":\"https:\\\/\\\/actualizados.com.ar\\\/en\\\/#organization\"},\"potentialAction\":[{\"@type\":\"SearchAction\",\"target\":{\"@type\":\"EntryPoint\",\"urlTemplate\":\"https:\\\/\\\/actualizados.com.ar\\\/en\\\/?s={search_term_string}\"},\"query-input\":{\"@type\":\"PropertyValueSpecification\",\"valueRequired\":true,\"valueName\":\"search_term_string\"}}],\"inLanguage\":\"en-US\"},{\"@type\":\"Organization\",\"@id\":\"https:\\\/\\\/actualizados.com.ar\\\/en\\\/#organization\",\"name\":\"Actualizados\",\"url\":\"https:\\\/\\\/actualizados.com.ar\\\/en\\\/\",\"logo\":{\"@type\":\"ImageObject\",\"inLanguage\":\"en-US\",\"@id\":\"https:\\\/\\\/actualizados.com.ar\\\/en\\\/#\\\/schema\\\/logo\\\/image\\\/\",\"url\":\"https:\\\/\\\/actualizados.com.ar\\\/wp-content\\\/uploads\\\/2024\\\/10\\\/Diseno-sin-titulo-2024-10-07T171822.151.png\",\"contentUrl\":\"https:\\\/\\\/actualizados.com.ar\\\/wp-content\\\/uploads\\\/2024\\\/10\\\/Diseno-sin-titulo-2024-10-07T171822.151.png\",\"width\":600,\"height\":220,\"caption\":\"Actualizados\"},\"image\":{\"@id\":\"https:\\\/\\\/actualizados.com.ar\\\/en\\\/#\\\/schema\\\/logo\\\/image\\\/\"},\"sameAs\":[\"https:\\\/\\\/www.facebook.com\\\/Actualizados.ar\\\/\",\"https:\\\/\\\/www.instagram.com\\\/actualizados\\\/\"]}]}<\/script>\n<!-- \/ Yoast SEO plugin. -->","yoast_head_json":{"title":"Bingo Explosivo - Actualizados","robots":{"index":"index","follow":"follow","max-snippet":"max-snippet:-1","max-image-preview":"max-image-preview:large","max-video-preview":"max-video-preview:-1"},"canonical":"https:\/\/actualizados.com.ar\/en\/product\/bingo-explosivo\/","og_locale":"en_US","og_type":"article","og_title":"Bingo Explosivo - Actualizados","og_description":"El Bingo Explosivo est\u00e1 dise\u00f1ado para abordar y tratar la agresividad, los sentimientos de rabia y los comportamientos agresivos de los ni\u00f1os. A trav\u00e9s del juego se abre el di\u00e1logo sobre sentimientos que impulsan a actuar de manera agresiva, aprender a identificar y normalizar estos sentimientos as\u00ed como a manejarlos y expresarlos de manera adecuada. La din\u00e1mica del juego facilita la comunicaci\u00f3n y apertura del ni\u00f1o, que de otra forma, es dif\u00edcil de obtener.  Edad:\u00a05+ a\u00f1os Elementos incluidos: 5 cartones del bingo + 84 tarjetas + 1 instructivo de juego","og_url":"https:\/\/actualizados.com.ar\/en\/product\/bingo-explosivo\/","og_site_name":"Actualizados","article_publisher":"https:\/\/www.facebook.com\/Actualizados.ar\/","article_modified_time":"2025-09-29T01:15:53+00:00","og_image":[{"width":512,"height":512,"url":"https:\/\/actualizados.com.ar\/wp-content\/uploads\/2025\/05\/8.png","type":"image\/png"}],"twitter_card":"summary_large_image","schema":{"@context":"https:\/\/schema.org","@graph":[{"@type":"WebPage","@id":"https:\/\/actualizados.com.ar\/en\/product\/bingo-explosivo\/","url":"https:\/\/actualizados.com.ar\/en\/product\/bingo-explosivo\/","name":"Bingo Explosivo - Actualizados","isPartOf":{"@id":"https:\/\/actualizados.com.ar\/en\/#website"},"primaryImageOfPage":{"@id":"https:\/\/actualizados.com.ar\/en\/product\/bingo-explosivo\/#primaryimage"},"image":{"@id":"https:\/\/actualizados.com.ar\/en\/product\/bingo-explosivo\/#primaryimage"},"thumbnailUrl":"https:\/\/actualizados.com.ar\/wp-content\/uploads\/2025\/05\/8.png","datePublished":"2025-05-27T22:46:14+00:00","dateModified":"2025-09-29T01:15:53+00:00","breadcrumb":{"@id":"https:\/\/actualizados.com.ar\/en\/product\/bingo-explosivo\/#breadcrumb"},"inLanguage":"en-US","potentialAction":[{"@type":"ReadAction","target":["https:\/\/actualizados.com.ar\/en\/product\/bingo-explosivo\/"]}]},{"@type":"ImageObject","inLanguage":"en-US","@id":"https:\/\/actualizados.com.ar\/en\/product\/bingo-explosivo\/#primaryimage","url":"https:\/\/actualizados.com.ar\/wp-content\/uploads\/2025\/05\/8.png","contentUrl":"https:\/\/actualizados.com.ar\/wp-content\/uploads\/2025\/05\/8.png","width":512,"height":512},{"@type":"BreadcrumbList","@id":"https:\/\/actualizados.com.ar\/en\/product\/bingo-explosivo\/#breadcrumb","itemListElement":[{"@type":"ListItem","position":1,"name":"Portada","item":"https:\/\/actualizados.com.ar\/en\/"},{"@type":"ListItem","position":2,"name":"Shop","item":"https:\/\/actualizados.com.ar\/en\/shop\/"},{"@type":"ListItem","position":3,"name":"Bingo Explosivo"}]},{"@type":"WebSite","@id":"https:\/\/actualizados.com.ar\/en\/#website","url":"https:\/\/actualizados.com.ar\/en\/","name":"Actualizados","description":"Cursos de autismo, neurodesarrollo y evaluaci\u00f3n","publisher":{"@id":"https:\/\/actualizados.com.ar\/en\/#organization"},"potentialAction":[{"@type":"SearchAction","target":{"@type":"EntryPoint","urlTemplate":"https:\/\/actualizados.com.ar\/en\/?s={search_term_string}"},"query-input":{"@type":"PropertyValueSpecification","valueRequired":true,"valueName":"search_term_string"}}],"inLanguage":"en-US"},{"@type":"Organization","@id":"https:\/\/actualizados.com.ar\/en\/#organization","name":"Actualizados","url":"https:\/\/actualizados.com.ar\/en\/","logo":{"@type":"ImageObject","inLanguage":"en-US","@id":"https:\/\/actualizados.com.ar\/en\/#\/schema\/logo\/image\/","url":"https:\/\/actualizados.com.ar\/wp-content\/uploads\/2024\/10\/Diseno-sin-titulo-2024-10-07T171822.151.png","contentUrl":"https:\/\/actualizados.com.ar\/wp-content\/uploads\/2024\/10\/Diseno-sin-titulo-2024-10-07T171822.151.png","width":600,"height":220,"caption":"Actualizados"},"image":{"@id":"https:\/\/actualizados.com.ar\/en\/#\/schema\/logo\/image\/"},"sameAs":["https:\/\/www.facebook.com\/Actualizados.ar\/","https:\/\/www.instagram.com\/actualizados\/"]}]}},"_links":{"self":[{"href":"https:\/\/actualizados.com.ar\/en\/wp-json\/wp\/v2\/product\/245952","targetHints":{"allow":["GET"]}}],"collection":[{"href":"https:\/\/actualizados.com.ar\/en\/wp-json\/wp\/v2\/product"}],"about":[{"href":"https:\/\/actualizados.com.ar\/en\/wp-json\/wp\/v2\/types\/product"}],"wp:featuredmedia":[{"embeddable":true,"href":"https:\/\/actualizados.com.ar\/en\/wp-json\/wp\/v2\/media\/245954"}],"wp:attachment":[{"href":"https:\/\/actualizados.com.ar\/en\/wp-json\/wp\/v2\/media?parent=245952"}],"wp:term":[{"taxonomy":"product_brand","embeddable":true,"href":"https:\/\/actualizados.com.ar\/en\/wp-json\/wp\/v2\/product_brand?post=245952"},{"taxonomy":"product_cat","embeddable":true,"href":"https:\/\/actualizados.com.ar\/en\/wp-json\/wp\/v2\/product_cat?post=245952"},{"taxonomy":"product_tag","embeddable":true,"href":"https:\/\/actualizados.com.ar\/en\/wp-json\/wp\/v2\/product_tag?post=245952"}],"curies":[{"name":"wp","href":"https:\/\/api.w.org\/{rel}","templated":true}]}}