{"id":247837,"date":"2025-07-23T19:09:35","date_gmt":"2025-07-23T22:09:35","guid":{"rendered":"https:\/\/actualizados.com.ar\/?post_type=product&#038;p=247837"},"modified":"2026-01-04T12:45:55","modified_gmt":"2026-01-04T15:45:55","slug":"mis-emociones-en-sincronia-mas-complementos-tecnicas-de-activacion-emocional-dallocchio","status":"publish","type":"product","link":"https:\/\/actualizados.com.ar\/en\/product\/mis-emociones-en-sincronia-mas-complementos-tecnicas-de-activacion-emocional-dallocchio\/","title":{"rendered":"Mis Emociones en Sincron\u00eda (M\u00e1s Complementos) &#8211; T\u00e9cnicas de Activaci\u00f3n Emocional &#8211; Dall&#8217;Occhio"},"content":{"rendered":"","protected":false},"excerpt":{"rendered":"<p><strong>Programa para reconocer y regular las emociones con la ayuda del cuerpo para ni\u00f1os de 6 seis a 12 doce a\u00f1os.<\/strong><\/p>\n<p>Lejos de los enfoques que separan la mente del cuerpo, el programa adopta una perspectiva que reconoce la interconexi\u00f3n constante entre el cuerpo, la mente y el ambiente. A lo largo de los cap\u00edtulos se explica c\u00f3mo la actividad mental y corporal se modela mutuamente durante el desarrollo, lo que permite un entendimiento m\u00e1s profundo y claro del modo en que nuestras emociones y creencias se construyen a trav\u00e9s de la interacci\u00f3n con la cultura. El embodiment o corporizaci\u00f3n de nuestras emociones, valores y prejuicios son aportes importantes para comprender las acciones constructivas o da\u00f1inas.<\/p>\n<p>A partir de la identificaci\u00f3n de las reacciones emocionales autom\u00e1ticas, Mis emociones en sincron\u00eda nos gu\u00eda en un recorrido que ilumina el entendimiento de las diferentes emociones con la ayuda del cuerpo con el prop\u00f3sito de validarlas, sin inhibirlas o bloquearlas. Nos ense\u00f1a a utilizar su energ\u00eda de manera regulada para que nos cuidernos, establezcamos l\u00edmites y resolvamos situaciones conflictivas de manera emp\u00e1tica y efectiva. Todo esto contribuye al desarrollo de la autoestima pues integra el respeto y el valor de sabernos parte del todo.<\/p>\n<p>La propuesta enfatiza la importancia de la educaci\u00f3n emocional a una edad temprana. Para lograrlo, los adultos gu\u00edas cuentan con ejercicios, adem\u00e1s de un kit de recursos que incluye el acceso a im\u00e1genes por c\u00f3digo QR, emoticones, fichas interactivas y el simp\u00e1tico mu\u00f1eco Sincro, que acompa\u00f1a a los m\u00e1s peque\u00f1os en el proceso de aprendizaje. Confiamos en que este programa contribuir\u00e1 de manera significativa a la formaci\u00f3n de seres humanos afectivamente inteligentes, responsables y conscientes de su entorno.<\/p>\n","protected":false},"featured_media":247838,"template":"","meta":{"_acf_changed":false,"_et_pb_use_builder":"","_et_pb_old_content":"","_et_gb_content_width":""},"product_brand":[],"product_cat":[34],"product_tag":[],"class_list":{"0":"post-247837","1":"product","2":"type-product","3":"status-publish","4":"has-post-thumbnail","6":"product_cat-materiales-didacticos","8":"first","9":"instock","10":"shipping-taxable","11":"purchasable","12":"product-type-simple"},"acf":[],"yoast_head":"<!-- This site is optimized with the Yoast SEO plugin v27.5 - https:\/\/yoast.com\/product\/yoast-seo-wordpress\/ -->\n<title>Mis Emociones en Sincron\u00eda (M\u00e1s Complementos) - T\u00e9cnicas de Activaci\u00f3n Emocional - Dall&#039;Occhio - Actualizados<\/title>\n<meta name=\"robots\" content=\"index, follow, max-snippet:-1, max-image-preview:large, max-video-preview:-1\" \/>\n<link rel=\"canonical\" href=\"https:\/\/actualizados.com.ar\/en\/product\/mis-emociones-en-sincronia-mas-complementos-tecnicas-de-activacion-emocional-dallocchio\/\" \/>\n<meta property=\"og:locale\" content=\"en_US\" \/>\n<meta property=\"og:type\" content=\"article\" \/>\n<meta property=\"og:title\" content=\"Mis Emociones en Sincron\u00eda (M\u00e1s Complementos) - T\u00e9cnicas de Activaci\u00f3n Emocional - Dall&#039;Occhio - Actualizados\" \/>\n<meta property=\"og:description\" content=\"Programa para reconocer y regular las emociones con la ayuda del cuerpo para ni\u00f1os de 6 seis a 12 doce a\u00f1os.  Lejos de los enfoques que separan la mente del cuerpo, el programa adopta una perspectiva que reconoce la interconexi\u00f3n constante entre el cuerpo, la mente y el ambiente. A lo largo de los cap\u00edtulos se explica c\u00f3mo la actividad mental y corporal se modela mutuamente durante el desarrollo, lo que permite un entendimiento m\u00e1s profundo y claro del modo en que nuestras emociones y creencias se construyen a trav\u00e9s de la interacci\u00f3n con la cultura. El embodiment o corporizaci\u00f3n de nuestras emociones, valores y prejuicios son aportes importantes para comprender las acciones constructivas o da\u00f1inas.  A partir de la identificaci\u00f3n de las reacciones emocionales autom\u00e1ticas, Mis emociones en sincron\u00eda nos gu\u00eda en un recorrido que ilumina el entendimiento de las diferentes emociones con la ayuda del cuerpo con el prop\u00f3sito de validarlas, sin inhibirlas o bloquearlas. Nos ense\u00f1a a utilizar su energ\u00eda de manera regulada para que nos cuidernos, establezcamos l\u00edmites y resolvamos situaciones conflictivas de manera emp\u00e1tica y efectiva. Todo esto contribuye al desarrollo de la autoestima pues integra el respeto y el valor de sabernos parte del todo.  La propuesta enfatiza la importancia de la educaci\u00f3n emocional a una edad temprana. Para lograrlo, los adultos gu\u00edas cuentan con ejercicios, adem\u00e1s de un kit de recursos que incluye el acceso a im\u00e1genes por c\u00f3digo QR, emoticones, fichas interactivas y el simp\u00e1tico mu\u00f1eco Sincro, que acompa\u00f1a a los m\u00e1s peque\u00f1os en el proceso de aprendizaje. Confiamos en que este programa contribuir\u00e1 de manera significativa a la formaci\u00f3n de seres humanos afectivamente inteligentes, responsables y conscientes de su entorno.\" \/>\n<meta property=\"og:url\" content=\"https:\/\/actualizados.com.ar\/en\/product\/mis-emociones-en-sincronia-mas-complementos-tecnicas-de-activacion-emocional-dallocchio\/\" \/>\n<meta property=\"og:site_name\" content=\"Actualizados\" \/>\n<meta property=\"article:publisher\" content=\"https:\/\/www.facebook.com\/Actualizados.ar\/\" \/>\n<meta property=\"article:modified_time\" content=\"2026-01-04T15:45:55+00:00\" \/>\n<meta property=\"og:image\" content=\"https:\/\/actualizados.com.ar\/wp-content\/uploads\/2025\/07\/9789875705845-47a3a5cd6de4d29e6d17268666551562-1024-1024.webp\" \/>\n\t<meta property=\"og:image:width\" content=\"827\" \/>\n\t<meta property=\"og:image:height\" content=\"1033\" \/>\n\t<meta property=\"og:image:type\" content=\"image\/webp\" \/>\n<meta name=\"twitter:card\" content=\"summary_large_image\" \/>\n<script type=\"application\/ld+json\" class=\"yoast-schema-graph\">{\"@context\":\"https:\\\/\\\/schema.org\",\"@graph\":[{\"@type\":\"WebPage\",\"@id\":\"https:\\\/\\\/actualizados.com.ar\\\/en\\\/product\\\/mis-emociones-en-sincronia-mas-complementos-tecnicas-de-activacion-emocional-dallocchio\\\/\",\"url\":\"https:\\\/\\\/actualizados.com.ar\\\/en\\\/product\\\/mis-emociones-en-sincronia-mas-complementos-tecnicas-de-activacion-emocional-dallocchio\\\/\",\"name\":\"Mis Emociones en Sincron\u00eda (M\u00e1s Complementos) - T\u00e9cnicas de Activaci\u00f3n Emocional - Dall'Occhio - Actualizados\",\"isPartOf\":{\"@id\":\"https:\\\/\\\/actualizados.com.ar\\\/en\\\/#website\"},\"primaryImageOfPage\":{\"@id\":\"https:\\\/\\\/actualizados.com.ar\\\/en\\\/product\\\/mis-emociones-en-sincronia-mas-complementos-tecnicas-de-activacion-emocional-dallocchio\\\/#primaryimage\"},\"image\":{\"@id\":\"https:\\\/\\\/actualizados.com.ar\\\/en\\\/product\\\/mis-emociones-en-sincronia-mas-complementos-tecnicas-de-activacion-emocional-dallocchio\\\/#primaryimage\"},\"thumbnailUrl\":\"https:\\\/\\\/actualizados.com.ar\\\/wp-content\\\/uploads\\\/2025\\\/07\\\/9789875705845-47a3a5cd6de4d29e6d17268666551562-1024-1024.webp\",\"datePublished\":\"2025-07-23T22:09:35+00:00\",\"dateModified\":\"2026-01-04T15:45:55+00:00\",\"breadcrumb\":{\"@id\":\"https:\\\/\\\/actualizados.com.ar\\\/en\\\/product\\\/mis-emociones-en-sincronia-mas-complementos-tecnicas-de-activacion-emocional-dallocchio\\\/#breadcrumb\"},\"inLanguage\":\"en-US\",\"potentialAction\":[{\"@type\":\"ReadAction\",\"target\":[\"https:\\\/\\\/actualizados.com.ar\\\/en\\\/product\\\/mis-emociones-en-sincronia-mas-complementos-tecnicas-de-activacion-emocional-dallocchio\\\/\"]}]},{\"@type\":\"ImageObject\",\"inLanguage\":\"en-US\",\"@id\":\"https:\\\/\\\/actualizados.com.ar\\\/en\\\/product\\\/mis-emociones-en-sincronia-mas-complementos-tecnicas-de-activacion-emocional-dallocchio\\\/#primaryimage\",\"url\":\"https:\\\/\\\/actualizados.com.ar\\\/wp-content\\\/uploads\\\/2025\\\/07\\\/9789875705845-47a3a5cd6de4d29e6d17268666551562-1024-1024.webp\",\"contentUrl\":\"https:\\\/\\\/actualizados.com.ar\\\/wp-content\\\/uploads\\\/2025\\\/07\\\/9789875705845-47a3a5cd6de4d29e6d17268666551562-1024-1024.webp\",\"width\":827,\"height\":1033},{\"@type\":\"BreadcrumbList\",\"@id\":\"https:\\\/\\\/actualizados.com.ar\\\/en\\\/product\\\/mis-emociones-en-sincronia-mas-complementos-tecnicas-de-activacion-emocional-dallocchio\\\/#breadcrumb\",\"itemListElement\":[{\"@type\":\"ListItem\",\"position\":1,\"name\":\"Portada\",\"item\":\"https:\\\/\\\/actualizados.com.ar\\\/en\\\/\"},{\"@type\":\"ListItem\",\"position\":2,\"name\":\"Shop\",\"item\":\"https:\\\/\\\/actualizados.com.ar\\\/en\\\/shop\\\/\"},{\"@type\":\"ListItem\",\"position\":3,\"name\":\"Mis Emociones en Sincron\u00eda (M\u00e1s Complementos) &#8211; T\u00e9cnicas de Activaci\u00f3n Emocional &#8211; Dall&#8217;Occhio\"}]},{\"@type\":\"WebSite\",\"@id\":\"https:\\\/\\\/actualizados.com.ar\\\/en\\\/#website\",\"url\":\"https:\\\/\\\/actualizados.com.ar\\\/en\\\/\",\"name\":\"Actualizados\",\"description\":\"Cursos de autismo, neurodesarrollo y evaluaci\u00f3n\",\"publisher\":{\"@id\":\"https:\\\/\\\/actualizados.com.ar\\\/en\\\/#organization\"},\"potentialAction\":[{\"@type\":\"SearchAction\",\"target\":{\"@type\":\"EntryPoint\",\"urlTemplate\":\"https:\\\/\\\/actualizados.com.ar\\\/en\\\/?s={search_term_string}\"},\"query-input\":{\"@type\":\"PropertyValueSpecification\",\"valueRequired\":true,\"valueName\":\"search_term_string\"}}],\"inLanguage\":\"en-US\"},{\"@type\":\"Organization\",\"@id\":\"https:\\\/\\\/actualizados.com.ar\\\/en\\\/#organization\",\"name\":\"Actualizados\",\"url\":\"https:\\\/\\\/actualizados.com.ar\\\/en\\\/\",\"logo\":{\"@type\":\"ImageObject\",\"inLanguage\":\"en-US\",\"@id\":\"https:\\\/\\\/actualizados.com.ar\\\/en\\\/#\\\/schema\\\/logo\\\/image\\\/\",\"url\":\"https:\\\/\\\/actualizados.com.ar\\\/wp-content\\\/uploads\\\/2024\\\/10\\\/Diseno-sin-titulo-2024-10-07T171822.151.png\",\"contentUrl\":\"https:\\\/\\\/actualizados.com.ar\\\/wp-content\\\/uploads\\\/2024\\\/10\\\/Diseno-sin-titulo-2024-10-07T171822.151.png\",\"width\":600,\"height\":220,\"caption\":\"Actualizados\"},\"image\":{\"@id\":\"https:\\\/\\\/actualizados.com.ar\\\/en\\\/#\\\/schema\\\/logo\\\/image\\\/\"},\"sameAs\":[\"https:\\\/\\\/www.facebook.com\\\/Actualizados.ar\\\/\",\"https:\\\/\\\/www.instagram.com\\\/actualizados\\\/\"]}]}<\/script>\n<!-- \/ Yoast SEO plugin. -->","yoast_head_json":{"title":"Mis Emociones en Sincron\u00eda (M\u00e1s Complementos) - T\u00e9cnicas de Activaci\u00f3n Emocional - Dall'Occhio - Actualizados","robots":{"index":"index","follow":"follow","max-snippet":"max-snippet:-1","max-image-preview":"max-image-preview:large","max-video-preview":"max-video-preview:-1"},"canonical":"https:\/\/actualizados.com.ar\/en\/product\/mis-emociones-en-sincronia-mas-complementos-tecnicas-de-activacion-emocional-dallocchio\/","og_locale":"en_US","og_type":"article","og_title":"Mis Emociones en Sincron\u00eda (M\u00e1s Complementos) - T\u00e9cnicas de Activaci\u00f3n Emocional - Dall'Occhio - Actualizados","og_description":"Programa para reconocer y regular las emociones con la ayuda del cuerpo para ni\u00f1os de 6 seis a 12 doce a\u00f1os.  Lejos de los enfoques que separan la mente del cuerpo, el programa adopta una perspectiva que reconoce la interconexi\u00f3n constante entre el cuerpo, la mente y el ambiente. A lo largo de los cap\u00edtulos se explica c\u00f3mo la actividad mental y corporal se modela mutuamente durante el desarrollo, lo que permite un entendimiento m\u00e1s profundo y claro del modo en que nuestras emociones y creencias se construyen a trav\u00e9s de la interacci\u00f3n con la cultura. El embodiment o corporizaci\u00f3n de nuestras emociones, valores y prejuicios son aportes importantes para comprender las acciones constructivas o da\u00f1inas.  A partir de la identificaci\u00f3n de las reacciones emocionales autom\u00e1ticas, Mis emociones en sincron\u00eda nos gu\u00eda en un recorrido que ilumina el entendimiento de las diferentes emociones con la ayuda del cuerpo con el prop\u00f3sito de validarlas, sin inhibirlas o bloquearlas. Nos ense\u00f1a a utilizar su energ\u00eda de manera regulada para que nos cuidernos, establezcamos l\u00edmites y resolvamos situaciones conflictivas de manera emp\u00e1tica y efectiva. Todo esto contribuye al desarrollo de la autoestima pues integra el respeto y el valor de sabernos parte del todo.  La propuesta enfatiza la importancia de la educaci\u00f3n emocional a una edad temprana. Para lograrlo, los adultos gu\u00edas cuentan con ejercicios, adem\u00e1s de un kit de recursos que incluye el acceso a im\u00e1genes por c\u00f3digo QR, emoticones, fichas interactivas y el simp\u00e1tico mu\u00f1eco Sincro, que acompa\u00f1a a los m\u00e1s peque\u00f1os en el proceso de aprendizaje. Confiamos en que este programa contribuir\u00e1 de manera significativa a la formaci\u00f3n de seres humanos afectivamente inteligentes, responsables y conscientes de su entorno.","og_url":"https:\/\/actualizados.com.ar\/en\/product\/mis-emociones-en-sincronia-mas-complementos-tecnicas-de-activacion-emocional-dallocchio\/","og_site_name":"Actualizados","article_publisher":"https:\/\/www.facebook.com\/Actualizados.ar\/","article_modified_time":"2026-01-04T15:45:55+00:00","og_image":[{"width":827,"height":1033,"url":"https:\/\/actualizados.com.ar\/wp-content\/uploads\/2025\/07\/9789875705845-47a3a5cd6de4d29e6d17268666551562-1024-1024.webp","type":"image\/webp"}],"twitter_card":"summary_large_image","schema":{"@context":"https:\/\/schema.org","@graph":[{"@type":"WebPage","@id":"https:\/\/actualizados.com.ar\/en\/product\/mis-emociones-en-sincronia-mas-complementos-tecnicas-de-activacion-emocional-dallocchio\/","url":"https:\/\/actualizados.com.ar\/en\/product\/mis-emociones-en-sincronia-mas-complementos-tecnicas-de-activacion-emocional-dallocchio\/","name":"Mis Emociones en Sincron\u00eda (M\u00e1s Complementos) - T\u00e9cnicas de Activaci\u00f3n Emocional - Dall'Occhio - Actualizados","isPartOf":{"@id":"https:\/\/actualizados.com.ar\/en\/#website"},"primaryImageOfPage":{"@id":"https:\/\/actualizados.com.ar\/en\/product\/mis-emociones-en-sincronia-mas-complementos-tecnicas-de-activacion-emocional-dallocchio\/#primaryimage"},"image":{"@id":"https:\/\/actualizados.com.ar\/en\/product\/mis-emociones-en-sincronia-mas-complementos-tecnicas-de-activacion-emocional-dallocchio\/#primaryimage"},"thumbnailUrl":"https:\/\/actualizados.com.ar\/wp-content\/uploads\/2025\/07\/9789875705845-47a3a5cd6de4d29e6d17268666551562-1024-1024.webp","datePublished":"2025-07-23T22:09:35+00:00","dateModified":"2026-01-04T15:45:55+00:00","breadcrumb":{"@id":"https:\/\/actualizados.com.ar\/en\/product\/mis-emociones-en-sincronia-mas-complementos-tecnicas-de-activacion-emocional-dallocchio\/#breadcrumb"},"inLanguage":"en-US","potentialAction":[{"@type":"ReadAction","target":["https:\/\/actualizados.com.ar\/en\/product\/mis-emociones-en-sincronia-mas-complementos-tecnicas-de-activacion-emocional-dallocchio\/"]}]},{"@type":"ImageObject","inLanguage":"en-US","@id":"https:\/\/actualizados.com.ar\/en\/product\/mis-emociones-en-sincronia-mas-complementos-tecnicas-de-activacion-emocional-dallocchio\/#primaryimage","url":"https:\/\/actualizados.com.ar\/wp-content\/uploads\/2025\/07\/9789875705845-47a3a5cd6de4d29e6d17268666551562-1024-1024.webp","contentUrl":"https:\/\/actualizados.com.ar\/wp-content\/uploads\/2025\/07\/9789875705845-47a3a5cd6de4d29e6d17268666551562-1024-1024.webp","width":827,"height":1033},{"@type":"BreadcrumbList","@id":"https:\/\/actualizados.com.ar\/en\/product\/mis-emociones-en-sincronia-mas-complementos-tecnicas-de-activacion-emocional-dallocchio\/#breadcrumb","itemListElement":[{"@type":"ListItem","position":1,"name":"Portada","item":"https:\/\/actualizados.com.ar\/en\/"},{"@type":"ListItem","position":2,"name":"Shop","item":"https:\/\/actualizados.com.ar\/en\/shop\/"},{"@type":"ListItem","position":3,"name":"Mis Emociones en Sincron\u00eda (M\u00e1s Complementos) &#8211; T\u00e9cnicas de Activaci\u00f3n Emocional &#8211; Dall&#8217;Occhio"}]},{"@type":"WebSite","@id":"https:\/\/actualizados.com.ar\/en\/#website","url":"https:\/\/actualizados.com.ar\/en\/","name":"Actualizados","description":"Cursos de autismo, neurodesarrollo y evaluaci\u00f3n","publisher":{"@id":"https:\/\/actualizados.com.ar\/en\/#organization"},"potentialAction":[{"@type":"SearchAction","target":{"@type":"EntryPoint","urlTemplate":"https:\/\/actualizados.com.ar\/en\/?s={search_term_string}"},"query-input":{"@type":"PropertyValueSpecification","valueRequired":true,"valueName":"search_term_string"}}],"inLanguage":"en-US"},{"@type":"Organization","@id":"https:\/\/actualizados.com.ar\/en\/#organization","name":"Actualizados","url":"https:\/\/actualizados.com.ar\/en\/","logo":{"@type":"ImageObject","inLanguage":"en-US","@id":"https:\/\/actualizados.com.ar\/en\/#\/schema\/logo\/image\/","url":"https:\/\/actualizados.com.ar\/wp-content\/uploads\/2024\/10\/Diseno-sin-titulo-2024-10-07T171822.151.png","contentUrl":"https:\/\/actualizados.com.ar\/wp-content\/uploads\/2024\/10\/Diseno-sin-titulo-2024-10-07T171822.151.png","width":600,"height":220,"caption":"Actualizados"},"image":{"@id":"https:\/\/actualizados.com.ar\/en\/#\/schema\/logo\/image\/"},"sameAs":["https:\/\/www.facebook.com\/Actualizados.ar\/","https:\/\/www.instagram.com\/actualizados\/"]}]}},"_links":{"self":[{"href":"https:\/\/actualizados.com.ar\/en\/wp-json\/wp\/v2\/product\/247837","targetHints":{"allow":["GET"]}}],"collection":[{"href":"https:\/\/actualizados.com.ar\/en\/wp-json\/wp\/v2\/product"}],"about":[{"href":"https:\/\/actualizados.com.ar\/en\/wp-json\/wp\/v2\/types\/product"}],"wp:featuredmedia":[{"embeddable":true,"href":"https:\/\/actualizados.com.ar\/en\/wp-json\/wp\/v2\/media\/247838"}],"wp:attachment":[{"href":"https:\/\/actualizados.com.ar\/en\/wp-json\/wp\/v2\/media?parent=247837"}],"wp:term":[{"taxonomy":"product_brand","embeddable":true,"href":"https:\/\/actualizados.com.ar\/en\/wp-json\/wp\/v2\/product_brand?post=247837"},{"taxonomy":"product_cat","embeddable":true,"href":"https:\/\/actualizados.com.ar\/en\/wp-json\/wp\/v2\/product_cat?post=247837"},{"taxonomy":"product_tag","embeddable":true,"href":"https:\/\/actualizados.com.ar\/en\/wp-json\/wp\/v2\/product_tag?post=247837"}],"curies":[{"name":"wp","href":"https:\/\/api.w.org\/{rel}","templated":true}]}}