{"id":247850,"date":"2025-07-23T19:14:08","date_gmt":"2025-07-23T22:14:08","guid":{"rendered":"https:\/\/actualizados.com.ar\/?post_type=product&#038;p=247850"},"modified":"2026-01-03T09:38:45","modified_gmt":"2026-01-03T12:38:45","slug":"sentir-emociones-es-natural-libro-cartas-pinieri","status":"publish","type":"product","link":"https:\/\/actualizados.com.ar\/en\/product\/sentir-emociones-es-natural-libro-cartas-pinieri\/","title":{"rendered":"Sentir Emociones es Natural &#8211; LIBRO + CARTAS + Pinieri"},"content":{"rendered":"","protected":false},"excerpt":{"rendered":"<p>Un libro para encontrarse con las emociones. Los adultos pueden jugar y conocerlas mientras acompa\u00f1an e incentivan a las infancias a que as\u00ed lo hagan tambi\u00e9n. En una primera instancia, van a encontrar una teor\u00eda creada con mi colega y amiga Antonella Cataldo, sobre las Tres Rs emocionales. En una segunda etapa, estar\u00e1n las actividades separadas por emociones en diferentes tarjetones. Pueden jugar en casa, en el cole o en el consultorio, de forma individual o grupal.<\/p>\n<p>Colaboraci\u00f3n en la redacci\u00f3n: Lic. Antonella Cataldo<\/p>\n","protected":false},"featured_media":248276,"template":"","meta":{"_acf_changed":false,"_et_pb_use_builder":"","_et_pb_old_content":"","_et_gb_content_width":""},"product_brand":[],"product_cat":[32],"product_tag":[],"class_list":{"0":"post-247850","1":"product","2":"type-product","3":"status-publish","4":"has-post-thumbnail","6":"product_cat-libros","8":"first","9":"instock","10":"shipping-taxable","11":"purchasable","12":"product-type-simple"},"acf":[],"yoast_head":"<!-- This site is optimized with the Yoast SEO plugin v27.6 - https:\/\/yoast.com\/product\/yoast-seo-wordpress\/ -->\n<title>Sentir Emociones es Natural - LIBRO + CARTAS + Pinieri - Actualizados<\/title>\n<meta name=\"robots\" content=\"index, follow, max-snippet:-1, max-image-preview:large, max-video-preview:-1\" \/>\n<link rel=\"canonical\" href=\"https:\/\/actualizados.com.ar\/en\/product\/sentir-emociones-es-natural-libro-cartas-pinieri\/\" \/>\n<meta property=\"og:locale\" content=\"en_US\" \/>\n<meta property=\"og:type\" content=\"article\" \/>\n<meta property=\"og:title\" content=\"Sentir Emociones es Natural - LIBRO + CARTAS + Pinieri - Actualizados\" \/>\n<meta property=\"og:description\" content=\"Un libro para encontrarse con las emociones. Los adultos pueden jugar y conocerlas mientras acompa\u00f1an e incentivan a las infancias a que as\u00ed lo hagan tambi\u00e9n. En una primera instancia, van a encontrar una teor\u00eda creada con mi colega y amiga Antonella Cataldo, sobre las Tres Rs emocionales. En una segunda etapa, estar\u00e1n las actividades separadas por emociones en diferentes tarjetones. Pueden jugar en casa, en el cole o en el consultorio, de forma individual o grupal.  Colaboraci\u00f3n en la redacci\u00f3n: Lic. Antonella Cataldo\" \/>\n<meta property=\"og:url\" content=\"https:\/\/actualizados.com.ar\/en\/product\/sentir-emociones-es-natural-libro-cartas-pinieri\/\" \/>\n<meta property=\"og:site_name\" content=\"Actualizados\" \/>\n<meta property=\"article:publisher\" content=\"https:\/\/www.facebook.com\/Actualizados.ar\/\" \/>\n<meta property=\"article:modified_time\" content=\"2026-01-03T12:38:45+00:00\" \/>\n<meta property=\"og:image\" content=\"https:\/\/actualizados.com.ar\/wp-content\/uploads\/2025\/07\/Tienda-Actualizados-4.png\" \/>\n\t<meta property=\"og:image:width\" content=\"650\" \/>\n\t<meta property=\"og:image:height\" content=\"650\" \/>\n\t<meta property=\"og:image:type\" content=\"image\/png\" \/>\n<meta name=\"twitter:card\" content=\"summary_large_image\" \/>\n<meta name=\"twitter:label1\" content=\"Est. reading time\" \/>\n\t<meta name=\"twitter:data1\" content=\"1 minute\" \/>\n<script type=\"application\/ld+json\" class=\"yoast-schema-graph\">{\"@context\":\"https:\\\/\\\/schema.org\",\"@graph\":[{\"@type\":\"WebPage\",\"@id\":\"https:\\\/\\\/actualizados.com.ar\\\/en\\\/product\\\/sentir-emociones-es-natural-libro-cartas-pinieri\\\/\",\"url\":\"https:\\\/\\\/actualizados.com.ar\\\/en\\\/product\\\/sentir-emociones-es-natural-libro-cartas-pinieri\\\/\",\"name\":\"Sentir Emociones es Natural - LIBRO + CARTAS + Pinieri - Actualizados\",\"isPartOf\":{\"@id\":\"https:\\\/\\\/actualizados.com.ar\\\/en\\\/#website\"},\"primaryImageOfPage\":{\"@id\":\"https:\\\/\\\/actualizados.com.ar\\\/en\\\/product\\\/sentir-emociones-es-natural-libro-cartas-pinieri\\\/#primaryimage\"},\"image\":{\"@id\":\"https:\\\/\\\/actualizados.com.ar\\\/en\\\/product\\\/sentir-emociones-es-natural-libro-cartas-pinieri\\\/#primaryimage\"},\"thumbnailUrl\":\"https:\\\/\\\/actualizados.com.ar\\\/wp-content\\\/uploads\\\/2025\\\/07\\\/Tienda-Actualizados-4.png\",\"datePublished\":\"2025-07-23T22:14:08+00:00\",\"dateModified\":\"2026-01-03T12:38:45+00:00\",\"breadcrumb\":{\"@id\":\"https:\\\/\\\/actualizados.com.ar\\\/en\\\/product\\\/sentir-emociones-es-natural-libro-cartas-pinieri\\\/#breadcrumb\"},\"inLanguage\":\"en-US\",\"potentialAction\":[{\"@type\":\"ReadAction\",\"target\":[\"https:\\\/\\\/actualizados.com.ar\\\/en\\\/product\\\/sentir-emociones-es-natural-libro-cartas-pinieri\\\/\"]}]},{\"@type\":\"ImageObject\",\"inLanguage\":\"en-US\",\"@id\":\"https:\\\/\\\/actualizados.com.ar\\\/en\\\/product\\\/sentir-emociones-es-natural-libro-cartas-pinieri\\\/#primaryimage\",\"url\":\"https:\\\/\\\/actualizados.com.ar\\\/wp-content\\\/uploads\\\/2025\\\/07\\\/Tienda-Actualizados-4.png\",\"contentUrl\":\"https:\\\/\\\/actualizados.com.ar\\\/wp-content\\\/uploads\\\/2025\\\/07\\\/Tienda-Actualizados-4.png\",\"width\":650,\"height\":650},{\"@type\":\"BreadcrumbList\",\"@id\":\"https:\\\/\\\/actualizados.com.ar\\\/en\\\/product\\\/sentir-emociones-es-natural-libro-cartas-pinieri\\\/#breadcrumb\",\"itemListElement\":[{\"@type\":\"ListItem\",\"position\":1,\"name\":\"Portada\",\"item\":\"https:\\\/\\\/actualizados.com.ar\\\/en\\\/\"},{\"@type\":\"ListItem\",\"position\":2,\"name\":\"Shop\",\"item\":\"https:\\\/\\\/actualizados.com.ar\\\/en\\\/shop\\\/\"},{\"@type\":\"ListItem\",\"position\":3,\"name\":\"Sentir Emociones es Natural &#8211; LIBRO + CARTAS + Pinieri\"}]},{\"@type\":\"WebSite\",\"@id\":\"https:\\\/\\\/actualizados.com.ar\\\/en\\\/#website\",\"url\":\"https:\\\/\\\/actualizados.com.ar\\\/en\\\/\",\"name\":\"Actualizados\",\"description\":\"Cursos de autismo, neurodesarrollo y evaluaci\u00f3n\",\"publisher\":{\"@id\":\"https:\\\/\\\/actualizados.com.ar\\\/en\\\/#organization\"},\"potentialAction\":[{\"@type\":\"SearchAction\",\"target\":{\"@type\":\"EntryPoint\",\"urlTemplate\":\"https:\\\/\\\/actualizados.com.ar\\\/en\\\/?s={search_term_string}\"},\"query-input\":{\"@type\":\"PropertyValueSpecification\",\"valueRequired\":true,\"valueName\":\"search_term_string\"}}],\"inLanguage\":\"en-US\"},{\"@type\":\"Organization\",\"@id\":\"https:\\\/\\\/actualizados.com.ar\\\/en\\\/#organization\",\"name\":\"Actualizados\",\"url\":\"https:\\\/\\\/actualizados.com.ar\\\/en\\\/\",\"logo\":{\"@type\":\"ImageObject\",\"inLanguage\":\"en-US\",\"@id\":\"https:\\\/\\\/actualizados.com.ar\\\/en\\\/#\\\/schema\\\/logo\\\/image\\\/\",\"url\":\"https:\\\/\\\/actualizados.com.ar\\\/wp-content\\\/uploads\\\/2024\\\/10\\\/Diseno-sin-titulo-2024-10-07T171822.151.png\",\"contentUrl\":\"https:\\\/\\\/actualizados.com.ar\\\/wp-content\\\/uploads\\\/2024\\\/10\\\/Diseno-sin-titulo-2024-10-07T171822.151.png\",\"width\":600,\"height\":220,\"caption\":\"Actualizados\"},\"image\":{\"@id\":\"https:\\\/\\\/actualizados.com.ar\\\/en\\\/#\\\/schema\\\/logo\\\/image\\\/\"},\"sameAs\":[\"https:\\\/\\\/www.facebook.com\\\/Actualizados.ar\\\/\",\"https:\\\/\\\/www.instagram.com\\\/actualizados\\\/\"]}]}<\/script>\n<!-- \/ Yoast SEO plugin. -->","yoast_head_json":{"title":"Sentir Emociones es Natural - LIBRO + CARTAS + Pinieri - Actualizados","robots":{"index":"index","follow":"follow","max-snippet":"max-snippet:-1","max-image-preview":"max-image-preview:large","max-video-preview":"max-video-preview:-1"},"canonical":"https:\/\/actualizados.com.ar\/en\/product\/sentir-emociones-es-natural-libro-cartas-pinieri\/","og_locale":"en_US","og_type":"article","og_title":"Sentir Emociones es Natural - LIBRO + CARTAS + Pinieri - Actualizados","og_description":"Un libro para encontrarse con las emociones. Los adultos pueden jugar y conocerlas mientras acompa\u00f1an e incentivan a las infancias a que as\u00ed lo hagan tambi\u00e9n. En una primera instancia, van a encontrar una teor\u00eda creada con mi colega y amiga Antonella Cataldo, sobre las Tres Rs emocionales. En una segunda etapa, estar\u00e1n las actividades separadas por emociones en diferentes tarjetones. Pueden jugar en casa, en el cole o en el consultorio, de forma individual o grupal.  Colaboraci\u00f3n en la redacci\u00f3n: Lic. Antonella Cataldo","og_url":"https:\/\/actualizados.com.ar\/en\/product\/sentir-emociones-es-natural-libro-cartas-pinieri\/","og_site_name":"Actualizados","article_publisher":"https:\/\/www.facebook.com\/Actualizados.ar\/","article_modified_time":"2026-01-03T12:38:45+00:00","og_image":[{"width":650,"height":650,"url":"https:\/\/actualizados.com.ar\/wp-content\/uploads\/2025\/07\/Tienda-Actualizados-4.png","type":"image\/png"}],"twitter_card":"summary_large_image","twitter_misc":{"Est. reading time":"1 minute"},"schema":{"@context":"https:\/\/schema.org","@graph":[{"@type":"WebPage","@id":"https:\/\/actualizados.com.ar\/en\/product\/sentir-emociones-es-natural-libro-cartas-pinieri\/","url":"https:\/\/actualizados.com.ar\/en\/product\/sentir-emociones-es-natural-libro-cartas-pinieri\/","name":"Sentir Emociones es Natural - LIBRO + CARTAS + Pinieri - Actualizados","isPartOf":{"@id":"https:\/\/actualizados.com.ar\/en\/#website"},"primaryImageOfPage":{"@id":"https:\/\/actualizados.com.ar\/en\/product\/sentir-emociones-es-natural-libro-cartas-pinieri\/#primaryimage"},"image":{"@id":"https:\/\/actualizados.com.ar\/en\/product\/sentir-emociones-es-natural-libro-cartas-pinieri\/#primaryimage"},"thumbnailUrl":"https:\/\/actualizados.com.ar\/wp-content\/uploads\/2025\/07\/Tienda-Actualizados-4.png","datePublished":"2025-07-23T22:14:08+00:00","dateModified":"2026-01-03T12:38:45+00:00","breadcrumb":{"@id":"https:\/\/actualizados.com.ar\/en\/product\/sentir-emociones-es-natural-libro-cartas-pinieri\/#breadcrumb"},"inLanguage":"en-US","potentialAction":[{"@type":"ReadAction","target":["https:\/\/actualizados.com.ar\/en\/product\/sentir-emociones-es-natural-libro-cartas-pinieri\/"]}]},{"@type":"ImageObject","inLanguage":"en-US","@id":"https:\/\/actualizados.com.ar\/en\/product\/sentir-emociones-es-natural-libro-cartas-pinieri\/#primaryimage","url":"https:\/\/actualizados.com.ar\/wp-content\/uploads\/2025\/07\/Tienda-Actualizados-4.png","contentUrl":"https:\/\/actualizados.com.ar\/wp-content\/uploads\/2025\/07\/Tienda-Actualizados-4.png","width":650,"height":650},{"@type":"BreadcrumbList","@id":"https:\/\/actualizados.com.ar\/en\/product\/sentir-emociones-es-natural-libro-cartas-pinieri\/#breadcrumb","itemListElement":[{"@type":"ListItem","position":1,"name":"Portada","item":"https:\/\/actualizados.com.ar\/en\/"},{"@type":"ListItem","position":2,"name":"Shop","item":"https:\/\/actualizados.com.ar\/en\/shop\/"},{"@type":"ListItem","position":3,"name":"Sentir Emociones es Natural &#8211; LIBRO + CARTAS + Pinieri"}]},{"@type":"WebSite","@id":"https:\/\/actualizados.com.ar\/en\/#website","url":"https:\/\/actualizados.com.ar\/en\/","name":"Actualizados","description":"Cursos de autismo, neurodesarrollo y evaluaci\u00f3n","publisher":{"@id":"https:\/\/actualizados.com.ar\/en\/#organization"},"potentialAction":[{"@type":"SearchAction","target":{"@type":"EntryPoint","urlTemplate":"https:\/\/actualizados.com.ar\/en\/?s={search_term_string}"},"query-input":{"@type":"PropertyValueSpecification","valueRequired":true,"valueName":"search_term_string"}}],"inLanguage":"en-US"},{"@type":"Organization","@id":"https:\/\/actualizados.com.ar\/en\/#organization","name":"Actualizados","url":"https:\/\/actualizados.com.ar\/en\/","logo":{"@type":"ImageObject","inLanguage":"en-US","@id":"https:\/\/actualizados.com.ar\/en\/#\/schema\/logo\/image\/","url":"https:\/\/actualizados.com.ar\/wp-content\/uploads\/2024\/10\/Diseno-sin-titulo-2024-10-07T171822.151.png","contentUrl":"https:\/\/actualizados.com.ar\/wp-content\/uploads\/2024\/10\/Diseno-sin-titulo-2024-10-07T171822.151.png","width":600,"height":220,"caption":"Actualizados"},"image":{"@id":"https:\/\/actualizados.com.ar\/en\/#\/schema\/logo\/image\/"},"sameAs":["https:\/\/www.facebook.com\/Actualizados.ar\/","https:\/\/www.instagram.com\/actualizados\/"]}]}},"_links":{"self":[{"href":"https:\/\/actualizados.com.ar\/en\/wp-json\/wp\/v2\/product\/247850","targetHints":{"allow":["GET"]}}],"collection":[{"href":"https:\/\/actualizados.com.ar\/en\/wp-json\/wp\/v2\/product"}],"about":[{"href":"https:\/\/actualizados.com.ar\/en\/wp-json\/wp\/v2\/types\/product"}],"wp:featuredmedia":[{"embeddable":true,"href":"https:\/\/actualizados.com.ar\/en\/wp-json\/wp\/v2\/media\/248276"}],"wp:attachment":[{"href":"https:\/\/actualizados.com.ar\/en\/wp-json\/wp\/v2\/media?parent=247850"}],"wp:term":[{"taxonomy":"product_brand","embeddable":true,"href":"https:\/\/actualizados.com.ar\/en\/wp-json\/wp\/v2\/product_brand?post=247850"},{"taxonomy":"product_cat","embeddable":true,"href":"https:\/\/actualizados.com.ar\/en\/wp-json\/wp\/v2\/product_cat?post=247850"},{"taxonomy":"product_tag","embeddable":true,"href":"https:\/\/actualizados.com.ar\/en\/wp-json\/wp\/v2\/product_tag?post=247850"}],"curies":[{"name":"wp","href":"https:\/\/api.w.org\/{rel}","templated":true}]}}