{"id":248286,"date":"2025-08-05T18:24:55","date_gmt":"2025-08-05T21:24:55","guid":{"rendered":"https:\/\/actualizados.com.ar\/?post_type=product&#038;p=248286"},"modified":"2026-01-03T09:36:01","modified_gmt":"2026-01-03T12:36:01","slug":"sensibel-en-el-bosque-azul-la-historia-de-una-conejita-altamente-sensible","status":"publish","type":"product","link":"https:\/\/actualizados.com.ar\/en\/product\/sensibel-en-el-bosque-azul-la-historia-de-una-conejita-altamente-sensible\/","title":{"rendered":"SENSIBEL EN EL BOSQUE AZUL &#8211; La historia de una conejita altamente sensible"},"content":{"rendered":"","protected":false},"excerpt":{"rendered":"<p>Sensibel es una peque\u00f1a coneja que vive en el Bosque Azul. Tiene una personalidad Altamente Sensible que le permite percibir y disfrutar de todo lo que la rodea de una forma muy particular e intensa.<\/p>\n<p>Sus sentidos son como radares siempre en alerta y puede percibir detalles que otros no consiguen detectar.<\/p>\n<p>Estar siempre tan atenta a todo, y a todos, puede provocarle, con frecuencia, un estado de gran agotamiento.<\/p>\n<p>En esas ocasiones se siente abrumada por los est\u00edmulos externos, por sus pensamientos y emociones. A veces necesita llorar y pasar un tiempo a solas para recuperarse.<\/p>\n<p>Sin embargo, descubrir\u00e1 que la sensibilidad es un don que puede abrazar.<\/p>\n<p>Junto a Canela, su mejor amiga y otros habitantes del Bosque vivir\u00e1n una aventura muy especial.<\/p>\n<p>Un cuento pensado para acompa\u00f1ar a ni\u00f1as y ni\u00f1os a reconocerse en el rasgo de la Alta Sensibilidad, comprender un poco m\u00e1s de s\u00ed mismos y aprender as\u00ed a disfrutar de esta maravillosa forma de conectarse con el mundo.<\/p>\n","protected":false},"featured_media":248287,"template":"","meta":{"_acf_changed":false,"_et_pb_use_builder":"","_et_pb_old_content":"","_et_gb_content_width":""},"product_brand":[],"product_cat":[32],"product_tag":[],"class_list":{"0":"post-248286","1":"product","2":"type-product","3":"status-publish","4":"has-post-thumbnail","6":"product_cat-libros","8":"first","9":"instock","10":"shipping-taxable","11":"purchasable","12":"product-type-simple"},"acf":[],"yoast_head":"<!-- This site is optimized with the Yoast SEO plugin v27.3 - https:\/\/yoast.com\/product\/yoast-seo-wordpress\/ -->\n<title>SENSIBEL EN EL BOSQUE AZUL - La historia de una conejita altamente sensible - Actualizados<\/title>\n<meta name=\"robots\" content=\"index, follow, max-snippet:-1, max-image-preview:large, max-video-preview:-1\" \/>\n<link rel=\"canonical\" href=\"https:\/\/actualizados.com.ar\/producto\/sensibel-en-el-bosque-azul-la-historia-de-una-conejita-altamente-sensible\/\" \/>\n<meta property=\"og:locale\" content=\"en_US\" \/>\n<meta property=\"og:type\" content=\"article\" \/>\n<meta property=\"og:title\" content=\"SENSIBEL EN EL BOSQUE AZUL - La historia de una conejita altamente sensible - Actualizados\" \/>\n<meta property=\"og:description\" content=\"Sensibel es una peque\u00f1a coneja que vive en el Bosque Azul. Tiene una personalidad Altamente Sensible que le permite percibir y disfrutar de todo lo que la rodea de una forma muy particular e intensa.  Sus sentidos son como radares siempre en alerta y puede percibir detalles que otros no consiguen detectar.  Estar siempre tan atenta a todo, y a todos, puede provocarle, con frecuencia, un estado de gran agotamiento.  En esas ocasiones se siente abrumada por los est\u00edmulos externos, por sus pensamientos y emociones. A veces necesita llorar y pasar un tiempo a solas para recuperarse.  Sin embargo, descubrir\u00e1 que la sensibilidad es un don que puede abrazar.  Junto a Canela, su mejor amiga y otros habitantes del Bosque vivir\u00e1n una aventura muy especial.  Un cuento pensado para acompa\u00f1ar a ni\u00f1as y ni\u00f1os a reconocerse en el rasgo de la Alta Sensibilidad, comprender un poco m\u00e1s de s\u00ed mismos y aprender as\u00ed a disfrutar de esta maravillosa forma de conectarse con el mundo.\" \/>\n<meta property=\"og:url\" content=\"https:\/\/actualizados.com.ar\/producto\/sensibel-en-el-bosque-azul-la-historia-de-una-conejita-altamente-sensible\/\" \/>\n<meta property=\"og:site_name\" content=\"Actualizados\" \/>\n<meta property=\"article:publisher\" content=\"https:\/\/www.facebook.com\/Actualizados.ar\/\" \/>\n<meta property=\"article:modified_time\" content=\"2026-01-03T12:36:01+00:00\" \/>\n<meta property=\"og:image\" content=\"https:\/\/actualizados.com.ar\/wp-content\/uploads\/2025\/08\/Tienda-Actualizados-5.png\" \/>\n\t<meta property=\"og:image:width\" content=\"650\" \/>\n\t<meta property=\"og:image:height\" content=\"650\" \/>\n\t<meta property=\"og:image:type\" content=\"image\/png\" \/>\n<meta name=\"twitter:card\" content=\"summary_large_image\" \/>\n<meta name=\"twitter:label1\" content=\"Est. reading time\" \/>\n\t<meta name=\"twitter:data1\" content=\"1 minute\" \/>\n<script type=\"application\/ld+json\" class=\"yoast-schema-graph\">{\"@context\":\"https:\\\/\\\/schema.org\",\"@graph\":[{\"@type\":\"WebPage\",\"@id\":\"https:\\\/\\\/actualizados.com.ar\\\/producto\\\/sensibel-en-el-bosque-azul-la-historia-de-una-conejita-altamente-sensible\\\/\",\"url\":\"https:\\\/\\\/actualizados.com.ar\\\/producto\\\/sensibel-en-el-bosque-azul-la-historia-de-una-conejita-altamente-sensible\\\/\",\"name\":\"SENSIBEL EN EL BOSQUE AZUL - La historia de una conejita altamente sensible - Actualizados\",\"isPartOf\":{\"@id\":\"https:\\\/\\\/actualizados.com.ar\\\/#website\"},\"primaryImageOfPage\":{\"@id\":\"https:\\\/\\\/actualizados.com.ar\\\/producto\\\/sensibel-en-el-bosque-azul-la-historia-de-una-conejita-altamente-sensible\\\/#primaryimage\"},\"image\":{\"@id\":\"https:\\\/\\\/actualizados.com.ar\\\/producto\\\/sensibel-en-el-bosque-azul-la-historia-de-una-conejita-altamente-sensible\\\/#primaryimage\"},\"thumbnailUrl\":\"https:\\\/\\\/actualizados.com.ar\\\/wp-content\\\/uploads\\\/2025\\\/08\\\/Tienda-Actualizados-5.png\",\"datePublished\":\"2025-08-05T21:24:55+00:00\",\"dateModified\":\"2026-01-03T12:36:01+00:00\",\"breadcrumb\":{\"@id\":\"https:\\\/\\\/actualizados.com.ar\\\/producto\\\/sensibel-en-el-bosque-azul-la-historia-de-una-conejita-altamente-sensible\\\/#breadcrumb\"},\"inLanguage\":\"en-US\",\"potentialAction\":[{\"@type\":\"ReadAction\",\"target\":[\"https:\\\/\\\/actualizados.com.ar\\\/producto\\\/sensibel-en-el-bosque-azul-la-historia-de-una-conejita-altamente-sensible\\\/\"]}]},{\"@type\":\"ImageObject\",\"inLanguage\":\"en-US\",\"@id\":\"https:\\\/\\\/actualizados.com.ar\\\/producto\\\/sensibel-en-el-bosque-azul-la-historia-de-una-conejita-altamente-sensible\\\/#primaryimage\",\"url\":\"https:\\\/\\\/actualizados.com.ar\\\/wp-content\\\/uploads\\\/2025\\\/08\\\/Tienda-Actualizados-5.png\",\"contentUrl\":\"https:\\\/\\\/actualizados.com.ar\\\/wp-content\\\/uploads\\\/2025\\\/08\\\/Tienda-Actualizados-5.png\",\"width\":650,\"height\":650},{\"@type\":\"BreadcrumbList\",\"@id\":\"https:\\\/\\\/actualizados.com.ar\\\/producto\\\/sensibel-en-el-bosque-azul-la-historia-de-una-conejita-altamente-sensible\\\/#breadcrumb\",\"itemListElement\":[{\"@type\":\"ListItem\",\"position\":1,\"name\":\"Portada\",\"item\":\"https:\\\/\\\/actualizados.com.ar\\\/en\\\/\"},{\"@type\":\"ListItem\",\"position\":2,\"name\":\"Shop\",\"item\":\"https:\\\/\\\/actualizados.com.ar\\\/en\\\/shop\\\/\"},{\"@type\":\"ListItem\",\"position\":3,\"name\":\"SENSIBEL EN EL BOSQUE AZUL &#8211; La historia de una conejita altamente sensible\"}]},{\"@type\":\"WebSite\",\"@id\":\"https:\\\/\\\/actualizados.com.ar\\\/#website\",\"url\":\"https:\\\/\\\/actualizados.com.ar\\\/\",\"name\":\"Actualizados\",\"description\":\"Cursos de autismo, neurodesarrollo y evaluaci\u00f3n\",\"publisher\":{\"@id\":\"https:\\\/\\\/actualizados.com.ar\\\/#organization\"},\"potentialAction\":[{\"@type\":\"SearchAction\",\"target\":{\"@type\":\"EntryPoint\",\"urlTemplate\":\"https:\\\/\\\/actualizados.com.ar\\\/?s={search_term_string}\"},\"query-input\":{\"@type\":\"PropertyValueSpecification\",\"valueRequired\":true,\"valueName\":\"search_term_string\"}}],\"inLanguage\":\"en-US\"},{\"@type\":\"Organization\",\"@id\":\"https:\\\/\\\/actualizados.com.ar\\\/#organization\",\"name\":\"Actualizados\",\"url\":\"https:\\\/\\\/actualizados.com.ar\\\/\",\"logo\":{\"@type\":\"ImageObject\",\"inLanguage\":\"en-US\",\"@id\":\"https:\\\/\\\/actualizados.com.ar\\\/#\\\/schema\\\/logo\\\/image\\\/\",\"url\":\"https:\\\/\\\/actualizados.com.ar\\\/wp-content\\\/uploads\\\/2024\\\/10\\\/Diseno-sin-titulo-2024-10-07T171822.151.png\",\"contentUrl\":\"https:\\\/\\\/actualizados.com.ar\\\/wp-content\\\/uploads\\\/2024\\\/10\\\/Diseno-sin-titulo-2024-10-07T171822.151.png\",\"width\":600,\"height\":220,\"caption\":\"Actualizados\"},\"image\":{\"@id\":\"https:\\\/\\\/actualizados.com.ar\\\/#\\\/schema\\\/logo\\\/image\\\/\"},\"sameAs\":[\"https:\\\/\\\/www.facebook.com\\\/Actualizados.ar\\\/\",\"https:\\\/\\\/www.instagram.com\\\/actualizados\\\/\"]}]}<\/script>\n<!-- \/ Yoast SEO plugin. -->","yoast_head_json":{"title":"SENSIBEL EN EL BOSQUE AZUL - La historia de una conejita altamente sensible - Actualizados","robots":{"index":"index","follow":"follow","max-snippet":"max-snippet:-1","max-image-preview":"max-image-preview:large","max-video-preview":"max-video-preview:-1"},"canonical":"https:\/\/actualizados.com.ar\/producto\/sensibel-en-el-bosque-azul-la-historia-de-una-conejita-altamente-sensible\/","og_locale":"en_US","og_type":"article","og_title":"SENSIBEL EN EL BOSQUE AZUL - La historia de una conejita altamente sensible - Actualizados","og_description":"Sensibel es una peque\u00f1a coneja que vive en el Bosque Azul. Tiene una personalidad Altamente Sensible que le permite percibir y disfrutar de todo lo que la rodea de una forma muy particular e intensa.  Sus sentidos son como radares siempre en alerta y puede percibir detalles que otros no consiguen detectar.  Estar siempre tan atenta a todo, y a todos, puede provocarle, con frecuencia, un estado de gran agotamiento.  En esas ocasiones se siente abrumada por los est\u00edmulos externos, por sus pensamientos y emociones. A veces necesita llorar y pasar un tiempo a solas para recuperarse.  Sin embargo, descubrir\u00e1 que la sensibilidad es un don que puede abrazar.  Junto a Canela, su mejor amiga y otros habitantes del Bosque vivir\u00e1n una aventura muy especial.  Un cuento pensado para acompa\u00f1ar a ni\u00f1as y ni\u00f1os a reconocerse en el rasgo de la Alta Sensibilidad, comprender un poco m\u00e1s de s\u00ed mismos y aprender as\u00ed a disfrutar de esta maravillosa forma de conectarse con el mundo.","og_url":"https:\/\/actualizados.com.ar\/producto\/sensibel-en-el-bosque-azul-la-historia-de-una-conejita-altamente-sensible\/","og_site_name":"Actualizados","article_publisher":"https:\/\/www.facebook.com\/Actualizados.ar\/","article_modified_time":"2026-01-03T12:36:01+00:00","og_image":[{"width":650,"height":650,"url":"https:\/\/actualizados.com.ar\/wp-content\/uploads\/2025\/08\/Tienda-Actualizados-5.png","type":"image\/png"}],"twitter_card":"summary_large_image","twitter_misc":{"Est. reading time":"1 minute"},"schema":{"@context":"https:\/\/schema.org","@graph":[{"@type":"WebPage","@id":"https:\/\/actualizados.com.ar\/producto\/sensibel-en-el-bosque-azul-la-historia-de-una-conejita-altamente-sensible\/","url":"https:\/\/actualizados.com.ar\/producto\/sensibel-en-el-bosque-azul-la-historia-de-una-conejita-altamente-sensible\/","name":"SENSIBEL EN EL BOSQUE AZUL - La historia de una conejita altamente sensible - Actualizados","isPartOf":{"@id":"https:\/\/actualizados.com.ar\/#website"},"primaryImageOfPage":{"@id":"https:\/\/actualizados.com.ar\/producto\/sensibel-en-el-bosque-azul-la-historia-de-una-conejita-altamente-sensible\/#primaryimage"},"image":{"@id":"https:\/\/actualizados.com.ar\/producto\/sensibel-en-el-bosque-azul-la-historia-de-una-conejita-altamente-sensible\/#primaryimage"},"thumbnailUrl":"https:\/\/actualizados.com.ar\/wp-content\/uploads\/2025\/08\/Tienda-Actualizados-5.png","datePublished":"2025-08-05T21:24:55+00:00","dateModified":"2026-01-03T12:36:01+00:00","breadcrumb":{"@id":"https:\/\/actualizados.com.ar\/producto\/sensibel-en-el-bosque-azul-la-historia-de-una-conejita-altamente-sensible\/#breadcrumb"},"inLanguage":"en-US","potentialAction":[{"@type":"ReadAction","target":["https:\/\/actualizados.com.ar\/producto\/sensibel-en-el-bosque-azul-la-historia-de-una-conejita-altamente-sensible\/"]}]},{"@type":"ImageObject","inLanguage":"en-US","@id":"https:\/\/actualizados.com.ar\/producto\/sensibel-en-el-bosque-azul-la-historia-de-una-conejita-altamente-sensible\/#primaryimage","url":"https:\/\/actualizados.com.ar\/wp-content\/uploads\/2025\/08\/Tienda-Actualizados-5.png","contentUrl":"https:\/\/actualizados.com.ar\/wp-content\/uploads\/2025\/08\/Tienda-Actualizados-5.png","width":650,"height":650},{"@type":"BreadcrumbList","@id":"https:\/\/actualizados.com.ar\/producto\/sensibel-en-el-bosque-azul-la-historia-de-una-conejita-altamente-sensible\/#breadcrumb","itemListElement":[{"@type":"ListItem","position":1,"name":"Portada","item":"https:\/\/actualizados.com.ar\/en\/"},{"@type":"ListItem","position":2,"name":"Shop","item":"https:\/\/actualizados.com.ar\/en\/shop\/"},{"@type":"ListItem","position":3,"name":"SENSIBEL EN EL BOSQUE AZUL &#8211; La historia de una conejita altamente sensible"}]},{"@type":"WebSite","@id":"https:\/\/actualizados.com.ar\/#website","url":"https:\/\/actualizados.com.ar\/","name":"Actualizados","description":"Cursos de autismo, neurodesarrollo y evaluaci\u00f3n","publisher":{"@id":"https:\/\/actualizados.com.ar\/#organization"},"potentialAction":[{"@type":"SearchAction","target":{"@type":"EntryPoint","urlTemplate":"https:\/\/actualizados.com.ar\/?s={search_term_string}"},"query-input":{"@type":"PropertyValueSpecification","valueRequired":true,"valueName":"search_term_string"}}],"inLanguage":"en-US"},{"@type":"Organization","@id":"https:\/\/actualizados.com.ar\/#organization","name":"Actualizados","url":"https:\/\/actualizados.com.ar\/","logo":{"@type":"ImageObject","inLanguage":"en-US","@id":"https:\/\/actualizados.com.ar\/#\/schema\/logo\/image\/","url":"https:\/\/actualizados.com.ar\/wp-content\/uploads\/2024\/10\/Diseno-sin-titulo-2024-10-07T171822.151.png","contentUrl":"https:\/\/actualizados.com.ar\/wp-content\/uploads\/2024\/10\/Diseno-sin-titulo-2024-10-07T171822.151.png","width":600,"height":220,"caption":"Actualizados"},"image":{"@id":"https:\/\/actualizados.com.ar\/#\/schema\/logo\/image\/"},"sameAs":["https:\/\/www.facebook.com\/Actualizados.ar\/","https:\/\/www.instagram.com\/actualizados\/"]}]}},"_links":{"self":[{"href":"https:\/\/actualizados.com.ar\/en\/wp-json\/wp\/v2\/product\/248286","targetHints":{"allow":["GET"]}}],"collection":[{"href":"https:\/\/actualizados.com.ar\/en\/wp-json\/wp\/v2\/product"}],"about":[{"href":"https:\/\/actualizados.com.ar\/en\/wp-json\/wp\/v2\/types\/product"}],"wp:featuredmedia":[{"embeddable":true,"href":"https:\/\/actualizados.com.ar\/en\/wp-json\/wp\/v2\/media\/248287"}],"wp:attachment":[{"href":"https:\/\/actualizados.com.ar\/en\/wp-json\/wp\/v2\/media?parent=248286"}],"wp:term":[{"taxonomy":"product_brand","embeddable":true,"href":"https:\/\/actualizados.com.ar\/en\/wp-json\/wp\/v2\/product_brand?post=248286"},{"taxonomy":"product_cat","embeddable":true,"href":"https:\/\/actualizados.com.ar\/en\/wp-json\/wp\/v2\/product_cat?post=248286"},{"taxonomy":"product_tag","embeddable":true,"href":"https:\/\/actualizados.com.ar\/en\/wp-json\/wp\/v2\/product_tag?post=248286"}],"curies":[{"name":"wp","href":"https:\/\/api.w.org\/{rel}","templated":true}]}}