{"id":276,"date":"2024-09-04T15:14:49","date_gmt":"2024-09-04T15:14:49","guid":{"rendered":"https:\/\/actualizados.com.ar\/?post_type=product&#038;p=276"},"modified":"2026-02-09T13:21:45","modified_gmt":"2026-02-09T16:21:45","slug":"manitas-exploradoras-y-activas","status":"publish","type":"product","link":"https:\/\/actualizados.com.ar\/en\/product\/manitas-exploradoras-y-activas\/","title":{"rendered":"Manitas exploradoras y activas"},"content":{"rendered":"","protected":false},"excerpt":{"rendered":"<div>Ya lleg\u00f3 el \u00faltimo libro de<span style=\"color: #0000ff;\">\u00a0Anabel Cornago<\/span>\u00a0<b>Manitas exploradoras y activas<\/b>\u00a0que se public\u00f3 hace poco tiempo y ya\u00a0 es un imprescindible.<\/div>\n<div>\n<p>Datos:<\/p>\n<p>\u00b7 \u00a0 \u00a0 \u00a0 \u00a0172 p\u00e1ginas a todo color<br \/>\n\u00b7 \u00a0 \u00a0 \u00a0 \u00a0Textos y juegos de Anabel Cornago<br \/>\n\u00b7 \u00a0 \u00a0 \u00a0 \u00a0Ilustraciones y pictogramas de Maite Navarro<br \/>\n\u00b7 \u00a0 \u00a0 \u00a0 \u00a0Estrategias de intervenci\u00f3n<br \/>\n\u00b7 \u00a0 \u00a0 \u00a0 \u00a0M\u00e1s de 300 actividades descritas paso a paso<br \/>\n\u00b7 \u00a0 \u00a0 \u00a0 \u00a0Recetas sensoriales<br \/>\n\u00b7 \u00a0 \u00a0 \u00a0 \u00a0Manualidades<br \/>\n\u00b7 \u00a0 \u00a0 \u00a0 \u00a0Planificador semanal<\/p>\n<\/div>\n<div><\/div>\n<div><\/div>\n<div>Los medios de pago son transferencia\u00a0o Mercadopago si est\u00e1s en Argentina y Paypal desde el exterior.<\/div>\n<div>Hacemos env\u00edos a toda Argentina y paises de Am\u00e9rica.<\/div>\n","protected":false},"featured_media":1694,"template":"","meta":{"_acf_changed":false,"_et_pb_use_builder":"","_et_pb_old_content":"","_et_gb_content_width":""},"product_brand":[],"product_cat":[32],"product_tag":[],"class_list":{"0":"post-276","1":"product","2":"type-product","3":"status-publish","4":"has-post-thumbnail","6":"product_cat-libros","8":"first","9":"instock","10":"shipping-taxable","11":"purchasable","12":"product-type-simple"},"acf":[],"yoast_head":"<!-- This site is optimized with the Yoast SEO plugin v27.6 - https:\/\/yoast.com\/product\/yoast-seo-wordpress\/ -->\n<title>Manitas exploradoras y activas - Actualizados<\/title>\n<meta name=\"robots\" content=\"index, follow, max-snippet:-1, max-image-preview:large, max-video-preview:-1\" \/>\n<link rel=\"canonical\" href=\"https:\/\/actualizados.com.ar\/en\/product\/manitas-exploradoras-y-activas\/\" \/>\n<meta property=\"og:locale\" content=\"en_US\" \/>\n<meta property=\"og:type\" content=\"article\" \/>\n<meta property=\"og:title\" content=\"Manitas exploradoras y activas - Actualizados\" \/>\n<meta property=\"og:description\" content=\"Ya lleg\u00f3 el \u00faltimo libro de\u00a0Anabel Cornago\u00a0Manitas exploradoras y activas\u00a0que se public\u00f3 hace poco tiempo y ya\u00a0 es un imprescindible.   Datos:  \u00b7 \u00a0 \u00a0 \u00a0 \u00a0172 p\u00e1ginas a todo color \u00b7 \u00a0 \u00a0 \u00a0 \u00a0Textos y juegos de Anabel Cornago \u00b7 \u00a0 \u00a0 \u00a0 \u00a0Ilustraciones y pictogramas de Maite Navarro \u00b7 \u00a0 \u00a0 \u00a0 \u00a0Estrategias de intervenci\u00f3n \u00b7 \u00a0 \u00a0 \u00a0 \u00a0M\u00e1s de 300 actividades descritas paso a paso \u00b7 \u00a0 \u00a0 \u00a0 \u00a0Recetas sensoriales \u00b7 \u00a0 \u00a0 \u00a0 \u00a0Manualidades \u00b7 \u00a0 \u00a0 \u00a0 \u00a0Planificador semanal     Los medios de pago son transferencia\u00a0o Mercadopago si est\u00e1s en Argentina y Paypal desde el exterior. Hacemos env\u00edos a toda Argentina y paises de Am\u00e9rica.\" \/>\n<meta property=\"og:url\" content=\"https:\/\/actualizados.com.ar\/en\/product\/manitas-exploradoras-y-activas\/\" \/>\n<meta property=\"og:site_name\" content=\"Actualizados\" \/>\n<meta property=\"article:publisher\" content=\"https:\/\/www.facebook.com\/Actualizados.ar\/\" \/>\n<meta property=\"article:modified_time\" content=\"2026-02-09T16:21:45+00:00\" \/>\n<meta property=\"og:image\" content=\"https:\/\/actualizados.com.ar\/wp-content\/uploads\/2024\/10\/Captura-de-pantalla-2023-08-23-172744.png\" \/>\n\t<meta property=\"og:image:width\" content=\"487\" \/>\n\t<meta property=\"og:image:height\" content=\"692\" \/>\n\t<meta property=\"og:image:type\" content=\"image\/png\" \/>\n<meta name=\"twitter:card\" content=\"summary_large_image\" \/>\n<meta name=\"twitter:label1\" content=\"Est. reading time\" \/>\n\t<meta name=\"twitter:data1\" content=\"1 minute\" \/>\n<script type=\"application\/ld+json\" class=\"yoast-schema-graph\">{\"@context\":\"https:\\\/\\\/schema.org\",\"@graph\":[{\"@type\":\"WebPage\",\"@id\":\"https:\\\/\\\/actualizados.com.ar\\\/en\\\/product\\\/manitas-exploradoras-y-activas\\\/\",\"url\":\"https:\\\/\\\/actualizados.com.ar\\\/en\\\/product\\\/manitas-exploradoras-y-activas\\\/\",\"name\":\"Manitas exploradoras y activas - Actualizados\",\"isPartOf\":{\"@id\":\"https:\\\/\\\/actualizados.com.ar\\\/en\\\/#website\"},\"primaryImageOfPage\":{\"@id\":\"https:\\\/\\\/actualizados.com.ar\\\/en\\\/product\\\/manitas-exploradoras-y-activas\\\/#primaryimage\"},\"image\":{\"@id\":\"https:\\\/\\\/actualizados.com.ar\\\/en\\\/product\\\/manitas-exploradoras-y-activas\\\/#primaryimage\"},\"thumbnailUrl\":\"https:\\\/\\\/actualizados.com.ar\\\/wp-content\\\/uploads\\\/2024\\\/10\\\/Captura-de-pantalla-2023-08-23-172744.png\",\"datePublished\":\"2024-09-04T15:14:49+00:00\",\"dateModified\":\"2026-02-09T16:21:45+00:00\",\"breadcrumb\":{\"@id\":\"https:\\\/\\\/actualizados.com.ar\\\/en\\\/product\\\/manitas-exploradoras-y-activas\\\/#breadcrumb\"},\"inLanguage\":\"en-US\",\"potentialAction\":[{\"@type\":\"ReadAction\",\"target\":[\"https:\\\/\\\/actualizados.com.ar\\\/en\\\/product\\\/manitas-exploradoras-y-activas\\\/\"]}]},{\"@type\":\"ImageObject\",\"inLanguage\":\"en-US\",\"@id\":\"https:\\\/\\\/actualizados.com.ar\\\/en\\\/product\\\/manitas-exploradoras-y-activas\\\/#primaryimage\",\"url\":\"https:\\\/\\\/actualizados.com.ar\\\/wp-content\\\/uploads\\\/2024\\\/10\\\/Captura-de-pantalla-2023-08-23-172744.png\",\"contentUrl\":\"https:\\\/\\\/actualizados.com.ar\\\/wp-content\\\/uploads\\\/2024\\\/10\\\/Captura-de-pantalla-2023-08-23-172744.png\",\"width\":487,\"height\":692},{\"@type\":\"BreadcrumbList\",\"@id\":\"https:\\\/\\\/actualizados.com.ar\\\/en\\\/product\\\/manitas-exploradoras-y-activas\\\/#breadcrumb\",\"itemListElement\":[{\"@type\":\"ListItem\",\"position\":1,\"name\":\"Portada\",\"item\":\"https:\\\/\\\/actualizados.com.ar\\\/en\\\/\"},{\"@type\":\"ListItem\",\"position\":2,\"name\":\"Shop\",\"item\":\"https:\\\/\\\/actualizados.com.ar\\\/en\\\/shop\\\/\"},{\"@type\":\"ListItem\",\"position\":3,\"name\":\"Manitas exploradoras y activas\"}]},{\"@type\":\"WebSite\",\"@id\":\"https:\\\/\\\/actualizados.com.ar\\\/en\\\/#website\",\"url\":\"https:\\\/\\\/actualizados.com.ar\\\/en\\\/\",\"name\":\"Actualizados\",\"description\":\"Cursos de autismo, neurodesarrollo y evaluaci\u00f3n\",\"publisher\":{\"@id\":\"https:\\\/\\\/actualizados.com.ar\\\/en\\\/#organization\"},\"potentialAction\":[{\"@type\":\"SearchAction\",\"target\":{\"@type\":\"EntryPoint\",\"urlTemplate\":\"https:\\\/\\\/actualizados.com.ar\\\/en\\\/?s={search_term_string}\"},\"query-input\":{\"@type\":\"PropertyValueSpecification\",\"valueRequired\":true,\"valueName\":\"search_term_string\"}}],\"inLanguage\":\"en-US\"},{\"@type\":\"Organization\",\"@id\":\"https:\\\/\\\/actualizados.com.ar\\\/en\\\/#organization\",\"name\":\"Actualizados\",\"url\":\"https:\\\/\\\/actualizados.com.ar\\\/en\\\/\",\"logo\":{\"@type\":\"ImageObject\",\"inLanguage\":\"en-US\",\"@id\":\"https:\\\/\\\/actualizados.com.ar\\\/en\\\/#\\\/schema\\\/logo\\\/image\\\/\",\"url\":\"https:\\\/\\\/actualizados.com.ar\\\/wp-content\\\/uploads\\\/2024\\\/10\\\/Diseno-sin-titulo-2024-10-07T171822.151.png\",\"contentUrl\":\"https:\\\/\\\/actualizados.com.ar\\\/wp-content\\\/uploads\\\/2024\\\/10\\\/Diseno-sin-titulo-2024-10-07T171822.151.png\",\"width\":600,\"height\":220,\"caption\":\"Actualizados\"},\"image\":{\"@id\":\"https:\\\/\\\/actualizados.com.ar\\\/en\\\/#\\\/schema\\\/logo\\\/image\\\/\"},\"sameAs\":[\"https:\\\/\\\/www.facebook.com\\\/Actualizados.ar\\\/\",\"https:\\\/\\\/www.instagram.com\\\/actualizados\\\/\"]}]}<\/script>\n<!-- \/ Yoast SEO plugin. -->","yoast_head_json":{"title":"Manitas exploradoras y activas - Actualizados","robots":{"index":"index","follow":"follow","max-snippet":"max-snippet:-1","max-image-preview":"max-image-preview:large","max-video-preview":"max-video-preview:-1"},"canonical":"https:\/\/actualizados.com.ar\/en\/product\/manitas-exploradoras-y-activas\/","og_locale":"en_US","og_type":"article","og_title":"Manitas exploradoras y activas - Actualizados","og_description":"Ya lleg\u00f3 el \u00faltimo libro de\u00a0Anabel Cornago\u00a0Manitas exploradoras y activas\u00a0que se public\u00f3 hace poco tiempo y ya\u00a0 es un imprescindible.   Datos:  \u00b7 \u00a0 \u00a0 \u00a0 \u00a0172 p\u00e1ginas a todo color \u00b7 \u00a0 \u00a0 \u00a0 \u00a0Textos y juegos de Anabel Cornago \u00b7 \u00a0 \u00a0 \u00a0 \u00a0Ilustraciones y pictogramas de Maite Navarro \u00b7 \u00a0 \u00a0 \u00a0 \u00a0Estrategias de intervenci\u00f3n \u00b7 \u00a0 \u00a0 \u00a0 \u00a0M\u00e1s de 300 actividades descritas paso a paso \u00b7 \u00a0 \u00a0 \u00a0 \u00a0Recetas sensoriales \u00b7 \u00a0 \u00a0 \u00a0 \u00a0Manualidades \u00b7 \u00a0 \u00a0 \u00a0 \u00a0Planificador semanal     Los medios de pago son transferencia\u00a0o Mercadopago si est\u00e1s en Argentina y Paypal desde el exterior. Hacemos env\u00edos a toda Argentina y paises de Am\u00e9rica.","og_url":"https:\/\/actualizados.com.ar\/en\/product\/manitas-exploradoras-y-activas\/","og_site_name":"Actualizados","article_publisher":"https:\/\/www.facebook.com\/Actualizados.ar\/","article_modified_time":"2026-02-09T16:21:45+00:00","og_image":[{"width":487,"height":692,"url":"https:\/\/actualizados.com.ar\/wp-content\/uploads\/2024\/10\/Captura-de-pantalla-2023-08-23-172744.png","type":"image\/png"}],"twitter_card":"summary_large_image","twitter_misc":{"Est. reading time":"1 minute"},"schema":{"@context":"https:\/\/schema.org","@graph":[{"@type":"WebPage","@id":"https:\/\/actualizados.com.ar\/en\/product\/manitas-exploradoras-y-activas\/","url":"https:\/\/actualizados.com.ar\/en\/product\/manitas-exploradoras-y-activas\/","name":"Manitas exploradoras y activas - Actualizados","isPartOf":{"@id":"https:\/\/actualizados.com.ar\/en\/#website"},"primaryImageOfPage":{"@id":"https:\/\/actualizados.com.ar\/en\/product\/manitas-exploradoras-y-activas\/#primaryimage"},"image":{"@id":"https:\/\/actualizados.com.ar\/en\/product\/manitas-exploradoras-y-activas\/#primaryimage"},"thumbnailUrl":"https:\/\/actualizados.com.ar\/wp-content\/uploads\/2024\/10\/Captura-de-pantalla-2023-08-23-172744.png","datePublished":"2024-09-04T15:14:49+00:00","dateModified":"2026-02-09T16:21:45+00:00","breadcrumb":{"@id":"https:\/\/actualizados.com.ar\/en\/product\/manitas-exploradoras-y-activas\/#breadcrumb"},"inLanguage":"en-US","potentialAction":[{"@type":"ReadAction","target":["https:\/\/actualizados.com.ar\/en\/product\/manitas-exploradoras-y-activas\/"]}]},{"@type":"ImageObject","inLanguage":"en-US","@id":"https:\/\/actualizados.com.ar\/en\/product\/manitas-exploradoras-y-activas\/#primaryimage","url":"https:\/\/actualizados.com.ar\/wp-content\/uploads\/2024\/10\/Captura-de-pantalla-2023-08-23-172744.png","contentUrl":"https:\/\/actualizados.com.ar\/wp-content\/uploads\/2024\/10\/Captura-de-pantalla-2023-08-23-172744.png","width":487,"height":692},{"@type":"BreadcrumbList","@id":"https:\/\/actualizados.com.ar\/en\/product\/manitas-exploradoras-y-activas\/#breadcrumb","itemListElement":[{"@type":"ListItem","position":1,"name":"Portada","item":"https:\/\/actualizados.com.ar\/en\/"},{"@type":"ListItem","position":2,"name":"Shop","item":"https:\/\/actualizados.com.ar\/en\/shop\/"},{"@type":"ListItem","position":3,"name":"Manitas exploradoras y activas"}]},{"@type":"WebSite","@id":"https:\/\/actualizados.com.ar\/en\/#website","url":"https:\/\/actualizados.com.ar\/en\/","name":"Actualizados","description":"Cursos de autismo, neurodesarrollo y evaluaci\u00f3n","publisher":{"@id":"https:\/\/actualizados.com.ar\/en\/#organization"},"potentialAction":[{"@type":"SearchAction","target":{"@type":"EntryPoint","urlTemplate":"https:\/\/actualizados.com.ar\/en\/?s={search_term_string}"},"query-input":{"@type":"PropertyValueSpecification","valueRequired":true,"valueName":"search_term_string"}}],"inLanguage":"en-US"},{"@type":"Organization","@id":"https:\/\/actualizados.com.ar\/en\/#organization","name":"Actualizados","url":"https:\/\/actualizados.com.ar\/en\/","logo":{"@type":"ImageObject","inLanguage":"en-US","@id":"https:\/\/actualizados.com.ar\/en\/#\/schema\/logo\/image\/","url":"https:\/\/actualizados.com.ar\/wp-content\/uploads\/2024\/10\/Diseno-sin-titulo-2024-10-07T171822.151.png","contentUrl":"https:\/\/actualizados.com.ar\/wp-content\/uploads\/2024\/10\/Diseno-sin-titulo-2024-10-07T171822.151.png","width":600,"height":220,"caption":"Actualizados"},"image":{"@id":"https:\/\/actualizados.com.ar\/en\/#\/schema\/logo\/image\/"},"sameAs":["https:\/\/www.facebook.com\/Actualizados.ar\/","https:\/\/www.instagram.com\/actualizados\/"]}]}},"_links":{"self":[{"href":"https:\/\/actualizados.com.ar\/en\/wp-json\/wp\/v2\/product\/276","targetHints":{"allow":["GET"]}}],"collection":[{"href":"https:\/\/actualizados.com.ar\/en\/wp-json\/wp\/v2\/product"}],"about":[{"href":"https:\/\/actualizados.com.ar\/en\/wp-json\/wp\/v2\/types\/product"}],"wp:featuredmedia":[{"embeddable":true,"href":"https:\/\/actualizados.com.ar\/en\/wp-json\/wp\/v2\/media\/1694"}],"wp:attachment":[{"href":"https:\/\/actualizados.com.ar\/en\/wp-json\/wp\/v2\/media?parent=276"}],"wp:term":[{"taxonomy":"product_brand","embeddable":true,"href":"https:\/\/actualizados.com.ar\/en\/wp-json\/wp\/v2\/product_brand?post=276"},{"taxonomy":"product_cat","embeddable":true,"href":"https:\/\/actualizados.com.ar\/en\/wp-json\/wp\/v2\/product_cat?post=276"},{"taxonomy":"product_tag","embeddable":true,"href":"https:\/\/actualizados.com.ar\/en\/wp-json\/wp\/v2\/product_tag?post=276"}],"curies":[{"name":"wp","href":"https:\/\/api.w.org\/{rel}","templated":true}]}}