{"id":277,"date":"2024-09-04T15:14:49","date_gmt":"2024-09-04T15:14:49","guid":{"rendered":"https:\/\/actualizados.com.ar\/?post_type=product&#038;p=277"},"modified":"2026-02-09T13:03:55","modified_gmt":"2026-02-09T16:03:55","slug":"seres-humanos-unicos-2da-edicion","status":"publish","type":"product","link":"https:\/\/actualizados.com.ar\/en\/product\/seres-humanos-unicos-2da-edicion\/","title":{"rendered":"Seres Humanos \u00fanicos &#8211; 2da edici\u00f3n"},"content":{"rendered":"","protected":false},"excerpt":{"rendered":"<p>Un excelente libro que ense\u00f1a lo que es el autismo y c\u00f3mo las personas con autismo pueden ser ayudadas a crecer sobre sus fortalezas y obtener una mayor comprensi\u00f3n social. El enfoque del profesor Prizant muestra una orientaci\u00f3n pr\u00e1ctica muy \u00fatil para familias y profesores. Refrescantemente flexible y en absoluto dogm\u00e1tico.\u00bb Profesor sir Michael Rutter, psiquiatra infantil, Institute of Psychiatry, Psychology and Neuroscience, King&#8217;s College de Londres<\/p>\n<p>Ganador del premio Temple Grandin, concedido por la prestigiosa Autism Society de Estados Unidos, el doctor Barry M. Prizant lleva a cabo en <em>Seres humanos \u00fanicos<\/em> un acercamiento riguroso, personal y muy humano a todas las vertientes del autismo. Prizant presenta con suma sensibilidad un nuevo enfoque (SCERTS) centrado en la intervenci\u00f3n integral, basado en hechos, para ni\u00f1os y personas mayores con alg\u00fan Trastorno del Espectro del Autismo (TEA) y para sus familias. Un libro repleto de experiencias y testimonios en el que la voz del especialista y de los pacientes cobran una vida com\u00fan, donde el aprendizaje constante y el desarrollo de las relaciones humanas adquieren una importancia fundamental. Como Prizant sostiene, \u00abel autismo no es una enfermedad. Es una manera diferente de ser humano\u00bb.<\/p>\n<p>Esta nueva edici\u00f3n, cuidadosamente revisada y ampliada teniendo en cuenta los m\u00e1s recientes avances en el campo, cuenta tambi\u00e9n con la perspectiva aportada por aquellos pacientes, familiares y profesionales que leyeron su primera versi\u00f3n, siempre buscando afinar la comprensi\u00f3n y el cuidado de las personas con TEA.<\/p>\n","protected":false},"featured_media":248282,"template":"","meta":{"_acf_changed":false,"_et_pb_use_builder":"","_et_pb_old_content":"","_et_gb_content_width":""},"product_brand":[],"product_cat":[32],"product_tag":[],"class_list":{"0":"post-277","1":"product","2":"type-product","3":"status-publish","4":"has-post-thumbnail","6":"product_cat-libros","8":"first","9":"instock","10":"shipping-taxable","11":"purchasable","12":"product-type-simple"},"acf":[],"yoast_head":"<!-- This site is optimized with the Yoast SEO plugin v27.5 - https:\/\/yoast.com\/product\/yoast-seo-wordpress\/ -->\n<title>Seres Humanos \u00fanicos - 2da edici\u00f3n - Actualizados<\/title>\n<meta name=\"robots\" content=\"index, follow, max-snippet:-1, max-image-preview:large, max-video-preview:-1\" \/>\n<link rel=\"canonical\" href=\"https:\/\/actualizados.com.ar\/en\/product\/seres-humanos-unicos-2da-edicion\/\" \/>\n<meta property=\"og:locale\" content=\"en_US\" \/>\n<meta property=\"og:type\" content=\"article\" \/>\n<meta property=\"og:title\" content=\"Seres Humanos \u00fanicos - 2da edici\u00f3n - Actualizados\" \/>\n<meta property=\"og:description\" content=\"Un excelente libro que ense\u00f1a lo que es el autismo y c\u00f3mo las personas con autismo pueden ser ayudadas a crecer sobre sus fortalezas y obtener una mayor comprensi\u00f3n social. El enfoque del profesor Prizant muestra una orientaci\u00f3n pr\u00e1ctica muy \u00fatil para familias y profesores. Refrescantemente flexible y en absoluto dogm\u00e1tico.\u00bb Profesor sir Michael Rutter, psiquiatra infantil, Institute of Psychiatry, Psychology and Neuroscience, King&#039;s College de Londres  Ganador del premio Temple Grandin, concedido por la prestigiosa Autism Society de Estados Unidos, el doctor Barry M. Prizant lleva a cabo en Seres humanos \u00fanicos un acercamiento riguroso, personal y muy humano a todas las vertientes del autismo. Prizant presenta con suma sensibilidad un nuevo enfoque (SCERTS) centrado en la intervenci\u00f3n integral, basado en hechos, para ni\u00f1os y personas mayores con alg\u00fan Trastorno del Espectro del Autismo (TEA) y para sus familias. Un libro repleto de experiencias y testimonios en el que la voz del especialista y de los pacientes cobran una vida com\u00fan, donde el aprendizaje constante y el desarrollo de las relaciones humanas adquieren una importancia fundamental. Como Prizant sostiene, \u00abel autismo no es una enfermedad. Es una manera diferente de ser humano\u00bb.  Esta nueva edici\u00f3n, cuidadosamente revisada y ampliada teniendo en cuenta los m\u00e1s recientes avances en el campo, cuenta tambi\u00e9n con la perspectiva aportada por aquellos pacientes, familiares y profesionales que leyeron su primera versi\u00f3n, siempre buscando afinar la comprensi\u00f3n y el cuidado de las personas con TEA.\" \/>\n<meta property=\"og:url\" content=\"https:\/\/actualizados.com.ar\/en\/product\/seres-humanos-unicos-2da-edicion\/\" \/>\n<meta property=\"og:site_name\" content=\"Actualizados\" \/>\n<meta property=\"article:publisher\" content=\"https:\/\/www.facebook.com\/Actualizados.ar\/\" \/>\n<meta property=\"article:modified_time\" content=\"2026-02-09T16:03:55+00:00\" \/>\n<meta property=\"og:image\" content=\"https:\/\/actualizados.com.ar\/wp-content\/uploads\/2025\/07\/Tienda-Actualizados-2.png\" \/>\n\t<meta property=\"og:image:width\" content=\"650\" \/>\n\t<meta property=\"og:image:height\" content=\"650\" \/>\n\t<meta property=\"og:image:type\" content=\"image\/png\" \/>\n<meta name=\"twitter:card\" content=\"summary_large_image\" \/>\n<meta name=\"twitter:label1\" content=\"Est. reading time\" \/>\n\t<meta name=\"twitter:data1\" content=\"1 minute\" \/>\n<script type=\"application\/ld+json\" class=\"yoast-schema-graph\">{\"@context\":\"https:\\\/\\\/schema.org\",\"@graph\":[{\"@type\":\"WebPage\",\"@id\":\"https:\\\/\\\/actualizados.com.ar\\\/en\\\/product\\\/seres-humanos-unicos-2da-edicion\\\/\",\"url\":\"https:\\\/\\\/actualizados.com.ar\\\/en\\\/product\\\/seres-humanos-unicos-2da-edicion\\\/\",\"name\":\"Seres Humanos \u00fanicos - 2da edici\u00f3n - Actualizados\",\"isPartOf\":{\"@id\":\"https:\\\/\\\/actualizados.com.ar\\\/en\\\/#website\"},\"primaryImageOfPage\":{\"@id\":\"https:\\\/\\\/actualizados.com.ar\\\/en\\\/product\\\/seres-humanos-unicos-2da-edicion\\\/#primaryimage\"},\"image\":{\"@id\":\"https:\\\/\\\/actualizados.com.ar\\\/en\\\/product\\\/seres-humanos-unicos-2da-edicion\\\/#primaryimage\"},\"thumbnailUrl\":\"https:\\\/\\\/actualizados.com.ar\\\/wp-content\\\/uploads\\\/2025\\\/07\\\/Tienda-Actualizados-2.png\",\"datePublished\":\"2024-09-04T15:14:49+00:00\",\"dateModified\":\"2026-02-09T16:03:55+00:00\",\"breadcrumb\":{\"@id\":\"https:\\\/\\\/actualizados.com.ar\\\/en\\\/product\\\/seres-humanos-unicos-2da-edicion\\\/#breadcrumb\"},\"inLanguage\":\"en-US\",\"potentialAction\":[{\"@type\":\"ReadAction\",\"target\":[\"https:\\\/\\\/actualizados.com.ar\\\/en\\\/product\\\/seres-humanos-unicos-2da-edicion\\\/\"]}]},{\"@type\":\"ImageObject\",\"inLanguage\":\"en-US\",\"@id\":\"https:\\\/\\\/actualizados.com.ar\\\/en\\\/product\\\/seres-humanos-unicos-2da-edicion\\\/#primaryimage\",\"url\":\"https:\\\/\\\/actualizados.com.ar\\\/wp-content\\\/uploads\\\/2025\\\/07\\\/Tienda-Actualizados-2.png\",\"contentUrl\":\"https:\\\/\\\/actualizados.com.ar\\\/wp-content\\\/uploads\\\/2025\\\/07\\\/Tienda-Actualizados-2.png\",\"width\":650,\"height\":650},{\"@type\":\"BreadcrumbList\",\"@id\":\"https:\\\/\\\/actualizados.com.ar\\\/en\\\/product\\\/seres-humanos-unicos-2da-edicion\\\/#breadcrumb\",\"itemListElement\":[{\"@type\":\"ListItem\",\"position\":1,\"name\":\"Portada\",\"item\":\"https:\\\/\\\/actualizados.com.ar\\\/en\\\/\"},{\"@type\":\"ListItem\",\"position\":2,\"name\":\"Shop\",\"item\":\"https:\\\/\\\/actualizados.com.ar\\\/en\\\/shop\\\/\"},{\"@type\":\"ListItem\",\"position\":3,\"name\":\"Seres Humanos \u00fanicos &#8211; 2da edici\u00f3n\"}]},{\"@type\":\"WebSite\",\"@id\":\"https:\\\/\\\/actualizados.com.ar\\\/en\\\/#website\",\"url\":\"https:\\\/\\\/actualizados.com.ar\\\/en\\\/\",\"name\":\"Actualizados\",\"description\":\"Cursos de autismo, neurodesarrollo y evaluaci\u00f3n\",\"publisher\":{\"@id\":\"https:\\\/\\\/actualizados.com.ar\\\/en\\\/#organization\"},\"potentialAction\":[{\"@type\":\"SearchAction\",\"target\":{\"@type\":\"EntryPoint\",\"urlTemplate\":\"https:\\\/\\\/actualizados.com.ar\\\/en\\\/?s={search_term_string}\"},\"query-input\":{\"@type\":\"PropertyValueSpecification\",\"valueRequired\":true,\"valueName\":\"search_term_string\"}}],\"inLanguage\":\"en-US\"},{\"@type\":\"Organization\",\"@id\":\"https:\\\/\\\/actualizados.com.ar\\\/en\\\/#organization\",\"name\":\"Actualizados\",\"url\":\"https:\\\/\\\/actualizados.com.ar\\\/en\\\/\",\"logo\":{\"@type\":\"ImageObject\",\"inLanguage\":\"en-US\",\"@id\":\"https:\\\/\\\/actualizados.com.ar\\\/en\\\/#\\\/schema\\\/logo\\\/image\\\/\",\"url\":\"https:\\\/\\\/actualizados.com.ar\\\/wp-content\\\/uploads\\\/2024\\\/10\\\/Diseno-sin-titulo-2024-10-07T171822.151.png\",\"contentUrl\":\"https:\\\/\\\/actualizados.com.ar\\\/wp-content\\\/uploads\\\/2024\\\/10\\\/Diseno-sin-titulo-2024-10-07T171822.151.png\",\"width\":600,\"height\":220,\"caption\":\"Actualizados\"},\"image\":{\"@id\":\"https:\\\/\\\/actualizados.com.ar\\\/en\\\/#\\\/schema\\\/logo\\\/image\\\/\"},\"sameAs\":[\"https:\\\/\\\/www.facebook.com\\\/Actualizados.ar\\\/\",\"https:\\\/\\\/www.instagram.com\\\/actualizados\\\/\"]}]}<\/script>\n<!-- \/ Yoast SEO plugin. -->","yoast_head_json":{"title":"Seres Humanos \u00fanicos - 2da edici\u00f3n - Actualizados","robots":{"index":"index","follow":"follow","max-snippet":"max-snippet:-1","max-image-preview":"max-image-preview:large","max-video-preview":"max-video-preview:-1"},"canonical":"https:\/\/actualizados.com.ar\/en\/product\/seres-humanos-unicos-2da-edicion\/","og_locale":"en_US","og_type":"article","og_title":"Seres Humanos \u00fanicos - 2da edici\u00f3n - Actualizados","og_description":"Un excelente libro que ense\u00f1a lo que es el autismo y c\u00f3mo las personas con autismo pueden ser ayudadas a crecer sobre sus fortalezas y obtener una mayor comprensi\u00f3n social. El enfoque del profesor Prizant muestra una orientaci\u00f3n pr\u00e1ctica muy \u00fatil para familias y profesores. Refrescantemente flexible y en absoluto dogm\u00e1tico.\u00bb Profesor sir Michael Rutter, psiquiatra infantil, Institute of Psychiatry, Psychology and Neuroscience, King's College de Londres  Ganador del premio Temple Grandin, concedido por la prestigiosa Autism Society de Estados Unidos, el doctor Barry M. Prizant lleva a cabo en Seres humanos \u00fanicos un acercamiento riguroso, personal y muy humano a todas las vertientes del autismo. Prizant presenta con suma sensibilidad un nuevo enfoque (SCERTS) centrado en la intervenci\u00f3n integral, basado en hechos, para ni\u00f1os y personas mayores con alg\u00fan Trastorno del Espectro del Autismo (TEA) y para sus familias. Un libro repleto de experiencias y testimonios en el que la voz del especialista y de los pacientes cobran una vida com\u00fan, donde el aprendizaje constante y el desarrollo de las relaciones humanas adquieren una importancia fundamental. Como Prizant sostiene, \u00abel autismo no es una enfermedad. Es una manera diferente de ser humano\u00bb.  Esta nueva edici\u00f3n, cuidadosamente revisada y ampliada teniendo en cuenta los m\u00e1s recientes avances en el campo, cuenta tambi\u00e9n con la perspectiva aportada por aquellos pacientes, familiares y profesionales que leyeron su primera versi\u00f3n, siempre buscando afinar la comprensi\u00f3n y el cuidado de las personas con TEA.","og_url":"https:\/\/actualizados.com.ar\/en\/product\/seres-humanos-unicos-2da-edicion\/","og_site_name":"Actualizados","article_publisher":"https:\/\/www.facebook.com\/Actualizados.ar\/","article_modified_time":"2026-02-09T16:03:55+00:00","og_image":[{"width":650,"height":650,"url":"https:\/\/actualizados.com.ar\/wp-content\/uploads\/2025\/07\/Tienda-Actualizados-2.png","type":"image\/png"}],"twitter_card":"summary_large_image","twitter_misc":{"Est. reading time":"1 minute"},"schema":{"@context":"https:\/\/schema.org","@graph":[{"@type":"WebPage","@id":"https:\/\/actualizados.com.ar\/en\/product\/seres-humanos-unicos-2da-edicion\/","url":"https:\/\/actualizados.com.ar\/en\/product\/seres-humanos-unicos-2da-edicion\/","name":"Seres Humanos \u00fanicos - 2da edici\u00f3n - Actualizados","isPartOf":{"@id":"https:\/\/actualizados.com.ar\/en\/#website"},"primaryImageOfPage":{"@id":"https:\/\/actualizados.com.ar\/en\/product\/seres-humanos-unicos-2da-edicion\/#primaryimage"},"image":{"@id":"https:\/\/actualizados.com.ar\/en\/product\/seres-humanos-unicos-2da-edicion\/#primaryimage"},"thumbnailUrl":"https:\/\/actualizados.com.ar\/wp-content\/uploads\/2025\/07\/Tienda-Actualizados-2.png","datePublished":"2024-09-04T15:14:49+00:00","dateModified":"2026-02-09T16:03:55+00:00","breadcrumb":{"@id":"https:\/\/actualizados.com.ar\/en\/product\/seres-humanos-unicos-2da-edicion\/#breadcrumb"},"inLanguage":"en-US","potentialAction":[{"@type":"ReadAction","target":["https:\/\/actualizados.com.ar\/en\/product\/seres-humanos-unicos-2da-edicion\/"]}]},{"@type":"ImageObject","inLanguage":"en-US","@id":"https:\/\/actualizados.com.ar\/en\/product\/seres-humanos-unicos-2da-edicion\/#primaryimage","url":"https:\/\/actualizados.com.ar\/wp-content\/uploads\/2025\/07\/Tienda-Actualizados-2.png","contentUrl":"https:\/\/actualizados.com.ar\/wp-content\/uploads\/2025\/07\/Tienda-Actualizados-2.png","width":650,"height":650},{"@type":"BreadcrumbList","@id":"https:\/\/actualizados.com.ar\/en\/product\/seres-humanos-unicos-2da-edicion\/#breadcrumb","itemListElement":[{"@type":"ListItem","position":1,"name":"Portada","item":"https:\/\/actualizados.com.ar\/en\/"},{"@type":"ListItem","position":2,"name":"Shop","item":"https:\/\/actualizados.com.ar\/en\/shop\/"},{"@type":"ListItem","position":3,"name":"Seres Humanos \u00fanicos &#8211; 2da edici\u00f3n"}]},{"@type":"WebSite","@id":"https:\/\/actualizados.com.ar\/en\/#website","url":"https:\/\/actualizados.com.ar\/en\/","name":"Actualizados","description":"Cursos de autismo, neurodesarrollo y evaluaci\u00f3n","publisher":{"@id":"https:\/\/actualizados.com.ar\/en\/#organization"},"potentialAction":[{"@type":"SearchAction","target":{"@type":"EntryPoint","urlTemplate":"https:\/\/actualizados.com.ar\/en\/?s={search_term_string}"},"query-input":{"@type":"PropertyValueSpecification","valueRequired":true,"valueName":"search_term_string"}}],"inLanguage":"en-US"},{"@type":"Organization","@id":"https:\/\/actualizados.com.ar\/en\/#organization","name":"Actualizados","url":"https:\/\/actualizados.com.ar\/en\/","logo":{"@type":"ImageObject","inLanguage":"en-US","@id":"https:\/\/actualizados.com.ar\/en\/#\/schema\/logo\/image\/","url":"https:\/\/actualizados.com.ar\/wp-content\/uploads\/2024\/10\/Diseno-sin-titulo-2024-10-07T171822.151.png","contentUrl":"https:\/\/actualizados.com.ar\/wp-content\/uploads\/2024\/10\/Diseno-sin-titulo-2024-10-07T171822.151.png","width":600,"height":220,"caption":"Actualizados"},"image":{"@id":"https:\/\/actualizados.com.ar\/en\/#\/schema\/logo\/image\/"},"sameAs":["https:\/\/www.facebook.com\/Actualizados.ar\/","https:\/\/www.instagram.com\/actualizados\/"]}]}},"_links":{"self":[{"href":"https:\/\/actualizados.com.ar\/en\/wp-json\/wp\/v2\/product\/277","targetHints":{"allow":["GET"]}}],"collection":[{"href":"https:\/\/actualizados.com.ar\/en\/wp-json\/wp\/v2\/product"}],"about":[{"href":"https:\/\/actualizados.com.ar\/en\/wp-json\/wp\/v2\/types\/product"}],"wp:featuredmedia":[{"embeddable":true,"href":"https:\/\/actualizados.com.ar\/en\/wp-json\/wp\/v2\/media\/248282"}],"wp:attachment":[{"href":"https:\/\/actualizados.com.ar\/en\/wp-json\/wp\/v2\/media?parent=277"}],"wp:term":[{"taxonomy":"product_brand","embeddable":true,"href":"https:\/\/actualizados.com.ar\/en\/wp-json\/wp\/v2\/product_brand?post=277"},{"taxonomy":"product_cat","embeddable":true,"href":"https:\/\/actualizados.com.ar\/en\/wp-json\/wp\/v2\/product_cat?post=277"},{"taxonomy":"product_tag","embeddable":true,"href":"https:\/\/actualizados.com.ar\/en\/wp-json\/wp\/v2\/product_tag?post=277"}],"curies":[{"name":"wp","href":"https:\/\/api.w.org\/{rel}","templated":true}]}}