{"id":297,"date":"2024-09-04T15:15:16","date_gmt":"2024-09-04T15:15:16","guid":{"rendered":"https:\/\/actualizados.com.ar\/?post_type=product&#038;p=297"},"modified":"2026-02-18T18:00:44","modified_gmt":"2026-02-18T21:00:44","slug":"terapia-basada-en-lego-novedad","status":"publish","type":"product","link":"https:\/\/actualizados.com.ar\/en\/product\/terapia-basada-en-lego-novedad\/","title":{"rendered":"Terapia basada en Lego \u00a1Novedad!"},"content":{"rendered":"","protected":false},"excerpt":{"rendered":"<p style=\"font-weight: 400;\">Este libro tiene la intenci\u00f3n de ser una versi\u00f3n m\u00e1s detallada y actualizada de LeGoff, et al., (2014)<\/p>\n<p style=\"font-weight: 400;\">Las diferencias m\u00e1s importantes entre la descripci\u00f3n actual de LBT de LeGoff, et al., son las siguientes:<\/p>\n<p style=\"font-weight: 400;\">La fundamentaci\u00f3n te\u00f3rica que implica la importancia de las experiencias infantiles de sinergia interpersonal y sociocultural para el desarrollo de la competencia social, la creatividad y la participaci\u00f3n en sistemas socioculturales se ha desarrollado, examinado y presentado en diversas publicaciones y talleres.<\/p>\n<p style=\"font-weight: 400;\">La influencia de las estrategias basadas en ABA se ha eliminado, en consonancia con la idea de que ABA se deriva de los m\u00e9todos conductuales radicales del condicionamiento instrumental u operante que son incompatibles con los modelos de sistemas sin\u00e9rgicos del desarrollo infantil, tanto te\u00f3rica como pragm\u00e1ticamente.<\/p>\n<p style=\"font-weight: 400;\">La estructura y las actividades de los grupos en s\u00ed mismos han crecido y evolucionado para incluir una mayor diversidad de roles, un \u00e9nfasis creciente en la comunicaci\u00f3n social en lugar de las actividades de LEGO en s\u00ed mismas, y un \u00e9nfasis creciente en el juego y la creatividad en lugar de las actividades dirigidas por adultos.<\/p>\n<p style=\"font-weight: 400;\">Se ha llevado a cabo una amplia gama de estudios sobre LBT desde perspectivas de investigaci\u00f3n cultural y profesionalmente diversas.<\/p>\n<p style=\"font-weight: 400;\">La metodolog\u00eda de LBT se ha utilizado con poblaciones distintas de ni\u00f1os y adolescentes autistas para incluir una gama m\u00e1s amplia de objetivos y necesidades sociales y de comunicaci\u00f3n.<\/p>\n<p style=\"font-weight: 400;\"><strong>Daniel B. LeGoff<\/strong>:\u00a0 es Psic\u00f3logo cl\u00ednico y neuropsic\u00f3logo, adem\u00e1s de investigador y defensor de las personas neurodivergentes. Se form\u00f3 en la Universidad de Winnipeg y en la Universidad Simon Fraser en Canad\u00e1 y realiz\u00f3 su formaci\u00f3n cl\u00ednica en el Wokers Compensation Rehabilitation Centre en Columbia Brit\u00e1nica, en el Northwestern Medicine en Chicago y el Queen\u2019s Medical Center de Honolulu.<\/p>\n<p style=\"font-weight: 400;\">A lo largo de su carrera ha tenido una amplia experiencia en la evaluaci\u00f3n y el tratamiento de personas neurodivergentes.<\/p>\n","protected":false},"featured_media":236145,"template":"","meta":{"_acf_changed":false,"_et_pb_use_builder":"","_et_pb_old_content":"","_et_gb_content_width":""},"product_brand":[],"product_cat":[32],"product_tag":[],"class_list":{"0":"post-297","1":"product","2":"type-product","3":"status-publish","4":"has-post-thumbnail","6":"product_cat-libros","8":"first","9":"instock","10":"featured","11":"shipping-taxable","12":"purchasable","13":"product-type-simple"},"acf":[],"yoast_head":"<!-- This site is optimized with the Yoast SEO plugin v27.5 - https:\/\/yoast.com\/product\/yoast-seo-wordpress\/ -->\n<title>Terapia basada en Lego \u00a1Novedad! - Actualizados<\/title>\n<meta name=\"robots\" content=\"index, follow, max-snippet:-1, max-image-preview:large, max-video-preview:-1\" \/>\n<link rel=\"canonical\" href=\"https:\/\/actualizados.com.ar\/en\/product\/terapia-basada-en-lego-novedad\/\" \/>\n<meta property=\"og:locale\" content=\"en_US\" \/>\n<meta property=\"og:type\" content=\"article\" \/>\n<meta property=\"og:title\" content=\"Terapia basada en Lego \u00a1Novedad! - Actualizados\" \/>\n<meta property=\"og:description\" content=\"Este libro tiene la intenci\u00f3n de ser una versi\u00f3n m\u00e1s detallada y actualizada de LeGoff, et al., (2014) Las diferencias m\u00e1s importantes entre la descripci\u00f3n actual de LBT de LeGoff, et al., son las siguientes: La fundamentaci\u00f3n te\u00f3rica que implica la importancia de las experiencias infantiles de sinergia interpersonal y sociocultural para el desarrollo de la competencia social, la creatividad y la participaci\u00f3n en sistemas socioculturales se ha desarrollado, examinado y presentado en diversas publicaciones y talleres. La influencia de las estrategias basadas en ABA se ha eliminado, en consonancia con la idea de que ABA se deriva de los m\u00e9todos conductuales radicales del condicionamiento instrumental u operante que son incompatibles con los modelos de sistemas sin\u00e9rgicos del desarrollo infantil, tanto te\u00f3rica como pragm\u00e1ticamente. La estructura y las actividades de los grupos en s\u00ed mismos han crecido y evolucionado para incluir una mayor diversidad de roles, un \u00e9nfasis creciente en la comunicaci\u00f3n social en lugar de las actividades de LEGO en s\u00ed mismas, y un \u00e9nfasis creciente en el juego y la creatividad en lugar de las actividades dirigidas por adultos. Se ha llevado a cabo una amplia gama de estudios sobre LBT desde perspectivas de investigaci\u00f3n cultural y profesionalmente diversas. La metodolog\u00eda de LBT se ha utilizado con poblaciones distintas de ni\u00f1os y adolescentes autistas para incluir una gama m\u00e1s amplia de objetivos y necesidades sociales y de comunicaci\u00f3n. Daniel B. LeGoff:\u00a0 es Psic\u00f3logo cl\u00ednico y neuropsic\u00f3logo, adem\u00e1s de investigador y defensor de las personas neurodivergentes. Se form\u00f3 en la Universidad de Winnipeg y en la Universidad Simon Fraser en Canad\u00e1 y realiz\u00f3 su formaci\u00f3n cl\u00ednica en el Wokers Compensation Rehabilitation Centre en Columbia Brit\u00e1nica, en el Northwestern Medicine en Chicago y el Queen\u2019s Medical Center de Honolulu. A lo largo de su carrera ha tenido una amplia experiencia en la evaluaci\u00f3n y el tratamiento de personas neurodivergentes.\" \/>\n<meta property=\"og:url\" content=\"https:\/\/actualizados.com.ar\/en\/product\/terapia-basada-en-lego-novedad\/\" \/>\n<meta property=\"og:site_name\" content=\"Actualizados\" \/>\n<meta property=\"article:publisher\" content=\"https:\/\/www.facebook.com\/Actualizados.ar\/\" \/>\n<meta property=\"article:modified_time\" content=\"2026-02-18T21:00:44+00:00\" \/>\n<meta property=\"og:image\" content=\"https:\/\/actualizados.com.ar\/wp-content\/uploads\/2024\/09\/Terapia-basada-en-Lego.png\" \/>\n\t<meta property=\"og:image:width\" content=\"650\" \/>\n\t<meta property=\"og:image:height\" content=\"650\" \/>\n\t<meta property=\"og:image:type\" content=\"image\/png\" \/>\n<meta name=\"twitter:card\" content=\"summary_large_image\" \/>\n<meta name=\"twitter:label1\" content=\"Est. reading time\" \/>\n\t<meta name=\"twitter:data1\" content=\"1 minute\" \/>\n<script type=\"application\/ld+json\" class=\"yoast-schema-graph\">{\"@context\":\"https:\\\/\\\/schema.org\",\"@graph\":[{\"@type\":\"WebPage\",\"@id\":\"https:\\\/\\\/actualizados.com.ar\\\/en\\\/product\\\/terapia-basada-en-lego-novedad\\\/\",\"url\":\"https:\\\/\\\/actualizados.com.ar\\\/en\\\/product\\\/terapia-basada-en-lego-novedad\\\/\",\"name\":\"Terapia basada en Lego \u00a1Novedad! - Actualizados\",\"isPartOf\":{\"@id\":\"https:\\\/\\\/actualizados.com.ar\\\/en\\\/#website\"},\"primaryImageOfPage\":{\"@id\":\"https:\\\/\\\/actualizados.com.ar\\\/en\\\/product\\\/terapia-basada-en-lego-novedad\\\/#primaryimage\"},\"image\":{\"@id\":\"https:\\\/\\\/actualizados.com.ar\\\/en\\\/product\\\/terapia-basada-en-lego-novedad\\\/#primaryimage\"},\"thumbnailUrl\":\"https:\\\/\\\/actualizados.com.ar\\\/wp-content\\\/uploads\\\/2024\\\/09\\\/Terapia-basada-en-Lego.png\",\"datePublished\":\"2024-09-04T15:15:16+00:00\",\"dateModified\":\"2026-02-18T21:00:44+00:00\",\"breadcrumb\":{\"@id\":\"https:\\\/\\\/actualizados.com.ar\\\/en\\\/product\\\/terapia-basada-en-lego-novedad\\\/#breadcrumb\"},\"inLanguage\":\"en-US\",\"potentialAction\":[{\"@type\":\"ReadAction\",\"target\":[\"https:\\\/\\\/actualizados.com.ar\\\/en\\\/product\\\/terapia-basada-en-lego-novedad\\\/\"]}]},{\"@type\":\"ImageObject\",\"inLanguage\":\"en-US\",\"@id\":\"https:\\\/\\\/actualizados.com.ar\\\/en\\\/product\\\/terapia-basada-en-lego-novedad\\\/#primaryimage\",\"url\":\"https:\\\/\\\/actualizados.com.ar\\\/wp-content\\\/uploads\\\/2024\\\/09\\\/Terapia-basada-en-Lego.png\",\"contentUrl\":\"https:\\\/\\\/actualizados.com.ar\\\/wp-content\\\/uploads\\\/2024\\\/09\\\/Terapia-basada-en-Lego.png\",\"width\":650,\"height\":650},{\"@type\":\"BreadcrumbList\",\"@id\":\"https:\\\/\\\/actualizados.com.ar\\\/en\\\/product\\\/terapia-basada-en-lego-novedad\\\/#breadcrumb\",\"itemListElement\":[{\"@type\":\"ListItem\",\"position\":1,\"name\":\"Portada\",\"item\":\"https:\\\/\\\/actualizados.com.ar\\\/en\\\/\"},{\"@type\":\"ListItem\",\"position\":2,\"name\":\"Shop\",\"item\":\"https:\\\/\\\/actualizados.com.ar\\\/en\\\/shop\\\/\"},{\"@type\":\"ListItem\",\"position\":3,\"name\":\"Terapia basada en Lego \u00a1Novedad!\"}]},{\"@type\":\"WebSite\",\"@id\":\"https:\\\/\\\/actualizados.com.ar\\\/en\\\/#website\",\"url\":\"https:\\\/\\\/actualizados.com.ar\\\/en\\\/\",\"name\":\"Actualizados\",\"description\":\"Cursos de autismo, neurodesarrollo y evaluaci\u00f3n\",\"publisher\":{\"@id\":\"https:\\\/\\\/actualizados.com.ar\\\/en\\\/#organization\"},\"potentialAction\":[{\"@type\":\"SearchAction\",\"target\":{\"@type\":\"EntryPoint\",\"urlTemplate\":\"https:\\\/\\\/actualizados.com.ar\\\/en\\\/?s={search_term_string}\"},\"query-input\":{\"@type\":\"PropertyValueSpecification\",\"valueRequired\":true,\"valueName\":\"search_term_string\"}}],\"inLanguage\":\"en-US\"},{\"@type\":\"Organization\",\"@id\":\"https:\\\/\\\/actualizados.com.ar\\\/en\\\/#organization\",\"name\":\"Actualizados\",\"url\":\"https:\\\/\\\/actualizados.com.ar\\\/en\\\/\",\"logo\":{\"@type\":\"ImageObject\",\"inLanguage\":\"en-US\",\"@id\":\"https:\\\/\\\/actualizados.com.ar\\\/en\\\/#\\\/schema\\\/logo\\\/image\\\/\",\"url\":\"https:\\\/\\\/actualizados.com.ar\\\/wp-content\\\/uploads\\\/2024\\\/10\\\/Diseno-sin-titulo-2024-10-07T171822.151.png\",\"contentUrl\":\"https:\\\/\\\/actualizados.com.ar\\\/wp-content\\\/uploads\\\/2024\\\/10\\\/Diseno-sin-titulo-2024-10-07T171822.151.png\",\"width\":600,\"height\":220,\"caption\":\"Actualizados\"},\"image\":{\"@id\":\"https:\\\/\\\/actualizados.com.ar\\\/en\\\/#\\\/schema\\\/logo\\\/image\\\/\"},\"sameAs\":[\"https:\\\/\\\/www.facebook.com\\\/Actualizados.ar\\\/\",\"https:\\\/\\\/www.instagram.com\\\/actualizados\\\/\"]}]}<\/script>\n<!-- \/ Yoast SEO plugin. -->","yoast_head_json":{"title":"Terapia basada en Lego \u00a1Novedad! - Actualizados","robots":{"index":"index","follow":"follow","max-snippet":"max-snippet:-1","max-image-preview":"max-image-preview:large","max-video-preview":"max-video-preview:-1"},"canonical":"https:\/\/actualizados.com.ar\/en\/product\/terapia-basada-en-lego-novedad\/","og_locale":"en_US","og_type":"article","og_title":"Terapia basada en Lego \u00a1Novedad! - Actualizados","og_description":"Este libro tiene la intenci\u00f3n de ser una versi\u00f3n m\u00e1s detallada y actualizada de LeGoff, et al., (2014) Las diferencias m\u00e1s importantes entre la descripci\u00f3n actual de LBT de LeGoff, et al., son las siguientes: La fundamentaci\u00f3n te\u00f3rica que implica la importancia de las experiencias infantiles de sinergia interpersonal y sociocultural para el desarrollo de la competencia social, la creatividad y la participaci\u00f3n en sistemas socioculturales se ha desarrollado, examinado y presentado en diversas publicaciones y talleres. La influencia de las estrategias basadas en ABA se ha eliminado, en consonancia con la idea de que ABA se deriva de los m\u00e9todos conductuales radicales del condicionamiento instrumental u operante que son incompatibles con los modelos de sistemas sin\u00e9rgicos del desarrollo infantil, tanto te\u00f3rica como pragm\u00e1ticamente. La estructura y las actividades de los grupos en s\u00ed mismos han crecido y evolucionado para incluir una mayor diversidad de roles, un \u00e9nfasis creciente en la comunicaci\u00f3n social en lugar de las actividades de LEGO en s\u00ed mismas, y un \u00e9nfasis creciente en el juego y la creatividad en lugar de las actividades dirigidas por adultos. Se ha llevado a cabo una amplia gama de estudios sobre LBT desde perspectivas de investigaci\u00f3n cultural y profesionalmente diversas. La metodolog\u00eda de LBT se ha utilizado con poblaciones distintas de ni\u00f1os y adolescentes autistas para incluir una gama m\u00e1s amplia de objetivos y necesidades sociales y de comunicaci\u00f3n. Daniel B. LeGoff:\u00a0 es Psic\u00f3logo cl\u00ednico y neuropsic\u00f3logo, adem\u00e1s de investigador y defensor de las personas neurodivergentes. Se form\u00f3 en la Universidad de Winnipeg y en la Universidad Simon Fraser en Canad\u00e1 y realiz\u00f3 su formaci\u00f3n cl\u00ednica en el Wokers Compensation Rehabilitation Centre en Columbia Brit\u00e1nica, en el Northwestern Medicine en Chicago y el Queen\u2019s Medical Center de Honolulu. A lo largo de su carrera ha tenido una amplia experiencia en la evaluaci\u00f3n y el tratamiento de personas neurodivergentes.","og_url":"https:\/\/actualizados.com.ar\/en\/product\/terapia-basada-en-lego-novedad\/","og_site_name":"Actualizados","article_publisher":"https:\/\/www.facebook.com\/Actualizados.ar\/","article_modified_time":"2026-02-18T21:00:44+00:00","og_image":[{"width":650,"height":650,"url":"https:\/\/actualizados.com.ar\/wp-content\/uploads\/2024\/09\/Terapia-basada-en-Lego.png","type":"image\/png"}],"twitter_card":"summary_large_image","twitter_misc":{"Est. reading time":"1 minute"},"schema":{"@context":"https:\/\/schema.org","@graph":[{"@type":"WebPage","@id":"https:\/\/actualizados.com.ar\/en\/product\/terapia-basada-en-lego-novedad\/","url":"https:\/\/actualizados.com.ar\/en\/product\/terapia-basada-en-lego-novedad\/","name":"Terapia basada en Lego \u00a1Novedad! - Actualizados","isPartOf":{"@id":"https:\/\/actualizados.com.ar\/en\/#website"},"primaryImageOfPage":{"@id":"https:\/\/actualizados.com.ar\/en\/product\/terapia-basada-en-lego-novedad\/#primaryimage"},"image":{"@id":"https:\/\/actualizados.com.ar\/en\/product\/terapia-basada-en-lego-novedad\/#primaryimage"},"thumbnailUrl":"https:\/\/actualizados.com.ar\/wp-content\/uploads\/2024\/09\/Terapia-basada-en-Lego.png","datePublished":"2024-09-04T15:15:16+00:00","dateModified":"2026-02-18T21:00:44+00:00","breadcrumb":{"@id":"https:\/\/actualizados.com.ar\/en\/product\/terapia-basada-en-lego-novedad\/#breadcrumb"},"inLanguage":"en-US","potentialAction":[{"@type":"ReadAction","target":["https:\/\/actualizados.com.ar\/en\/product\/terapia-basada-en-lego-novedad\/"]}]},{"@type":"ImageObject","inLanguage":"en-US","@id":"https:\/\/actualizados.com.ar\/en\/product\/terapia-basada-en-lego-novedad\/#primaryimage","url":"https:\/\/actualizados.com.ar\/wp-content\/uploads\/2024\/09\/Terapia-basada-en-Lego.png","contentUrl":"https:\/\/actualizados.com.ar\/wp-content\/uploads\/2024\/09\/Terapia-basada-en-Lego.png","width":650,"height":650},{"@type":"BreadcrumbList","@id":"https:\/\/actualizados.com.ar\/en\/product\/terapia-basada-en-lego-novedad\/#breadcrumb","itemListElement":[{"@type":"ListItem","position":1,"name":"Portada","item":"https:\/\/actualizados.com.ar\/en\/"},{"@type":"ListItem","position":2,"name":"Shop","item":"https:\/\/actualizados.com.ar\/en\/shop\/"},{"@type":"ListItem","position":3,"name":"Terapia basada en Lego \u00a1Novedad!"}]},{"@type":"WebSite","@id":"https:\/\/actualizados.com.ar\/en\/#website","url":"https:\/\/actualizados.com.ar\/en\/","name":"Actualizados","description":"Cursos de autismo, neurodesarrollo y evaluaci\u00f3n","publisher":{"@id":"https:\/\/actualizados.com.ar\/en\/#organization"},"potentialAction":[{"@type":"SearchAction","target":{"@type":"EntryPoint","urlTemplate":"https:\/\/actualizados.com.ar\/en\/?s={search_term_string}"},"query-input":{"@type":"PropertyValueSpecification","valueRequired":true,"valueName":"search_term_string"}}],"inLanguage":"en-US"},{"@type":"Organization","@id":"https:\/\/actualizados.com.ar\/en\/#organization","name":"Actualizados","url":"https:\/\/actualizados.com.ar\/en\/","logo":{"@type":"ImageObject","inLanguage":"en-US","@id":"https:\/\/actualizados.com.ar\/en\/#\/schema\/logo\/image\/","url":"https:\/\/actualizados.com.ar\/wp-content\/uploads\/2024\/10\/Diseno-sin-titulo-2024-10-07T171822.151.png","contentUrl":"https:\/\/actualizados.com.ar\/wp-content\/uploads\/2024\/10\/Diseno-sin-titulo-2024-10-07T171822.151.png","width":600,"height":220,"caption":"Actualizados"},"image":{"@id":"https:\/\/actualizados.com.ar\/en\/#\/schema\/logo\/image\/"},"sameAs":["https:\/\/www.facebook.com\/Actualizados.ar\/","https:\/\/www.instagram.com\/actualizados\/"]}]}},"_links":{"self":[{"href":"https:\/\/actualizados.com.ar\/en\/wp-json\/wp\/v2\/product\/297","targetHints":{"allow":["GET"]}}],"collection":[{"href":"https:\/\/actualizados.com.ar\/en\/wp-json\/wp\/v2\/product"}],"about":[{"href":"https:\/\/actualizados.com.ar\/en\/wp-json\/wp\/v2\/types\/product"}],"wp:featuredmedia":[{"embeddable":true,"href":"https:\/\/actualizados.com.ar\/en\/wp-json\/wp\/v2\/media\/236145"}],"wp:attachment":[{"href":"https:\/\/actualizados.com.ar\/en\/wp-json\/wp\/v2\/media?parent=297"}],"wp:term":[{"taxonomy":"product_brand","embeddable":true,"href":"https:\/\/actualizados.com.ar\/en\/wp-json\/wp\/v2\/product_brand?post=297"},{"taxonomy":"product_cat","embeddable":true,"href":"https:\/\/actualizados.com.ar\/en\/wp-json\/wp\/v2\/product_cat?post=297"},{"taxonomy":"product_tag","embeddable":true,"href":"https:\/\/actualizados.com.ar\/en\/wp-json\/wp\/v2\/product_tag?post=297"}],"curies":[{"name":"wp","href":"https:\/\/api.w.org\/{rel}","templated":true}]}}