{"id":240855,"date":"2025-01-31T16:57:42","date_gmt":"2025-01-31T19:57:42","guid":{"rendered":"https:\/\/actualizados.com.ar\/?post_type=product&#038;p=240855"},"modified":"2026-02-10T17:35:19","modified_gmt":"2026-02-10T20:35:19","slug":"tratamiento-cognitivo-conductual-para-trastornos-de-ansiedad-en-ninos-y-adolescentes","status":"publish","type":"product","link":"https:\/\/actualizados.com.ar\/pt-br\/produto\/tratamiento-cognitivo-conductual-para-trastornos-de-ansiedad-en-ninos-y-adolescentes\/","title":{"rendered":"Tratamiento cognitivo conductual para trastornos de ansiedad en ni\u00f1os y adolescentes"},"content":{"rendered":"","protected":false},"excerpt":{"rendered":"<p>El manual del terapeuta contiene tres secciones. En la primera, el programa es presentado de manera general, con un resumen de la implementaci\u00f3n del tratamiento basado en el manual con flexibilidad cl\u00ednica. La segunda secci\u00f3n contiene una detallada descripci\u00f3n espec\u00edfica de cada sesi\u00f3n del tratamiento. Adosada a cada sesi\u00f3n del tratamiento en fomra de listado, se incluye una serie de notas, o datos \u00fatiles, llamada \u00abConsejos desde la trinchera\u00bb, con la idea prinicipal de cada consejo impreso en negrita. La tercera secci\u00f3n, basada en investigaciones y aportes cl\u00ednicos, provee recursos terap\u00e9uticos para los problemas de comorbilidad y factores que pueden obstaculizar el \u00e9xito del tratamiento (por ejemplo, dificultades familiares). El desarrollo de este programa de tratamiento y la evaluaci\u00f3n de sus investigaciones han ido de la mano.<\/p>\n","protected":false},"featured_media":1897,"template":"","meta":{"_acf_changed":false,"_et_pb_use_builder":"","_et_pb_old_content":"","_et_gb_content_width":""},"product_brand":[],"product_cat":[32],"product_tag":[],"class_list":{"0":"post-240855","1":"product","2":"type-product","3":"status-publish","4":"has-post-thumbnail","6":"product_cat-libros","8":"first","9":"outofstock","10":"shipping-taxable","11":"purchasable","12":"product-type-simple"},"acf":[],"yoast_head":"<!-- This site is optimized with the Yoast SEO plugin v27.6 - https:\/\/yoast.com\/product\/yoast-seo-wordpress\/ -->\n<title>Tratamiento cognitivo conductual para trastornos de ansiedad en ni\u00f1os y adolescentes - Actualizados<\/title>\n<meta name=\"robots\" content=\"index, follow, max-snippet:-1, max-image-preview:large, max-video-preview:-1\" \/>\n<link rel=\"canonical\" href=\"https:\/\/actualizados.com.ar\/pt-br\/produto\/tratamiento-cognitivo-conductual-para-trastornos-de-ansiedad-en-ninos-y-adolescentes\/\" \/>\n<meta property=\"og:locale\" content=\"pt_BR\" \/>\n<meta property=\"og:type\" content=\"article\" \/>\n<meta property=\"og:title\" content=\"Tratamiento cognitivo conductual para trastornos de ansiedad en ni\u00f1os y adolescentes - Actualizados\" \/>\n<meta property=\"og:description\" content=\"El manual del terapeuta contiene tres secciones. En la primera, el programa es presentado de manera general, con un resumen de la implementaci\u00f3n del tratamiento basado en el manual con flexibilidad cl\u00ednica. La segunda secci\u00f3n contiene una detallada descripci\u00f3n espec\u00edfica de cada sesi\u00f3n del tratamiento. Adosada a cada sesi\u00f3n del tratamiento en fomra de listado, se incluye una serie de notas, o datos \u00fatiles, llamada \u00abConsejos desde la trinchera\u00bb, con la idea prinicipal de cada consejo impreso en negrita. La tercera secci\u00f3n, basada en investigaciones y aportes cl\u00ednicos, provee recursos terap\u00e9uticos para los problemas de comorbilidad y factores que pueden obstaculizar el \u00e9xito del tratamiento (por ejemplo, dificultades familiares). El desarrollo de este programa de tratamiento y la evaluaci\u00f3n de sus investigaciones han ido de la mano.\" \/>\n<meta property=\"og:url\" content=\"https:\/\/actualizados.com.ar\/pt-br\/produto\/tratamiento-cognitivo-conductual-para-trastornos-de-ansiedad-en-ninos-y-adolescentes\/\" \/>\n<meta property=\"og:site_name\" content=\"Actualizados\" \/>\n<meta property=\"article:publisher\" content=\"https:\/\/www.facebook.com\/Actualizados.ar\/\" \/>\n<meta property=\"article:modified_time\" content=\"2026-02-10T20:35:19+00:00\" \/>\n<meta property=\"og:image\" content=\"https:\/\/actualizados.com.ar\/wp-content\/uploads\/2024\/11\/27.png\" \/>\n\t<meta property=\"og:image:width\" content=\"650\" \/>\n\t<meta property=\"og:image:height\" content=\"650\" \/>\n\t<meta property=\"og:image:type\" content=\"image\/png\" \/>\n<meta name=\"twitter:card\" content=\"summary_large_image\" \/>\n<meta name=\"twitter:label1\" content=\"Est. tempo de leitura\" \/>\n\t<meta name=\"twitter:data1\" content=\"1 minuto\" \/>\n<script type=\"application\/ld+json\" class=\"yoast-schema-graph\">{\"@context\":\"https:\\\/\\\/schema.org\",\"@graph\":[{\"@type\":\"WebPage\",\"@id\":\"https:\\\/\\\/actualizados.com.ar\\\/pt-br\\\/produto\\\/tratamiento-cognitivo-conductual-para-trastornos-de-ansiedad-en-ninos-y-adolescentes\\\/\",\"url\":\"https:\\\/\\\/actualizados.com.ar\\\/pt-br\\\/produto\\\/tratamiento-cognitivo-conductual-para-trastornos-de-ansiedad-en-ninos-y-adolescentes\\\/\",\"name\":\"Tratamiento cognitivo conductual para trastornos de ansiedad en ni\u00f1os y adolescentes - Actualizados\",\"isPartOf\":{\"@id\":\"https:\\\/\\\/actualizados.com.ar\\\/pt-br\\\/#website\"},\"primaryImageOfPage\":{\"@id\":\"https:\\\/\\\/actualizados.com.ar\\\/pt-br\\\/produto\\\/tratamiento-cognitivo-conductual-para-trastornos-de-ansiedad-en-ninos-y-adolescentes\\\/#primaryimage\"},\"image\":{\"@id\":\"https:\\\/\\\/actualizados.com.ar\\\/pt-br\\\/produto\\\/tratamiento-cognitivo-conductual-para-trastornos-de-ansiedad-en-ninos-y-adolescentes\\\/#primaryimage\"},\"thumbnailUrl\":\"https:\\\/\\\/actualizados.com.ar\\\/wp-content\\\/uploads\\\/2024\\\/11\\\/27.png\",\"datePublished\":\"2025-01-31T19:57:42+00:00\",\"dateModified\":\"2026-02-10T20:35:19+00:00\",\"breadcrumb\":{\"@id\":\"https:\\\/\\\/actualizados.com.ar\\\/pt-br\\\/produto\\\/tratamiento-cognitivo-conductual-para-trastornos-de-ansiedad-en-ninos-y-adolescentes\\\/#breadcrumb\"},\"inLanguage\":\"pt-BR\",\"potentialAction\":[{\"@type\":\"ReadAction\",\"target\":[\"https:\\\/\\\/actualizados.com.ar\\\/pt-br\\\/produto\\\/tratamiento-cognitivo-conductual-para-trastornos-de-ansiedad-en-ninos-y-adolescentes\\\/\"]}]},{\"@type\":\"ImageObject\",\"inLanguage\":\"pt-BR\",\"@id\":\"https:\\\/\\\/actualizados.com.ar\\\/pt-br\\\/produto\\\/tratamiento-cognitivo-conductual-para-trastornos-de-ansiedad-en-ninos-y-adolescentes\\\/#primaryimage\",\"url\":\"https:\\\/\\\/actualizados.com.ar\\\/wp-content\\\/uploads\\\/2024\\\/11\\\/27.png\",\"contentUrl\":\"https:\\\/\\\/actualizados.com.ar\\\/wp-content\\\/uploads\\\/2024\\\/11\\\/27.png\",\"width\":650,\"height\":650},{\"@type\":\"BreadcrumbList\",\"@id\":\"https:\\\/\\\/actualizados.com.ar\\\/pt-br\\\/produto\\\/tratamiento-cognitivo-conductual-para-trastornos-de-ansiedad-en-ninos-y-adolescentes\\\/#breadcrumb\",\"itemListElement\":[{\"@type\":\"ListItem\",\"position\":1,\"name\":\"Portada\",\"item\":\"https:\\\/\\\/actualizados.com.ar\\\/pt-br\\\/\"},{\"@type\":\"ListItem\",\"position\":2,\"name\":\"Loja\",\"item\":\"https:\\\/\\\/actualizados.com.ar\\\/pt-br\\\/loja\\\/\"},{\"@type\":\"ListItem\",\"position\":3,\"name\":\"Tratamiento cognitivo conductual para trastornos de ansiedad en ni\u00f1os y adolescentes\"}]},{\"@type\":\"WebSite\",\"@id\":\"https:\\\/\\\/actualizados.com.ar\\\/pt-br\\\/#website\",\"url\":\"https:\\\/\\\/actualizados.com.ar\\\/pt-br\\\/\",\"name\":\"Actualizados\",\"description\":\"Cursos de autismo, neurodesarrollo y evaluaci\u00f3n\",\"publisher\":{\"@id\":\"https:\\\/\\\/actualizados.com.ar\\\/pt-br\\\/#organization\"},\"potentialAction\":[{\"@type\":\"SearchAction\",\"target\":{\"@type\":\"EntryPoint\",\"urlTemplate\":\"https:\\\/\\\/actualizados.com.ar\\\/pt-br\\\/?s={search_term_string}\"},\"query-input\":{\"@type\":\"PropertyValueSpecification\",\"valueRequired\":true,\"valueName\":\"search_term_string\"}}],\"inLanguage\":\"pt-BR\"},{\"@type\":\"Organization\",\"@id\":\"https:\\\/\\\/actualizados.com.ar\\\/pt-br\\\/#organization\",\"name\":\"Actualizados\",\"url\":\"https:\\\/\\\/actualizados.com.ar\\\/pt-br\\\/\",\"logo\":{\"@type\":\"ImageObject\",\"inLanguage\":\"pt-BR\",\"@id\":\"https:\\\/\\\/actualizados.com.ar\\\/pt-br\\\/#\\\/schema\\\/logo\\\/image\\\/\",\"url\":\"https:\\\/\\\/actualizados.com.ar\\\/wp-content\\\/uploads\\\/2024\\\/10\\\/Diseno-sin-titulo-2024-10-07T171822.151.png\",\"contentUrl\":\"https:\\\/\\\/actualizados.com.ar\\\/wp-content\\\/uploads\\\/2024\\\/10\\\/Diseno-sin-titulo-2024-10-07T171822.151.png\",\"width\":600,\"height\":220,\"caption\":\"Actualizados\"},\"image\":{\"@id\":\"https:\\\/\\\/actualizados.com.ar\\\/pt-br\\\/#\\\/schema\\\/logo\\\/image\\\/\"},\"sameAs\":[\"https:\\\/\\\/www.facebook.com\\\/Actualizados.ar\\\/\",\"https:\\\/\\\/www.instagram.com\\\/actualizados\\\/\"]}]}<\/script>\n<!-- \/ Yoast SEO plugin. -->","yoast_head_json":{"title":"Tratamiento cognitivo conductual para trastornos de ansiedad en ni\u00f1os y adolescentes - Actualizados","robots":{"index":"index","follow":"follow","max-snippet":"max-snippet:-1","max-image-preview":"max-image-preview:large","max-video-preview":"max-video-preview:-1"},"canonical":"https:\/\/actualizados.com.ar\/pt-br\/produto\/tratamiento-cognitivo-conductual-para-trastornos-de-ansiedad-en-ninos-y-adolescentes\/","og_locale":"pt_BR","og_type":"article","og_title":"Tratamiento cognitivo conductual para trastornos de ansiedad en ni\u00f1os y adolescentes - Actualizados","og_description":"El manual del terapeuta contiene tres secciones. En la primera, el programa es presentado de manera general, con un resumen de la implementaci\u00f3n del tratamiento basado en el manual con flexibilidad cl\u00ednica. La segunda secci\u00f3n contiene una detallada descripci\u00f3n espec\u00edfica de cada sesi\u00f3n del tratamiento. Adosada a cada sesi\u00f3n del tratamiento en fomra de listado, se incluye una serie de notas, o datos \u00fatiles, llamada \u00abConsejos desde la trinchera\u00bb, con la idea prinicipal de cada consejo impreso en negrita. La tercera secci\u00f3n, basada en investigaciones y aportes cl\u00ednicos, provee recursos terap\u00e9uticos para los problemas de comorbilidad y factores que pueden obstaculizar el \u00e9xito del tratamiento (por ejemplo, dificultades familiares). El desarrollo de este programa de tratamiento y la evaluaci\u00f3n de sus investigaciones han ido de la mano.","og_url":"https:\/\/actualizados.com.ar\/pt-br\/produto\/tratamiento-cognitivo-conductual-para-trastornos-de-ansiedad-en-ninos-y-adolescentes\/","og_site_name":"Actualizados","article_publisher":"https:\/\/www.facebook.com\/Actualizados.ar\/","article_modified_time":"2026-02-10T20:35:19+00:00","og_image":[{"width":650,"height":650,"url":"https:\/\/actualizados.com.ar\/wp-content\/uploads\/2024\/11\/27.png","type":"image\/png"}],"twitter_card":"summary_large_image","twitter_misc":{"Est. tempo de leitura":"1 minuto"},"schema":{"@context":"https:\/\/schema.org","@graph":[{"@type":"WebPage","@id":"https:\/\/actualizados.com.ar\/pt-br\/produto\/tratamiento-cognitivo-conductual-para-trastornos-de-ansiedad-en-ninos-y-adolescentes\/","url":"https:\/\/actualizados.com.ar\/pt-br\/produto\/tratamiento-cognitivo-conductual-para-trastornos-de-ansiedad-en-ninos-y-adolescentes\/","name":"Tratamiento cognitivo conductual para trastornos de ansiedad en ni\u00f1os y adolescentes - Actualizados","isPartOf":{"@id":"https:\/\/actualizados.com.ar\/pt-br\/#website"},"primaryImageOfPage":{"@id":"https:\/\/actualizados.com.ar\/pt-br\/produto\/tratamiento-cognitivo-conductual-para-trastornos-de-ansiedad-en-ninos-y-adolescentes\/#primaryimage"},"image":{"@id":"https:\/\/actualizados.com.ar\/pt-br\/produto\/tratamiento-cognitivo-conductual-para-trastornos-de-ansiedad-en-ninos-y-adolescentes\/#primaryimage"},"thumbnailUrl":"https:\/\/actualizados.com.ar\/wp-content\/uploads\/2024\/11\/27.png","datePublished":"2025-01-31T19:57:42+00:00","dateModified":"2026-02-10T20:35:19+00:00","breadcrumb":{"@id":"https:\/\/actualizados.com.ar\/pt-br\/produto\/tratamiento-cognitivo-conductual-para-trastornos-de-ansiedad-en-ninos-y-adolescentes\/#breadcrumb"},"inLanguage":"pt-BR","potentialAction":[{"@type":"ReadAction","target":["https:\/\/actualizados.com.ar\/pt-br\/produto\/tratamiento-cognitivo-conductual-para-trastornos-de-ansiedad-en-ninos-y-adolescentes\/"]}]},{"@type":"ImageObject","inLanguage":"pt-BR","@id":"https:\/\/actualizados.com.ar\/pt-br\/produto\/tratamiento-cognitivo-conductual-para-trastornos-de-ansiedad-en-ninos-y-adolescentes\/#primaryimage","url":"https:\/\/actualizados.com.ar\/wp-content\/uploads\/2024\/11\/27.png","contentUrl":"https:\/\/actualizados.com.ar\/wp-content\/uploads\/2024\/11\/27.png","width":650,"height":650},{"@type":"BreadcrumbList","@id":"https:\/\/actualizados.com.ar\/pt-br\/produto\/tratamiento-cognitivo-conductual-para-trastornos-de-ansiedad-en-ninos-y-adolescentes\/#breadcrumb","itemListElement":[{"@type":"ListItem","position":1,"name":"Portada","item":"https:\/\/actualizados.com.ar\/pt-br\/"},{"@type":"ListItem","position":2,"name":"Loja","item":"https:\/\/actualizados.com.ar\/pt-br\/loja\/"},{"@type":"ListItem","position":3,"name":"Tratamiento cognitivo conductual para trastornos de ansiedad en ni\u00f1os y adolescentes"}]},{"@type":"WebSite","@id":"https:\/\/actualizados.com.ar\/pt-br\/#website","url":"https:\/\/actualizados.com.ar\/pt-br\/","name":"Actualizados","description":"Cursos de autismo, neurodesarrollo y evaluaci\u00f3n","publisher":{"@id":"https:\/\/actualizados.com.ar\/pt-br\/#organization"},"potentialAction":[{"@type":"SearchAction","target":{"@type":"EntryPoint","urlTemplate":"https:\/\/actualizados.com.ar\/pt-br\/?s={search_term_string}"},"query-input":{"@type":"PropertyValueSpecification","valueRequired":true,"valueName":"search_term_string"}}],"inLanguage":"pt-BR"},{"@type":"Organization","@id":"https:\/\/actualizados.com.ar\/pt-br\/#organization","name":"Actualizados","url":"https:\/\/actualizados.com.ar\/pt-br\/","logo":{"@type":"ImageObject","inLanguage":"pt-BR","@id":"https:\/\/actualizados.com.ar\/pt-br\/#\/schema\/logo\/image\/","url":"https:\/\/actualizados.com.ar\/wp-content\/uploads\/2024\/10\/Diseno-sin-titulo-2024-10-07T171822.151.png","contentUrl":"https:\/\/actualizados.com.ar\/wp-content\/uploads\/2024\/10\/Diseno-sin-titulo-2024-10-07T171822.151.png","width":600,"height":220,"caption":"Actualizados"},"image":{"@id":"https:\/\/actualizados.com.ar\/pt-br\/#\/schema\/logo\/image\/"},"sameAs":["https:\/\/www.facebook.com\/Actualizados.ar\/","https:\/\/www.instagram.com\/actualizados\/"]}]}},"_links":{"self":[{"href":"https:\/\/actualizados.com.ar\/pt-br\/wp-json\/wp\/v2\/product\/240855","targetHints":{"allow":["GET"]}}],"collection":[{"href":"https:\/\/actualizados.com.ar\/pt-br\/wp-json\/wp\/v2\/product"}],"about":[{"href":"https:\/\/actualizados.com.ar\/pt-br\/wp-json\/wp\/v2\/types\/product"}],"wp:featuredmedia":[{"embeddable":true,"href":"https:\/\/actualizados.com.ar\/pt-br\/wp-json\/wp\/v2\/media\/1897"}],"wp:attachment":[{"href":"https:\/\/actualizados.com.ar\/pt-br\/wp-json\/wp\/v2\/media?parent=240855"}],"wp:term":[{"taxonomy":"product_brand","embeddable":true,"href":"https:\/\/actualizados.com.ar\/pt-br\/wp-json\/wp\/v2\/product_brand?post=240855"},{"taxonomy":"product_cat","embeddable":true,"href":"https:\/\/actualizados.com.ar\/pt-br\/wp-json\/wp\/v2\/product_cat?post=240855"},{"taxonomy":"product_tag","embeddable":true,"href":"https:\/\/actualizados.com.ar\/pt-br\/wp-json\/wp\/v2\/product_tag?post=240855"}],"curies":[{"name":"wp","href":"https:\/\/api.w.org\/{rel}","templated":true}]}}