{"id":246117,"date":"2025-05-27T19:49:42","date_gmt":"2025-05-27T22:49:42","guid":{"rendered":"https:\/\/actualizados.com.ar\/product\/minhas-grandes-ideias-de-adolescente\/"},"modified":"2025-05-27T19:49:42","modified_gmt":"2025-05-27T22:49:42","slug":"minhas-grandes-ideias-de-adolescente","status":"publish","type":"product","link":"https:\/\/actualizados.com.ar\/pt-br\/produto\/minhas-grandes-ideias-de-adolescente\/","title":{"rendered":"Minhas grandes ideias de adolescente"},"content":{"rendered":"","protected":false},"excerpt":{"rendered":"<p><strong>Cartas para o desenvolvimento e a express\u00e3o emocional<\/strong><\/p>\n<p>Cart\u00f5es para completar frases que facilitam a express\u00e3o de sentimentos, experi\u00eancias e pensamentos dos adolescentes.<br \/>\nO material cont\u00e9m 49 cart\u00f5es que abrangem uma variedade de t\u00f3picos importantes, incluindo rela\u00e7\u00f5es sociais, autoestima, fam\u00edlia, emo\u00e7\u00f5es e a vis\u00e3o do jovem sobre o mundo. Por meio do jogo, a compreens\u00e3o e a comunica\u00e7\u00e3o m\u00fatuas s\u00e3o facilitadas, fortalecendo assim o relacionamento entre o adolescente e o adulto.<br \/>\nFerramenta ideal para pais e profissionais que trabalham com jovens. <\/p>\n<p><strong>Idade:<\/strong> +10 anos<\/p>\n","protected":false},"featured_media":245966,"template":"","meta":{"_acf_changed":false,"_et_pb_use_builder":"","_et_pb_old_content":"","_et_gb_content_width":""},"product_brand":[],"product_cat":[100],"product_tag":[],"class_list":{"0":"post-246117","1":"product","2":"type-product","3":"status-publish","4":"has-post-thumbnail","6":"product_cat-materiais-didaticos","8":"first","9":"instock","10":"shipping-taxable","11":"purchasable","12":"product-type-simple"},"acf":[],"yoast_head":"<!-- This site is optimized with the Yoast SEO plugin v27.5 - https:\/\/yoast.com\/product\/yoast-seo-wordpress\/ -->\n<title>Minhas grandes ideias de adolescente - Actualizados<\/title>\n<meta name=\"robots\" content=\"index, follow, max-snippet:-1, max-image-preview:large, max-video-preview:-1\" \/>\n<link rel=\"canonical\" href=\"https:\/\/actualizados.com.ar\/pt-br\/produto\/minhas-grandes-ideias-de-adolescente\/\" \/>\n<meta property=\"og:locale\" content=\"pt_BR\" \/>\n<meta property=\"og:type\" content=\"article\" \/>\n<meta property=\"og:title\" content=\"Minhas grandes ideias de adolescente - Actualizados\" \/>\n<meta property=\"og:description\" content=\"Cartas para o desenvolvimento e a express\u00e3o emocional Cart\u00f5es para completar frases que facilitam a express\u00e3o de sentimentos, experi\u00eancias e pensamentos dos adolescentes. O material cont\u00e9m 49 cart\u00f5es que abrangem uma variedade de t\u00f3picos importantes, incluindo rela\u00e7\u00f5es sociais, autoestima, fam\u00edlia, emo\u00e7\u00f5es e a vis\u00e3o do jovem sobre o mundo. Por meio do jogo, a compreens\u00e3o e a comunica\u00e7\u00e3o m\u00fatuas s\u00e3o facilitadas, fortalecendo assim o relacionamento entre o adolescente e o adulto. Ferramenta ideal para pais e profissionais que trabalham com jovens.  Idade: +10 anos\" \/>\n<meta property=\"og:url\" content=\"https:\/\/actualizados.com.ar\/pt-br\/produto\/minhas-grandes-ideias-de-adolescente\/\" \/>\n<meta property=\"og:site_name\" content=\"Actualizados\" \/>\n<meta property=\"article:publisher\" content=\"https:\/\/www.facebook.com\/Actualizados.ar\/\" \/>\n<meta property=\"og:image\" content=\"https:\/\/actualizados.com.ar\/wp-content\/uploads\/2025\/05\/28.png\" \/>\n\t<meta property=\"og:image:width\" content=\"512\" \/>\n\t<meta property=\"og:image:height\" content=\"512\" \/>\n\t<meta property=\"og:image:type\" content=\"image\/png\" \/>\n<meta name=\"twitter:card\" content=\"summary_large_image\" \/>\n<script type=\"application\/ld+json\" class=\"yoast-schema-graph\">{\"@context\":\"https:\\\/\\\/schema.org\",\"@graph\":[{\"@type\":\"WebPage\",\"@id\":\"https:\\\/\\\/actualizados.com.ar\\\/pt-br\\\/produto\\\/minhas-grandes-ideias-de-adolescente\\\/\",\"url\":\"https:\\\/\\\/actualizados.com.ar\\\/pt-br\\\/produto\\\/minhas-grandes-ideias-de-adolescente\\\/\",\"name\":\"Minhas grandes ideias de adolescente - Actualizados\",\"isPartOf\":{\"@id\":\"https:\\\/\\\/actualizados.com.ar\\\/pt-br\\\/#website\"},\"primaryImageOfPage\":{\"@id\":\"https:\\\/\\\/actualizados.com.ar\\\/pt-br\\\/produto\\\/minhas-grandes-ideias-de-adolescente\\\/#primaryimage\"},\"image\":{\"@id\":\"https:\\\/\\\/actualizados.com.ar\\\/pt-br\\\/produto\\\/minhas-grandes-ideias-de-adolescente\\\/#primaryimage\"},\"thumbnailUrl\":\"https:\\\/\\\/actualizados.com.ar\\\/wp-content\\\/uploads\\\/2025\\\/05\\\/28.png\",\"datePublished\":\"2025-05-27T22:49:42+00:00\",\"breadcrumb\":{\"@id\":\"https:\\\/\\\/actualizados.com.ar\\\/pt-br\\\/produto\\\/minhas-grandes-ideias-de-adolescente\\\/#breadcrumb\"},\"inLanguage\":\"pt-BR\",\"potentialAction\":[{\"@type\":\"ReadAction\",\"target\":[\"https:\\\/\\\/actualizados.com.ar\\\/pt-br\\\/produto\\\/minhas-grandes-ideias-de-adolescente\\\/\"]}]},{\"@type\":\"ImageObject\",\"inLanguage\":\"pt-BR\",\"@id\":\"https:\\\/\\\/actualizados.com.ar\\\/pt-br\\\/produto\\\/minhas-grandes-ideias-de-adolescente\\\/#primaryimage\",\"url\":\"https:\\\/\\\/actualizados.com.ar\\\/wp-content\\\/uploads\\\/2025\\\/05\\\/28.png\",\"contentUrl\":\"https:\\\/\\\/actualizados.com.ar\\\/wp-content\\\/uploads\\\/2025\\\/05\\\/28.png\",\"width\":512,\"height\":512},{\"@type\":\"BreadcrumbList\",\"@id\":\"https:\\\/\\\/actualizados.com.ar\\\/pt-br\\\/produto\\\/minhas-grandes-ideias-de-adolescente\\\/#breadcrumb\",\"itemListElement\":[{\"@type\":\"ListItem\",\"position\":1,\"name\":\"Portada\",\"item\":\"https:\\\/\\\/actualizados.com.ar\\\/pt-br\\\/\"},{\"@type\":\"ListItem\",\"position\":2,\"name\":\"Loja\",\"item\":\"https:\\\/\\\/actualizados.com.ar\\\/pt-br\\\/loja\\\/\"},{\"@type\":\"ListItem\",\"position\":3,\"name\":\"Minhas grandes ideias de adolescente\"}]},{\"@type\":\"WebSite\",\"@id\":\"https:\\\/\\\/actualizados.com.ar\\\/pt-br\\\/#website\",\"url\":\"https:\\\/\\\/actualizados.com.ar\\\/pt-br\\\/\",\"name\":\"Actualizados\",\"description\":\"Cursos de autismo, neurodesarrollo y evaluaci\u00f3n\",\"publisher\":{\"@id\":\"https:\\\/\\\/actualizados.com.ar\\\/pt-br\\\/#organization\"},\"potentialAction\":[{\"@type\":\"SearchAction\",\"target\":{\"@type\":\"EntryPoint\",\"urlTemplate\":\"https:\\\/\\\/actualizados.com.ar\\\/pt-br\\\/?s={search_term_string}\"},\"query-input\":{\"@type\":\"PropertyValueSpecification\",\"valueRequired\":true,\"valueName\":\"search_term_string\"}}],\"inLanguage\":\"pt-BR\"},{\"@type\":\"Organization\",\"@id\":\"https:\\\/\\\/actualizados.com.ar\\\/pt-br\\\/#organization\",\"name\":\"Actualizados\",\"url\":\"https:\\\/\\\/actualizados.com.ar\\\/pt-br\\\/\",\"logo\":{\"@type\":\"ImageObject\",\"inLanguage\":\"pt-BR\",\"@id\":\"https:\\\/\\\/actualizados.com.ar\\\/pt-br\\\/#\\\/schema\\\/logo\\\/image\\\/\",\"url\":\"https:\\\/\\\/actualizados.com.ar\\\/wp-content\\\/uploads\\\/2024\\\/10\\\/Diseno-sin-titulo-2024-10-07T171822.151.png\",\"contentUrl\":\"https:\\\/\\\/actualizados.com.ar\\\/wp-content\\\/uploads\\\/2024\\\/10\\\/Diseno-sin-titulo-2024-10-07T171822.151.png\",\"width\":600,\"height\":220,\"caption\":\"Actualizados\"},\"image\":{\"@id\":\"https:\\\/\\\/actualizados.com.ar\\\/pt-br\\\/#\\\/schema\\\/logo\\\/image\\\/\"},\"sameAs\":[\"https:\\\/\\\/www.facebook.com\\\/Actualizados.ar\\\/\",\"https:\\\/\\\/www.instagram.com\\\/actualizados\\\/\"]}]}<\/script>\n<!-- \/ Yoast SEO plugin. -->","yoast_head_json":{"title":"Minhas grandes ideias de adolescente - Actualizados","robots":{"index":"index","follow":"follow","max-snippet":"max-snippet:-1","max-image-preview":"max-image-preview:large","max-video-preview":"max-video-preview:-1"},"canonical":"https:\/\/actualizados.com.ar\/pt-br\/produto\/minhas-grandes-ideias-de-adolescente\/","og_locale":"pt_BR","og_type":"article","og_title":"Minhas grandes ideias de adolescente - Actualizados","og_description":"Cartas para o desenvolvimento e a express\u00e3o emocional Cart\u00f5es para completar frases que facilitam a express\u00e3o de sentimentos, experi\u00eancias e pensamentos dos adolescentes. O material cont\u00e9m 49 cart\u00f5es que abrangem uma variedade de t\u00f3picos importantes, incluindo rela\u00e7\u00f5es sociais, autoestima, fam\u00edlia, emo\u00e7\u00f5es e a vis\u00e3o do jovem sobre o mundo. Por meio do jogo, a compreens\u00e3o e a comunica\u00e7\u00e3o m\u00fatuas s\u00e3o facilitadas, fortalecendo assim o relacionamento entre o adolescente e o adulto. Ferramenta ideal para pais e profissionais que trabalham com jovens.  Idade: +10 anos","og_url":"https:\/\/actualizados.com.ar\/pt-br\/produto\/minhas-grandes-ideias-de-adolescente\/","og_site_name":"Actualizados","article_publisher":"https:\/\/www.facebook.com\/Actualizados.ar\/","og_image":[{"width":512,"height":512,"url":"https:\/\/actualizados.com.ar\/wp-content\/uploads\/2025\/05\/28.png","type":"image\/png"}],"twitter_card":"summary_large_image","schema":{"@context":"https:\/\/schema.org","@graph":[{"@type":"WebPage","@id":"https:\/\/actualizados.com.ar\/pt-br\/produto\/minhas-grandes-ideias-de-adolescente\/","url":"https:\/\/actualizados.com.ar\/pt-br\/produto\/minhas-grandes-ideias-de-adolescente\/","name":"Minhas grandes ideias de adolescente - Actualizados","isPartOf":{"@id":"https:\/\/actualizados.com.ar\/pt-br\/#website"},"primaryImageOfPage":{"@id":"https:\/\/actualizados.com.ar\/pt-br\/produto\/minhas-grandes-ideias-de-adolescente\/#primaryimage"},"image":{"@id":"https:\/\/actualizados.com.ar\/pt-br\/produto\/minhas-grandes-ideias-de-adolescente\/#primaryimage"},"thumbnailUrl":"https:\/\/actualizados.com.ar\/wp-content\/uploads\/2025\/05\/28.png","datePublished":"2025-05-27T22:49:42+00:00","breadcrumb":{"@id":"https:\/\/actualizados.com.ar\/pt-br\/produto\/minhas-grandes-ideias-de-adolescente\/#breadcrumb"},"inLanguage":"pt-BR","potentialAction":[{"@type":"ReadAction","target":["https:\/\/actualizados.com.ar\/pt-br\/produto\/minhas-grandes-ideias-de-adolescente\/"]}]},{"@type":"ImageObject","inLanguage":"pt-BR","@id":"https:\/\/actualizados.com.ar\/pt-br\/produto\/minhas-grandes-ideias-de-adolescente\/#primaryimage","url":"https:\/\/actualizados.com.ar\/wp-content\/uploads\/2025\/05\/28.png","contentUrl":"https:\/\/actualizados.com.ar\/wp-content\/uploads\/2025\/05\/28.png","width":512,"height":512},{"@type":"BreadcrumbList","@id":"https:\/\/actualizados.com.ar\/pt-br\/produto\/minhas-grandes-ideias-de-adolescente\/#breadcrumb","itemListElement":[{"@type":"ListItem","position":1,"name":"Portada","item":"https:\/\/actualizados.com.ar\/pt-br\/"},{"@type":"ListItem","position":2,"name":"Loja","item":"https:\/\/actualizados.com.ar\/pt-br\/loja\/"},{"@type":"ListItem","position":3,"name":"Minhas grandes ideias de adolescente"}]},{"@type":"WebSite","@id":"https:\/\/actualizados.com.ar\/pt-br\/#website","url":"https:\/\/actualizados.com.ar\/pt-br\/","name":"Actualizados","description":"Cursos de autismo, neurodesarrollo y evaluaci\u00f3n","publisher":{"@id":"https:\/\/actualizados.com.ar\/pt-br\/#organization"},"potentialAction":[{"@type":"SearchAction","target":{"@type":"EntryPoint","urlTemplate":"https:\/\/actualizados.com.ar\/pt-br\/?s={search_term_string}"},"query-input":{"@type":"PropertyValueSpecification","valueRequired":true,"valueName":"search_term_string"}}],"inLanguage":"pt-BR"},{"@type":"Organization","@id":"https:\/\/actualizados.com.ar\/pt-br\/#organization","name":"Actualizados","url":"https:\/\/actualizados.com.ar\/pt-br\/","logo":{"@type":"ImageObject","inLanguage":"pt-BR","@id":"https:\/\/actualizados.com.ar\/pt-br\/#\/schema\/logo\/image\/","url":"https:\/\/actualizados.com.ar\/wp-content\/uploads\/2024\/10\/Diseno-sin-titulo-2024-10-07T171822.151.png","contentUrl":"https:\/\/actualizados.com.ar\/wp-content\/uploads\/2024\/10\/Diseno-sin-titulo-2024-10-07T171822.151.png","width":600,"height":220,"caption":"Actualizados"},"image":{"@id":"https:\/\/actualizados.com.ar\/pt-br\/#\/schema\/logo\/image\/"},"sameAs":["https:\/\/www.facebook.com\/Actualizados.ar\/","https:\/\/www.instagram.com\/actualizados\/"]}]}},"_links":{"self":[{"href":"https:\/\/actualizados.com.ar\/pt-br\/wp-json\/wp\/v2\/product\/246117","targetHints":{"allow":["GET"]}}],"collection":[{"href":"https:\/\/actualizados.com.ar\/pt-br\/wp-json\/wp\/v2\/product"}],"about":[{"href":"https:\/\/actualizados.com.ar\/pt-br\/wp-json\/wp\/v2\/types\/product"}],"wp:featuredmedia":[{"embeddable":true,"href":"https:\/\/actualizados.com.ar\/pt-br\/wp-json\/wp\/v2\/media\/245966"}],"wp:attachment":[{"href":"https:\/\/actualizados.com.ar\/pt-br\/wp-json\/wp\/v2\/media?parent=246117"}],"wp:term":[{"taxonomy":"product_brand","embeddable":true,"href":"https:\/\/actualizados.com.ar\/pt-br\/wp-json\/wp\/v2\/product_brand?post=246117"},{"taxonomy":"product_cat","embeddable":true,"href":"https:\/\/actualizados.com.ar\/pt-br\/wp-json\/wp\/v2\/product_cat?post=246117"},{"taxonomy":"product_tag","embeddable":true,"href":"https:\/\/actualizados.com.ar\/pt-br\/wp-json\/wp\/v2\/product_tag?post=246117"}],"curies":[{"name":"wp","href":"https:\/\/api.w.org\/{rel}","templated":true}]}}