{"id":246119,"date":"2025-05-28T21:11:49","date_gmt":"2025-05-29T00:11:49","guid":{"rendered":"https:\/\/actualizados.com.ar\/product\/peers-pack-2\/"},"modified":"2025-12-15T10:21:34","modified_gmt":"2025-12-15T13:21:34","slug":"peers-pack-2","status":"publish","type":"product","link":"https:\/\/actualizados.com.ar\/pt-br\/produto\/peers-pack-2\/","title":{"rendered":"PEERS Pack 2"},"content":{"rendered":"","protected":false},"excerpt":{"rendered":"<p data-start=\"153\" data-end=\"239\">\ud83c\udf89 <strong data-start=\"156\" data-end=\"177\">OFERTA ESPECIAL!<\/strong><br data-start=\"177\" data-end=\"180\">\ud83d\udca5 <strong data-start=\"183\" data-end=\"236\">Compre dois cursos PEERS de sua escolha por um pre\u00e7o com desconto!<\/strong> \ud83d\udca5<\/p>\n<p data-start=\"241\" data-end=\"423\">Escolha os <strong data-start=\"251\" data-end=\"271\">dois cursos PEERS<\/strong> nos quais voc\u00ea est\u00e1 mais interessado e tenha acesso a um <strong data-start=\"307\" data-end=\"340\">pre\u00e7o promocional imbat\u00edvel<\/strong>:<br data-start=\"341\" data-end=\"344\">\ud83d\udd39 <strong data-start=\"347\" data-end=\"363\">$624.000 ARS<\/strong> ou <strong data-start=\"366\" data-end=\"377\">520 USD<\/strong><br data-start=\"377\" data-end=\"380\"> \ud83d\udd39 Economize <strong data-start=\"392\" data-end=\"408\">$240.000 ARS<\/strong> ou <strong data-start=\"411\" data-end=\"422\" data-is-only-node=\"\">200 USD<\/strong>!<\/p>\n<p data-start=\"425\" data-end=\"564\">\ud83d\udcb3 Pague em <strong data-start=\"438\" data-end=\"462\">3 parcelas sem juros<\/strong> com o Mercado Pago ou PayPal<br data-start=\"488\" data-end=\"491\">\ud83c\udf93 Treinamento oficial com certifica\u00e7\u00e3o internacional<br data-start=\"543\" data-end=\"546\">\ud83d\udcc6 Vagas limitadas dispon\u00edveis.<\/p>\n","protected":false},"featured_media":253830,"template":"","meta":{"_acf_changed":false,"_et_pb_use_builder":"on","_et_pb_old_content":"","_et_gb_content_width":""},"product_brand":[],"product_cat":[102],"product_tag":[],"class_list":{"0":"post-246119","1":"product","2":"type-product","3":"status-publish","4":"has-post-thumbnail","6":"product_cat-em-taxas","8":"first","9":"instock","10":"shipping-taxable","11":"purchasable","12":"product-type-simple"},"acf":[],"yoast_head":"<!-- This site is optimized with the Yoast SEO plugin v27.5 - https:\/\/yoast.com\/product\/yoast-seo-wordpress\/ -->\n<title>PEERS Pack 2 - Actualizados<\/title>\n<meta name=\"robots\" content=\"index, follow, max-snippet:-1, max-image-preview:large, max-video-preview:-1\" \/>\n<link rel=\"canonical\" href=\"https:\/\/actualizados.com.ar\/pt-br\/produto\/peers-pack-2\/\" \/>\n<meta property=\"og:locale\" content=\"pt_BR\" \/>\n<meta property=\"og:type\" content=\"article\" \/>\n<meta property=\"og:title\" content=\"PEERS Pack 2 - Actualizados\" \/>\n<meta property=\"og:description\" content=\"\ud83c\udf89 OFERTA ESPECIAL!\ud83d\udca5 Compre dois cursos PEERS de sua escolha por um pre\u00e7o com desconto! \ud83d\udca5 Escolha os dois cursos PEERS nos quais voc\u00ea est\u00e1 mais interessado e tenha acesso a um pre\u00e7o promocional imbat\u00edvel:\ud83d\udd39 $624.000 ARS ou 520 USD \ud83d\udd39 Economize $240.000 ARS ou 200 USD! \ud83d\udcb3 Pague em 3 parcelas sem juros com o Mercado Pago ou PayPal\ud83c\udf93 Treinamento oficial com certifica\u00e7\u00e3o internacional\ud83d\udcc6 Vagas limitadas dispon\u00edveis.\" \/>\n<meta property=\"og:url\" content=\"https:\/\/actualizados.com.ar\/pt-br\/produto\/peers-pack-2\/\" \/>\n<meta property=\"og:site_name\" content=\"Actualizados\" \/>\n<meta property=\"article:publisher\" content=\"https:\/\/www.facebook.com\/Actualizados.ar\/\" \/>\n<meta property=\"article:modified_time\" content=\"2025-12-15T13:21:34+00:00\" \/>\n<meta property=\"og:image\" content=\"https:\/\/actualizados.com.ar\/wp-content\/uploads\/2025\/05\/actualizados-500-x-500-1.png\" \/>\n\t<meta property=\"og:image:width\" content=\"500\" \/>\n\t<meta property=\"og:image:height\" content=\"500\" \/>\n\t<meta property=\"og:image:type\" content=\"image\/png\" \/>\n<meta name=\"twitter:card\" content=\"summary_large_image\" \/>\n<script type=\"application\/ld+json\" class=\"yoast-schema-graph\">{\"@context\":\"https:\\\/\\\/schema.org\",\"@graph\":[{\"@type\":\"WebPage\",\"@id\":\"https:\\\/\\\/actualizados.com.ar\\\/pt-br\\\/produto\\\/peers-pack-2\\\/\",\"url\":\"https:\\\/\\\/actualizados.com.ar\\\/pt-br\\\/produto\\\/peers-pack-2\\\/\",\"name\":\"PEERS Pack 2 - Actualizados\",\"isPartOf\":{\"@id\":\"https:\\\/\\\/actualizados.com.ar\\\/pt-br\\\/#website\"},\"primaryImageOfPage\":{\"@id\":\"https:\\\/\\\/actualizados.com.ar\\\/pt-br\\\/produto\\\/peers-pack-2\\\/#primaryimage\"},\"image\":{\"@id\":\"https:\\\/\\\/actualizados.com.ar\\\/pt-br\\\/produto\\\/peers-pack-2\\\/#primaryimage\"},\"thumbnailUrl\":\"https:\\\/\\\/actualizados.com.ar\\\/wp-content\\\/uploads\\\/2025\\\/05\\\/Copia-de-PROMO-1-Si-te-inscribis-a-un-curso-obtenes-gran-un-descuento.-Precio-lista-592.000u490-Promo-432.000-ARS-360-USD-\ud83d\udcb33-cuotas-sin-interes-via-mercado-pago-o-paypal.png\",\"datePublished\":\"2025-05-29T00:11:49+00:00\",\"dateModified\":\"2025-12-15T13:21:34+00:00\",\"breadcrumb\":{\"@id\":\"https:\\\/\\\/actualizados.com.ar\\\/pt-br\\\/produto\\\/peers-pack-2\\\/#breadcrumb\"},\"inLanguage\":\"pt-BR\",\"potentialAction\":[{\"@type\":\"ReadAction\",\"target\":[\"https:\\\/\\\/actualizados.com.ar\\\/pt-br\\\/produto\\\/peers-pack-2\\\/\"]}]},{\"@type\":\"ImageObject\",\"inLanguage\":\"pt-BR\",\"@id\":\"https:\\\/\\\/actualizados.com.ar\\\/pt-br\\\/produto\\\/peers-pack-2\\\/#primaryimage\",\"url\":\"https:\\\/\\\/actualizados.com.ar\\\/wp-content\\\/uploads\\\/2025\\\/05\\\/Copia-de-PROMO-1-Si-te-inscribis-a-un-curso-obtenes-gran-un-descuento.-Precio-lista-592.000u490-Promo-432.000-ARS-360-USD-\ud83d\udcb33-cuotas-sin-interes-via-mercado-pago-o-paypal.png\",\"contentUrl\":\"https:\\\/\\\/actualizados.com.ar\\\/wp-content\\\/uploads\\\/2025\\\/05\\\/Copia-de-PROMO-1-Si-te-inscribis-a-un-curso-obtenes-gran-un-descuento.-Precio-lista-592.000u490-Promo-432.000-ARS-360-USD-\ud83d\udcb33-cuotas-sin-interes-via-mercado-pago-o-paypal.png\",\"width\":150,\"height\":150},{\"@type\":\"BreadcrumbList\",\"@id\":\"https:\\\/\\\/actualizados.com.ar\\\/pt-br\\\/produto\\\/peers-pack-2\\\/#breadcrumb\",\"itemListElement\":[{\"@type\":\"ListItem\",\"position\":1,\"name\":\"Portada\",\"item\":\"https:\\\/\\\/actualizados.com.ar\\\/pt-br\\\/\"},{\"@type\":\"ListItem\",\"position\":2,\"name\":\"Loja\",\"item\":\"https:\\\/\\\/actualizados.com.ar\\\/pt-br\\\/loja\\\/\"},{\"@type\":\"ListItem\",\"position\":3,\"name\":\"PEERS Pack 2\"}]},{\"@type\":\"WebSite\",\"@id\":\"https:\\\/\\\/actualizados.com.ar\\\/pt-br\\\/#website\",\"url\":\"https:\\\/\\\/actualizados.com.ar\\\/pt-br\\\/\",\"name\":\"Actualizados\",\"description\":\"Cursos de autismo, neurodesarrollo y evaluaci\u00f3n\",\"publisher\":{\"@id\":\"https:\\\/\\\/actualizados.com.ar\\\/pt-br\\\/#organization\"},\"potentialAction\":[{\"@type\":\"SearchAction\",\"target\":{\"@type\":\"EntryPoint\",\"urlTemplate\":\"https:\\\/\\\/actualizados.com.ar\\\/pt-br\\\/?s={search_term_string}\"},\"query-input\":{\"@type\":\"PropertyValueSpecification\",\"valueRequired\":true,\"valueName\":\"search_term_string\"}}],\"inLanguage\":\"pt-BR\"},{\"@type\":\"Organization\",\"@id\":\"https:\\\/\\\/actualizados.com.ar\\\/pt-br\\\/#organization\",\"name\":\"Actualizados\",\"url\":\"https:\\\/\\\/actualizados.com.ar\\\/pt-br\\\/\",\"logo\":{\"@type\":\"ImageObject\",\"inLanguage\":\"pt-BR\",\"@id\":\"https:\\\/\\\/actualizados.com.ar\\\/pt-br\\\/#\\\/schema\\\/logo\\\/image\\\/\",\"url\":\"https:\\\/\\\/actualizados.com.ar\\\/wp-content\\\/uploads\\\/2024\\\/10\\\/Diseno-sin-titulo-2024-10-07T171822.151.png\",\"contentUrl\":\"https:\\\/\\\/actualizados.com.ar\\\/wp-content\\\/uploads\\\/2024\\\/10\\\/Diseno-sin-titulo-2024-10-07T171822.151.png\",\"width\":600,\"height\":220,\"caption\":\"Actualizados\"},\"image\":{\"@id\":\"https:\\\/\\\/actualizados.com.ar\\\/pt-br\\\/#\\\/schema\\\/logo\\\/image\\\/\"},\"sameAs\":[\"https:\\\/\\\/www.facebook.com\\\/Actualizados.ar\\\/\",\"https:\\\/\\\/www.instagram.com\\\/actualizados\\\/\"]}]}<\/script>\n<!-- \/ Yoast SEO plugin. -->","yoast_head_json":{"title":"PEERS Pack 2 - Actualizados","robots":{"index":"index","follow":"follow","max-snippet":"max-snippet:-1","max-image-preview":"max-image-preview:large","max-video-preview":"max-video-preview:-1"},"canonical":"https:\/\/actualizados.com.ar\/pt-br\/produto\/peers-pack-2\/","og_locale":"pt_BR","og_type":"article","og_title":"PEERS Pack 2 - Actualizados","og_description":"\ud83c\udf89 OFERTA ESPECIAL!\ud83d\udca5 Compre dois cursos PEERS de sua escolha por um pre\u00e7o com desconto! \ud83d\udca5 Escolha os dois cursos PEERS nos quais voc\u00ea est\u00e1 mais interessado e tenha acesso a um pre\u00e7o promocional imbat\u00edvel:\ud83d\udd39 $624.000 ARS ou 520 USD \ud83d\udd39 Economize $240.000 ARS ou 200 USD! \ud83d\udcb3 Pague em 3 parcelas sem juros com o Mercado Pago ou PayPal\ud83c\udf93 Treinamento oficial com certifica\u00e7\u00e3o internacional\ud83d\udcc6 Vagas limitadas dispon\u00edveis.","og_url":"https:\/\/actualizados.com.ar\/pt-br\/produto\/peers-pack-2\/","og_site_name":"Actualizados","article_publisher":"https:\/\/www.facebook.com\/Actualizados.ar\/","article_modified_time":"2025-12-15T13:21:34+00:00","og_image":[{"width":500,"height":500,"url":"https:\/\/actualizados.com.ar\/wp-content\/uploads\/2025\/05\/actualizados-500-x-500-1.png","type":"image\/png"}],"twitter_card":"summary_large_image","schema":{"@context":"https:\/\/schema.org","@graph":[{"@type":"WebPage","@id":"https:\/\/actualizados.com.ar\/pt-br\/produto\/peers-pack-2\/","url":"https:\/\/actualizados.com.ar\/pt-br\/produto\/peers-pack-2\/","name":"PEERS Pack 2 - Actualizados","isPartOf":{"@id":"https:\/\/actualizados.com.ar\/pt-br\/#website"},"primaryImageOfPage":{"@id":"https:\/\/actualizados.com.ar\/pt-br\/produto\/peers-pack-2\/#primaryimage"},"image":{"@id":"https:\/\/actualizados.com.ar\/pt-br\/produto\/peers-pack-2\/#primaryimage"},"thumbnailUrl":"https:\/\/actualizados.com.ar\/wp-content\/uploads\/2025\/05\/Copia-de-PROMO-1-Si-te-inscribis-a-un-curso-obtenes-gran-un-descuento.-Precio-lista-592.000u490-Promo-432.000-ARS-360-USD-\ud83d\udcb33-cuotas-sin-interes-via-mercado-pago-o-paypal.png","datePublished":"2025-05-29T00:11:49+00:00","dateModified":"2025-12-15T13:21:34+00:00","breadcrumb":{"@id":"https:\/\/actualizados.com.ar\/pt-br\/produto\/peers-pack-2\/#breadcrumb"},"inLanguage":"pt-BR","potentialAction":[{"@type":"ReadAction","target":["https:\/\/actualizados.com.ar\/pt-br\/produto\/peers-pack-2\/"]}]},{"@type":"ImageObject","inLanguage":"pt-BR","@id":"https:\/\/actualizados.com.ar\/pt-br\/produto\/peers-pack-2\/#primaryimage","url":"https:\/\/actualizados.com.ar\/wp-content\/uploads\/2025\/05\/Copia-de-PROMO-1-Si-te-inscribis-a-un-curso-obtenes-gran-un-descuento.-Precio-lista-592.000u490-Promo-432.000-ARS-360-USD-\ud83d\udcb33-cuotas-sin-interes-via-mercado-pago-o-paypal.png","contentUrl":"https:\/\/actualizados.com.ar\/wp-content\/uploads\/2025\/05\/Copia-de-PROMO-1-Si-te-inscribis-a-un-curso-obtenes-gran-un-descuento.-Precio-lista-592.000u490-Promo-432.000-ARS-360-USD-\ud83d\udcb33-cuotas-sin-interes-via-mercado-pago-o-paypal.png","width":150,"height":150},{"@type":"BreadcrumbList","@id":"https:\/\/actualizados.com.ar\/pt-br\/produto\/peers-pack-2\/#breadcrumb","itemListElement":[{"@type":"ListItem","position":1,"name":"Portada","item":"https:\/\/actualizados.com.ar\/pt-br\/"},{"@type":"ListItem","position":2,"name":"Loja","item":"https:\/\/actualizados.com.ar\/pt-br\/loja\/"},{"@type":"ListItem","position":3,"name":"PEERS Pack 2"}]},{"@type":"WebSite","@id":"https:\/\/actualizados.com.ar\/pt-br\/#website","url":"https:\/\/actualizados.com.ar\/pt-br\/","name":"Actualizados","description":"Cursos de autismo, neurodesarrollo y evaluaci\u00f3n","publisher":{"@id":"https:\/\/actualizados.com.ar\/pt-br\/#organization"},"potentialAction":[{"@type":"SearchAction","target":{"@type":"EntryPoint","urlTemplate":"https:\/\/actualizados.com.ar\/pt-br\/?s={search_term_string}"},"query-input":{"@type":"PropertyValueSpecification","valueRequired":true,"valueName":"search_term_string"}}],"inLanguage":"pt-BR"},{"@type":"Organization","@id":"https:\/\/actualizados.com.ar\/pt-br\/#organization","name":"Actualizados","url":"https:\/\/actualizados.com.ar\/pt-br\/","logo":{"@type":"ImageObject","inLanguage":"pt-BR","@id":"https:\/\/actualizados.com.ar\/pt-br\/#\/schema\/logo\/image\/","url":"https:\/\/actualizados.com.ar\/wp-content\/uploads\/2024\/10\/Diseno-sin-titulo-2024-10-07T171822.151.png","contentUrl":"https:\/\/actualizados.com.ar\/wp-content\/uploads\/2024\/10\/Diseno-sin-titulo-2024-10-07T171822.151.png","width":600,"height":220,"caption":"Actualizados"},"image":{"@id":"https:\/\/actualizados.com.ar\/pt-br\/#\/schema\/logo\/image\/"},"sameAs":["https:\/\/www.facebook.com\/Actualizados.ar\/","https:\/\/www.instagram.com\/actualizados\/"]}]}},"_links":{"self":[{"href":"https:\/\/actualizados.com.ar\/pt-br\/wp-json\/wp\/v2\/product\/246119","targetHints":{"allow":["GET"]}}],"collection":[{"href":"https:\/\/actualizados.com.ar\/pt-br\/wp-json\/wp\/v2\/product"}],"about":[{"href":"https:\/\/actualizados.com.ar\/pt-br\/wp-json\/wp\/v2\/types\/product"}],"wp:featuredmedia":[{"embeddable":true,"href":"https:\/\/actualizados.com.ar\/pt-br\/wp-json\/wp\/v2\/media\/253830"}],"wp:attachment":[{"href":"https:\/\/actualizados.com.ar\/pt-br\/wp-json\/wp\/v2\/media?parent=246119"}],"wp:term":[{"taxonomy":"product_brand","embeddable":true,"href":"https:\/\/actualizados.com.ar\/pt-br\/wp-json\/wp\/v2\/product_brand?post=246119"},{"taxonomy":"product_cat","embeddable":true,"href":"https:\/\/actualizados.com.ar\/pt-br\/wp-json\/wp\/v2\/product_cat?post=246119"},{"taxonomy":"product_tag","embeddable":true,"href":"https:\/\/actualizados.com.ar\/pt-br\/wp-json\/wp\/v2\/product_tag?post=246119"}],"curies":[{"name":"wp","href":"https:\/\/api.w.org\/{rel}","templated":true}]}}