{"id":246120,"date":"2025-05-27T19:48:11","date_gmt":"2025-05-27T22:48:11","guid":{"rendered":"https:\/\/actualizados.com.ar\/product\/roleta-alternativa\/"},"modified":"2026-02-11T09:41:07","modified_gmt":"2026-02-11T12:41:07","slug":"roleta-alternativa","status":"publish","type":"product","link":"https:\/\/actualizados.com.ar\/pt-br\/produto\/roleta-alternativa\/","title":{"rendered":"Roleta alternativa"},"content":{"rendered":"","protected":false},"excerpt":{"rendered":"<p>O Alternative Roulette foi desenvolvido para ajudar e resolver problemas de comportamento e impulsividade em crian\u00e7as. O jogo ajuda a desenvolver habilidades emocionais, de tomada de decis\u00f5es e de solu\u00e7\u00e3o de problemas que permitem que a crian\u00e7a se envolva em comportamentos mais positivos, prudentes e menos perturbadores. <\/p>\n<p>Por meio de brincadeiras, \u00e9 poss\u00edvel dialogar sobre os sentimentos, pensamentos e est\u00edmulos que levam a a\u00e7\u00f5es impulsivas e at\u00e9 mesmo perigosas. Ajudar as crian\u00e7as a aprender a identificar e normalizar esses sentimentos, bem como a desenvolver habilidades relacionadas \u00e0 empatia e a desenvolver a capacidade de gerar alternativas e pensar sobre as consequ\u00eancias de suas a\u00e7\u00f5es, as ajudar\u00e1 a tomar melhores decis\u00f5es, resolver problemas e agir de forma mais adequada. <\/p>\n<p>A din\u00e2mica da brincadeira facilita a intera\u00e7\u00e3o, a comunica\u00e7\u00e3o e a abertura da crian\u00e7a que, de outra forma, seriam dif\u00edceis de obter. A brincadeira \u00e9 \u00fatil para todas as crian\u00e7as, n\u00e3o apenas para aquelas com impulsividade ou problemas de comportamento. <\/p>\n<p><strong>Idade:<\/strong> 6 anos ou mais<br \/>\n<strong>Itens inclu\u00eddos:<\/strong> 1 tabuleiro com roleta + 120 cartas + 1 manual de instru\u00e7\u00f5es.<\/p>\n","protected":false},"featured_media":245964,"template":"","meta":{"_acf_changed":false,"_et_pb_use_builder":"","_et_pb_old_content":"","_et_gb_content_width":""},"product_brand":[],"product_cat":[100],"product_tag":[],"class_list":{"0":"post-246120","1":"product","2":"type-product","3":"status-publish","4":"has-post-thumbnail","6":"product_cat-materiais-didaticos","8":"first","9":"outofstock","10":"shipping-taxable","11":"purchasable","12":"product-type-simple"},"acf":[],"yoast_head":"<!-- This site is optimized with the Yoast SEO plugin v27.5 - https:\/\/yoast.com\/product\/yoast-seo-wordpress\/ -->\n<title>Roleta alternativa - Actualizados<\/title>\n<meta name=\"robots\" content=\"index, follow, max-snippet:-1, max-image-preview:large, max-video-preview:-1\" \/>\n<link rel=\"canonical\" href=\"https:\/\/actualizados.com.ar\/pt-br\/produto\/roleta-alternativa\/\" \/>\n<meta property=\"og:locale\" content=\"pt_BR\" \/>\n<meta property=\"og:type\" content=\"article\" \/>\n<meta property=\"og:title\" content=\"Roleta alternativa - Actualizados\" \/>\n<meta property=\"og:description\" content=\"O Alternative Roulette foi desenvolvido para ajudar e resolver problemas de comportamento e impulsividade em crian\u00e7as. O jogo ajuda a desenvolver habilidades emocionais, de tomada de decis\u00f5es e de solu\u00e7\u00e3o de problemas que permitem que a crian\u00e7a se envolva em comportamentos mais positivos, prudentes e menos perturbadores.  Por meio de brincadeiras, \u00e9 poss\u00edvel dialogar sobre os sentimentos, pensamentos e est\u00edmulos que levam a a\u00e7\u00f5es impulsivas e at\u00e9 mesmo perigosas. Ajudar as crian\u00e7as a aprender a identificar e normalizar esses sentimentos, bem como a desenvolver habilidades relacionadas \u00e0 empatia e a desenvolver a capacidade de gerar alternativas e pensar sobre as consequ\u00eancias de suas a\u00e7\u00f5es, as ajudar\u00e1 a tomar melhores decis\u00f5es, resolver problemas e agir de forma mais adequada.  A din\u00e2mica da brincadeira facilita a intera\u00e7\u00e3o, a comunica\u00e7\u00e3o e a abertura da crian\u00e7a que, de outra forma, seriam dif\u00edceis de obter. A brincadeira \u00e9 \u00fatil para todas as crian\u00e7as, n\u00e3o apenas para aquelas com impulsividade ou problemas de comportamento.  Idade: 6 anos ou mais Itens inclu\u00eddos: 1 tabuleiro com roleta + 120 cartas + 1 manual de instru\u00e7\u00f5es.\" \/>\n<meta property=\"og:url\" content=\"https:\/\/actualizados.com.ar\/pt-br\/produto\/roleta-alternativa\/\" \/>\n<meta property=\"og:site_name\" content=\"Actualizados\" \/>\n<meta property=\"article:publisher\" content=\"https:\/\/www.facebook.com\/Actualizados.ar\/\" \/>\n<meta property=\"article:modified_time\" content=\"2026-02-11T12:41:07+00:00\" \/>\n<meta property=\"og:image\" content=\"https:\/\/actualizados.com.ar\/wp-content\/uploads\/2025\/05\/44.png\" \/>\n\t<meta property=\"og:image:width\" content=\"512\" \/>\n\t<meta property=\"og:image:height\" content=\"512\" \/>\n\t<meta property=\"og:image:type\" content=\"image\/png\" \/>\n<meta name=\"twitter:card\" content=\"summary_large_image\" \/>\n<script type=\"application\/ld+json\" class=\"yoast-schema-graph\">{\"@context\":\"https:\\\/\\\/schema.org\",\"@graph\":[{\"@type\":\"WebPage\",\"@id\":\"https:\\\/\\\/actualizados.com.ar\\\/pt-br\\\/produto\\\/roleta-alternativa\\\/\",\"url\":\"https:\\\/\\\/actualizados.com.ar\\\/pt-br\\\/produto\\\/roleta-alternativa\\\/\",\"name\":\"Roleta alternativa - Actualizados\",\"isPartOf\":{\"@id\":\"https:\\\/\\\/actualizados.com.ar\\\/pt-br\\\/#website\"},\"primaryImageOfPage\":{\"@id\":\"https:\\\/\\\/actualizados.com.ar\\\/pt-br\\\/produto\\\/roleta-alternativa\\\/#primaryimage\"},\"image\":{\"@id\":\"https:\\\/\\\/actualizados.com.ar\\\/pt-br\\\/produto\\\/roleta-alternativa\\\/#primaryimage\"},\"thumbnailUrl\":\"https:\\\/\\\/actualizados.com.ar\\\/wp-content\\\/uploads\\\/2025\\\/05\\\/44.png\",\"datePublished\":\"2025-05-27T22:48:11+00:00\",\"dateModified\":\"2026-02-11T12:41:07+00:00\",\"breadcrumb\":{\"@id\":\"https:\\\/\\\/actualizados.com.ar\\\/pt-br\\\/produto\\\/roleta-alternativa\\\/#breadcrumb\"},\"inLanguage\":\"pt-BR\",\"potentialAction\":[{\"@type\":\"ReadAction\",\"target\":[\"https:\\\/\\\/actualizados.com.ar\\\/pt-br\\\/produto\\\/roleta-alternativa\\\/\"]}]},{\"@type\":\"ImageObject\",\"inLanguage\":\"pt-BR\",\"@id\":\"https:\\\/\\\/actualizados.com.ar\\\/pt-br\\\/produto\\\/roleta-alternativa\\\/#primaryimage\",\"url\":\"https:\\\/\\\/actualizados.com.ar\\\/wp-content\\\/uploads\\\/2025\\\/05\\\/44.png\",\"contentUrl\":\"https:\\\/\\\/actualizados.com.ar\\\/wp-content\\\/uploads\\\/2025\\\/05\\\/44.png\",\"width\":512,\"height\":512},{\"@type\":\"BreadcrumbList\",\"@id\":\"https:\\\/\\\/actualizados.com.ar\\\/pt-br\\\/produto\\\/roleta-alternativa\\\/#breadcrumb\",\"itemListElement\":[{\"@type\":\"ListItem\",\"position\":1,\"name\":\"Portada\",\"item\":\"https:\\\/\\\/actualizados.com.ar\\\/pt-br\\\/\"},{\"@type\":\"ListItem\",\"position\":2,\"name\":\"Loja\",\"item\":\"https:\\\/\\\/actualizados.com.ar\\\/pt-br\\\/loja\\\/\"},{\"@type\":\"ListItem\",\"position\":3,\"name\":\"Roleta alternativa\"}]},{\"@type\":\"WebSite\",\"@id\":\"https:\\\/\\\/actualizados.com.ar\\\/pt-br\\\/#website\",\"url\":\"https:\\\/\\\/actualizados.com.ar\\\/pt-br\\\/\",\"name\":\"Actualizados\",\"description\":\"Cursos de autismo, neurodesarrollo y evaluaci\u00f3n\",\"publisher\":{\"@id\":\"https:\\\/\\\/actualizados.com.ar\\\/pt-br\\\/#organization\"},\"potentialAction\":[{\"@type\":\"SearchAction\",\"target\":{\"@type\":\"EntryPoint\",\"urlTemplate\":\"https:\\\/\\\/actualizados.com.ar\\\/pt-br\\\/?s={search_term_string}\"},\"query-input\":{\"@type\":\"PropertyValueSpecification\",\"valueRequired\":true,\"valueName\":\"search_term_string\"}}],\"inLanguage\":\"pt-BR\"},{\"@type\":\"Organization\",\"@id\":\"https:\\\/\\\/actualizados.com.ar\\\/pt-br\\\/#organization\",\"name\":\"Actualizados\",\"url\":\"https:\\\/\\\/actualizados.com.ar\\\/pt-br\\\/\",\"logo\":{\"@type\":\"ImageObject\",\"inLanguage\":\"pt-BR\",\"@id\":\"https:\\\/\\\/actualizados.com.ar\\\/pt-br\\\/#\\\/schema\\\/logo\\\/image\\\/\",\"url\":\"https:\\\/\\\/actualizados.com.ar\\\/wp-content\\\/uploads\\\/2024\\\/10\\\/Diseno-sin-titulo-2024-10-07T171822.151.png\",\"contentUrl\":\"https:\\\/\\\/actualizados.com.ar\\\/wp-content\\\/uploads\\\/2024\\\/10\\\/Diseno-sin-titulo-2024-10-07T171822.151.png\",\"width\":600,\"height\":220,\"caption\":\"Actualizados\"},\"image\":{\"@id\":\"https:\\\/\\\/actualizados.com.ar\\\/pt-br\\\/#\\\/schema\\\/logo\\\/image\\\/\"},\"sameAs\":[\"https:\\\/\\\/www.facebook.com\\\/Actualizados.ar\\\/\",\"https:\\\/\\\/www.instagram.com\\\/actualizados\\\/\"]}]}<\/script>\n<!-- \/ Yoast SEO plugin. -->","yoast_head_json":{"title":"Roleta alternativa - Actualizados","robots":{"index":"index","follow":"follow","max-snippet":"max-snippet:-1","max-image-preview":"max-image-preview:large","max-video-preview":"max-video-preview:-1"},"canonical":"https:\/\/actualizados.com.ar\/pt-br\/produto\/roleta-alternativa\/","og_locale":"pt_BR","og_type":"article","og_title":"Roleta alternativa - Actualizados","og_description":"O Alternative Roulette foi desenvolvido para ajudar e resolver problemas de comportamento e impulsividade em crian\u00e7as. O jogo ajuda a desenvolver habilidades emocionais, de tomada de decis\u00f5es e de solu\u00e7\u00e3o de problemas que permitem que a crian\u00e7a se envolva em comportamentos mais positivos, prudentes e menos perturbadores.  Por meio de brincadeiras, \u00e9 poss\u00edvel dialogar sobre os sentimentos, pensamentos e est\u00edmulos que levam a a\u00e7\u00f5es impulsivas e at\u00e9 mesmo perigosas. Ajudar as crian\u00e7as a aprender a identificar e normalizar esses sentimentos, bem como a desenvolver habilidades relacionadas \u00e0 empatia e a desenvolver a capacidade de gerar alternativas e pensar sobre as consequ\u00eancias de suas a\u00e7\u00f5es, as ajudar\u00e1 a tomar melhores decis\u00f5es, resolver problemas e agir de forma mais adequada.  A din\u00e2mica da brincadeira facilita a intera\u00e7\u00e3o, a comunica\u00e7\u00e3o e a abertura da crian\u00e7a que, de outra forma, seriam dif\u00edceis de obter. A brincadeira \u00e9 \u00fatil para todas as crian\u00e7as, n\u00e3o apenas para aquelas com impulsividade ou problemas de comportamento.  Idade: 6 anos ou mais Itens inclu\u00eddos: 1 tabuleiro com roleta + 120 cartas + 1 manual de instru\u00e7\u00f5es.","og_url":"https:\/\/actualizados.com.ar\/pt-br\/produto\/roleta-alternativa\/","og_site_name":"Actualizados","article_publisher":"https:\/\/www.facebook.com\/Actualizados.ar\/","article_modified_time":"2026-02-11T12:41:07+00:00","og_image":[{"width":512,"height":512,"url":"https:\/\/actualizados.com.ar\/wp-content\/uploads\/2025\/05\/44.png","type":"image\/png"}],"twitter_card":"summary_large_image","schema":{"@context":"https:\/\/schema.org","@graph":[{"@type":"WebPage","@id":"https:\/\/actualizados.com.ar\/pt-br\/produto\/roleta-alternativa\/","url":"https:\/\/actualizados.com.ar\/pt-br\/produto\/roleta-alternativa\/","name":"Roleta alternativa - Actualizados","isPartOf":{"@id":"https:\/\/actualizados.com.ar\/pt-br\/#website"},"primaryImageOfPage":{"@id":"https:\/\/actualizados.com.ar\/pt-br\/produto\/roleta-alternativa\/#primaryimage"},"image":{"@id":"https:\/\/actualizados.com.ar\/pt-br\/produto\/roleta-alternativa\/#primaryimage"},"thumbnailUrl":"https:\/\/actualizados.com.ar\/wp-content\/uploads\/2025\/05\/44.png","datePublished":"2025-05-27T22:48:11+00:00","dateModified":"2026-02-11T12:41:07+00:00","breadcrumb":{"@id":"https:\/\/actualizados.com.ar\/pt-br\/produto\/roleta-alternativa\/#breadcrumb"},"inLanguage":"pt-BR","potentialAction":[{"@type":"ReadAction","target":["https:\/\/actualizados.com.ar\/pt-br\/produto\/roleta-alternativa\/"]}]},{"@type":"ImageObject","inLanguage":"pt-BR","@id":"https:\/\/actualizados.com.ar\/pt-br\/produto\/roleta-alternativa\/#primaryimage","url":"https:\/\/actualizados.com.ar\/wp-content\/uploads\/2025\/05\/44.png","contentUrl":"https:\/\/actualizados.com.ar\/wp-content\/uploads\/2025\/05\/44.png","width":512,"height":512},{"@type":"BreadcrumbList","@id":"https:\/\/actualizados.com.ar\/pt-br\/produto\/roleta-alternativa\/#breadcrumb","itemListElement":[{"@type":"ListItem","position":1,"name":"Portada","item":"https:\/\/actualizados.com.ar\/pt-br\/"},{"@type":"ListItem","position":2,"name":"Loja","item":"https:\/\/actualizados.com.ar\/pt-br\/loja\/"},{"@type":"ListItem","position":3,"name":"Roleta alternativa"}]},{"@type":"WebSite","@id":"https:\/\/actualizados.com.ar\/pt-br\/#website","url":"https:\/\/actualizados.com.ar\/pt-br\/","name":"Actualizados","description":"Cursos de autismo, neurodesarrollo y evaluaci\u00f3n","publisher":{"@id":"https:\/\/actualizados.com.ar\/pt-br\/#organization"},"potentialAction":[{"@type":"SearchAction","target":{"@type":"EntryPoint","urlTemplate":"https:\/\/actualizados.com.ar\/pt-br\/?s={search_term_string}"},"query-input":{"@type":"PropertyValueSpecification","valueRequired":true,"valueName":"search_term_string"}}],"inLanguage":"pt-BR"},{"@type":"Organization","@id":"https:\/\/actualizados.com.ar\/pt-br\/#organization","name":"Actualizados","url":"https:\/\/actualizados.com.ar\/pt-br\/","logo":{"@type":"ImageObject","inLanguage":"pt-BR","@id":"https:\/\/actualizados.com.ar\/pt-br\/#\/schema\/logo\/image\/","url":"https:\/\/actualizados.com.ar\/wp-content\/uploads\/2024\/10\/Diseno-sin-titulo-2024-10-07T171822.151.png","contentUrl":"https:\/\/actualizados.com.ar\/wp-content\/uploads\/2024\/10\/Diseno-sin-titulo-2024-10-07T171822.151.png","width":600,"height":220,"caption":"Actualizados"},"image":{"@id":"https:\/\/actualizados.com.ar\/pt-br\/#\/schema\/logo\/image\/"},"sameAs":["https:\/\/www.facebook.com\/Actualizados.ar\/","https:\/\/www.instagram.com\/actualizados\/"]}]}},"_links":{"self":[{"href":"https:\/\/actualizados.com.ar\/pt-br\/wp-json\/wp\/v2\/product\/246120","targetHints":{"allow":["GET"]}}],"collection":[{"href":"https:\/\/actualizados.com.ar\/pt-br\/wp-json\/wp\/v2\/product"}],"about":[{"href":"https:\/\/actualizados.com.ar\/pt-br\/wp-json\/wp\/v2\/types\/product"}],"wp:featuredmedia":[{"embeddable":true,"href":"https:\/\/actualizados.com.ar\/pt-br\/wp-json\/wp\/v2\/media\/245964"}],"wp:attachment":[{"href":"https:\/\/actualizados.com.ar\/pt-br\/wp-json\/wp\/v2\/media?parent=246120"}],"wp:term":[{"taxonomy":"product_brand","embeddable":true,"href":"https:\/\/actualizados.com.ar\/pt-br\/wp-json\/wp\/v2\/product_brand?post=246120"},{"taxonomy":"product_cat","embeddable":true,"href":"https:\/\/actualizados.com.ar\/pt-br\/wp-json\/wp\/v2\/product_cat?post=246120"},{"taxonomy":"product_tag","embeddable":true,"href":"https:\/\/actualizados.com.ar\/pt-br\/wp-json\/wp\/v2\/product_tag?post=246120"}],"curies":[{"name":"wp","href":"https:\/\/api.w.org\/{rel}","templated":true}]}}