{"id":246124,"date":"2024-09-04T15:14:50","date_gmt":"2024-09-04T18:14:50","guid":{"rendered":"https:\/\/actualizados.com.ar\/product\/maci-ii-inventario-clinico-de-millon-para-adolescentes\/"},"modified":"2024-09-04T15:14:50","modified_gmt":"2024-09-04T18:14:50","slug":"maci-ii-inventario-clinico-de-millon-para-adolescentes","status":"publish","type":"product","link":"https:\/\/actualizados.com.ar\/pt-br\/produto\/maci-ii-inventario-clinico-de-millon-para-adolescentes\/","title":{"rendered":"MACI-II, INVENT\u00c1RIO CL\u00cdNICO DE MILLON PARA ADOLESCENTES"},"content":{"rendered":"","protected":false},"excerpt":{"rendered":"<p><span style=\"color: #ff0000;\">Inclui: Conjunto completo de aplicativos manuais (inclui manual, livretos (10), folha de respostas (25) e 25 perfis on-line (Q-global))<\/span><\/p>\n<p>&nbsp;<\/p>\n<p><strong>PRINCIPAIS CARACTER\u00cdSTICAS:<\/strong><\/p>\n<ul>\n<li>Criado <strong>especificamente para a popula\u00e7\u00e3o adolescente<\/strong>.<\/li>\n<li>Baseado na renomada <strong>teoria evolutiva da personalidade do Dr. Millon<\/strong>.<\/li>\n<li><strong>As s\u00edndromes cl\u00ednicas<\/strong> e <strong>as preocupa\u00e7\u00f5es expressas<\/strong> s\u00e3o conceituadas no contexto do <strong>estilo de personalidade do adolescente<\/strong>.<\/li>\n<li><strong>24 escalas cl\u00ednicas<\/strong> para abordar especificamente as preocupa\u00e7\u00f5es e situa\u00e7\u00f5es subjetivas enfrentadas pelos adolescentes.<\/li>\n<\/ul>\n<p>&nbsp;<\/p>\n<p>&nbsp;<\/p>\n<p><strong>PRINCIPAIS NOVIDADES:<\/strong><\/p>\n<ul>\n<li>Aplica\u00e7\u00e3o r\u00e1pida e f\u00e1cil: aproximadamente <strong>20 a 25 minutos<\/strong>.<\/li>\n<li>Novas <strong>escalas atualizadas<\/strong>, <strong>duas faixas et\u00e1rias<\/strong> e <strong>combinadas por g\u00eanero<\/strong>.<\/li>\n<li><strong>Amostra representativa<\/strong> de uma variedade de cen\u00e1rios e situa\u00e7\u00f5es cl\u00ednicas.<\/li>\n<li><strong>Novos itens<\/strong> adaptados e revisados para o <strong>contexto atual <\/strong>dos <strong>adolescentes<\/strong>.<\/li>\n<li><strong>Padr\u00f5es de personalidade<\/strong> de acordo com os crit\u00e9rios de diagn\u00f3stico <strong>do DSM-5<\/strong>.<\/li>\n<li>Novas <strong>facetas de Grossman<\/strong> que aumentam a utilidade cl\u00ednica do teste.<\/li>\n<li>Novas escalas de <strong>s\u00edndromes cl\u00ednicas<\/strong>.<\/li>\n<li><strong>Escalas de validade atualizadas<\/strong>.<\/li>\n<li><strong>Possibilidade de inscri\u00e7\u00e3o <em>on-line<\/em><\/strong> r\u00e1pida, confi\u00e1vel e segura e <strong>corre\u00e7\u00e3o <em>on-line<\/em><\/strong> em nossa plataforma Q-global.<\/li>\n<\/ul>\n","protected":false},"featured_media":236141,"template":"","meta":{"_acf_changed":false,"_et_pb_use_builder":"","_et_pb_old_content":"","_et_gb_content_width":""},"product_brand":[],"product_cat":[101],"product_tag":[],"class_list":{"0":"post-246124","1":"product","2":"type-product","3":"status-publish","4":"has-post-thumbnail","6":"product_cat-baterias-de-avaliacao","8":"first","9":"instock","10":"shipping-taxable","11":"purchasable","12":"product-type-simple"},"acf":[],"yoast_head":"<!-- This site is optimized with the Yoast SEO plugin v27.5 - https:\/\/yoast.com\/product\/yoast-seo-wordpress\/ -->\n<title>MACI-II, INVENT\u00c1RIO CL\u00cdNICO DE MILLON PARA ADOLESCENTES - Actualizados<\/title>\n<meta name=\"robots\" content=\"index, follow, max-snippet:-1, max-image-preview:large, max-video-preview:-1\" \/>\n<link rel=\"canonical\" href=\"https:\/\/actualizados.com.ar\/pt-br\/produto\/maci-ii-inventario-clinico-de-millon-para-adolescentes\/\" \/>\n<meta property=\"og:locale\" content=\"pt_BR\" \/>\n<meta property=\"og:type\" content=\"article\" \/>\n<meta property=\"og:title\" content=\"MACI-II, INVENT\u00c1RIO CL\u00cdNICO DE MILLON PARA ADOLESCENTES - Actualizados\" \/>\n<meta property=\"og:description\" content=\"Inclui: Conjunto completo de aplicativos manuais (inclui manual, livretos (10), folha de respostas (25) e 25 perfis on-line (Q-global)) &nbsp; PRINCIPAIS CARACTER\u00cdSTICAS:  Criado especificamente para a popula\u00e7\u00e3o adolescente.  Baseado na renomada teoria evolutiva da personalidade do Dr. Millon.  As s\u00edndromes cl\u00ednicas e as preocupa\u00e7\u00f5es expressas s\u00e3o conceituadas no contexto do estilo de personalidade do adolescente.  24 escalas cl\u00ednicas para abordar especificamente as preocupa\u00e7\u00f5es e situa\u00e7\u00f5es subjetivas enfrentadas pelos adolescentes. &nbsp; &nbsp; PRINCIPAIS NOVIDADES:  Aplica\u00e7\u00e3o r\u00e1pida e f\u00e1cil: aproximadamente 20 a 25 minutos.  Novas escalas atualizadas, duas faixas et\u00e1rias e combinadas por g\u00eanero.  Amostra representativa de uma variedade de cen\u00e1rios e situa\u00e7\u00f5es cl\u00ednicas.  Novos itens adaptados e revisados para o contexto atual dos adolescentes.  Padr\u00f5es de personalidade de acordo com os crit\u00e9rios de diagn\u00f3stico do DSM-5.  Novas facetas de Grossman que aumentam a utilidade cl\u00ednica do teste.  Novas escalas de s\u00edndromes cl\u00ednicas.  Escalas de validade atualizadas.  Possibilidade de inscri\u00e7\u00e3o on-line r\u00e1pida, confi\u00e1vel e segura e corre\u00e7\u00e3o on-line em nossa plataforma Q-global.\" \/>\n<meta property=\"og:url\" content=\"https:\/\/actualizados.com.ar\/pt-br\/produto\/maci-ii-inventario-clinico-de-millon-para-adolescentes\/\" \/>\n<meta property=\"og:site_name\" content=\"Actualizados\" \/>\n<meta property=\"article:publisher\" content=\"https:\/\/www.facebook.com\/Actualizados.ar\/\" \/>\n<meta property=\"og:image\" content=\"https:\/\/actualizados.com.ar\/wp-content\/uploads\/2024\/09\/MACI-II-INVENTARIO-CLINICO-PARA-ADOLESCENTES-DE-MILLON.png\" \/>\n\t<meta property=\"og:image:width\" content=\"650\" \/>\n\t<meta property=\"og:image:height\" content=\"650\" \/>\n\t<meta property=\"og:image:type\" content=\"image\/png\" \/>\n<meta name=\"twitter:card\" content=\"summary_large_image\" \/>\n<script type=\"application\/ld+json\" class=\"yoast-schema-graph\">{\"@context\":\"https:\\\/\\\/schema.org\",\"@graph\":[{\"@type\":\"WebPage\",\"@id\":\"https:\\\/\\\/actualizados.com.ar\\\/pt-br\\\/produto\\\/maci-ii-inventario-clinico-de-millon-para-adolescentes\\\/\",\"url\":\"https:\\\/\\\/actualizados.com.ar\\\/pt-br\\\/produto\\\/maci-ii-inventario-clinico-de-millon-para-adolescentes\\\/\",\"name\":\"MACI-II, INVENT\u00c1RIO CL\u00cdNICO DE MILLON PARA ADOLESCENTES - Actualizados\",\"isPartOf\":{\"@id\":\"https:\\\/\\\/actualizados.com.ar\\\/pt-br\\\/#website\"},\"primaryImageOfPage\":{\"@id\":\"https:\\\/\\\/actualizados.com.ar\\\/pt-br\\\/produto\\\/maci-ii-inventario-clinico-de-millon-para-adolescentes\\\/#primaryimage\"},\"image\":{\"@id\":\"https:\\\/\\\/actualizados.com.ar\\\/pt-br\\\/produto\\\/maci-ii-inventario-clinico-de-millon-para-adolescentes\\\/#primaryimage\"},\"thumbnailUrl\":\"https:\\\/\\\/actualizados.com.ar\\\/wp-content\\\/uploads\\\/2024\\\/09\\\/MACI-II-INVENTARIO-CLINICO-PARA-ADOLESCENTES-DE-MILLON.png\",\"datePublished\":\"2024-09-04T18:14:50+00:00\",\"breadcrumb\":{\"@id\":\"https:\\\/\\\/actualizados.com.ar\\\/pt-br\\\/produto\\\/maci-ii-inventario-clinico-de-millon-para-adolescentes\\\/#breadcrumb\"},\"inLanguage\":\"pt-BR\",\"potentialAction\":[{\"@type\":\"ReadAction\",\"target\":[\"https:\\\/\\\/actualizados.com.ar\\\/pt-br\\\/produto\\\/maci-ii-inventario-clinico-de-millon-para-adolescentes\\\/\"]}]},{\"@type\":\"ImageObject\",\"inLanguage\":\"pt-BR\",\"@id\":\"https:\\\/\\\/actualizados.com.ar\\\/pt-br\\\/produto\\\/maci-ii-inventario-clinico-de-millon-para-adolescentes\\\/#primaryimage\",\"url\":\"https:\\\/\\\/actualizados.com.ar\\\/wp-content\\\/uploads\\\/2024\\\/09\\\/MACI-II-INVENTARIO-CLINICO-PARA-ADOLESCENTES-DE-MILLON.png\",\"contentUrl\":\"https:\\\/\\\/actualizados.com.ar\\\/wp-content\\\/uploads\\\/2024\\\/09\\\/MACI-II-INVENTARIO-CLINICO-PARA-ADOLESCENTES-DE-MILLON.png\",\"width\":650,\"height\":650},{\"@type\":\"BreadcrumbList\",\"@id\":\"https:\\\/\\\/actualizados.com.ar\\\/pt-br\\\/produto\\\/maci-ii-inventario-clinico-de-millon-para-adolescentes\\\/#breadcrumb\",\"itemListElement\":[{\"@type\":\"ListItem\",\"position\":1,\"name\":\"Portada\",\"item\":\"https:\\\/\\\/actualizados.com.ar\\\/pt-br\\\/\"},{\"@type\":\"ListItem\",\"position\":2,\"name\":\"Loja\",\"item\":\"https:\\\/\\\/actualizados.com.ar\\\/pt-br\\\/loja\\\/\"},{\"@type\":\"ListItem\",\"position\":3,\"name\":\"MACI-II, INVENT\u00c1RIO CL\u00cdNICO DE MILLON PARA ADOLESCENTES\"}]},{\"@type\":\"WebSite\",\"@id\":\"https:\\\/\\\/actualizados.com.ar\\\/pt-br\\\/#website\",\"url\":\"https:\\\/\\\/actualizados.com.ar\\\/pt-br\\\/\",\"name\":\"Actualizados\",\"description\":\"Cursos de autismo, neurodesarrollo y evaluaci\u00f3n\",\"publisher\":{\"@id\":\"https:\\\/\\\/actualizados.com.ar\\\/pt-br\\\/#organization\"},\"potentialAction\":[{\"@type\":\"SearchAction\",\"target\":{\"@type\":\"EntryPoint\",\"urlTemplate\":\"https:\\\/\\\/actualizados.com.ar\\\/pt-br\\\/?s={search_term_string}\"},\"query-input\":{\"@type\":\"PropertyValueSpecification\",\"valueRequired\":true,\"valueName\":\"search_term_string\"}}],\"inLanguage\":\"pt-BR\"},{\"@type\":\"Organization\",\"@id\":\"https:\\\/\\\/actualizados.com.ar\\\/pt-br\\\/#organization\",\"name\":\"Actualizados\",\"url\":\"https:\\\/\\\/actualizados.com.ar\\\/pt-br\\\/\",\"logo\":{\"@type\":\"ImageObject\",\"inLanguage\":\"pt-BR\",\"@id\":\"https:\\\/\\\/actualizados.com.ar\\\/pt-br\\\/#\\\/schema\\\/logo\\\/image\\\/\",\"url\":\"https:\\\/\\\/actualizados.com.ar\\\/wp-content\\\/uploads\\\/2024\\\/10\\\/Diseno-sin-titulo-2024-10-07T171822.151.png\",\"contentUrl\":\"https:\\\/\\\/actualizados.com.ar\\\/wp-content\\\/uploads\\\/2024\\\/10\\\/Diseno-sin-titulo-2024-10-07T171822.151.png\",\"width\":600,\"height\":220,\"caption\":\"Actualizados\"},\"image\":{\"@id\":\"https:\\\/\\\/actualizados.com.ar\\\/pt-br\\\/#\\\/schema\\\/logo\\\/image\\\/\"},\"sameAs\":[\"https:\\\/\\\/www.facebook.com\\\/Actualizados.ar\\\/\",\"https:\\\/\\\/www.instagram.com\\\/actualizados\\\/\"]}]}<\/script>\n<!-- \/ Yoast SEO plugin. -->","yoast_head_json":{"title":"MACI-II, INVENT\u00c1RIO CL\u00cdNICO DE MILLON PARA ADOLESCENTES - Actualizados","robots":{"index":"index","follow":"follow","max-snippet":"max-snippet:-1","max-image-preview":"max-image-preview:large","max-video-preview":"max-video-preview:-1"},"canonical":"https:\/\/actualizados.com.ar\/pt-br\/produto\/maci-ii-inventario-clinico-de-millon-para-adolescentes\/","og_locale":"pt_BR","og_type":"article","og_title":"MACI-II, INVENT\u00c1RIO CL\u00cdNICO DE MILLON PARA ADOLESCENTES - Actualizados","og_description":"Inclui: Conjunto completo de aplicativos manuais (inclui manual, livretos (10), folha de respostas (25) e 25 perfis on-line (Q-global)) &nbsp; PRINCIPAIS CARACTER\u00cdSTICAS:  Criado especificamente para a popula\u00e7\u00e3o adolescente.  Baseado na renomada teoria evolutiva da personalidade do Dr. Millon.  As s\u00edndromes cl\u00ednicas e as preocupa\u00e7\u00f5es expressas s\u00e3o conceituadas no contexto do estilo de personalidade do adolescente.  24 escalas cl\u00ednicas para abordar especificamente as preocupa\u00e7\u00f5es e situa\u00e7\u00f5es subjetivas enfrentadas pelos adolescentes. &nbsp; &nbsp; PRINCIPAIS NOVIDADES:  Aplica\u00e7\u00e3o r\u00e1pida e f\u00e1cil: aproximadamente 20 a 25 minutos.  Novas escalas atualizadas, duas faixas et\u00e1rias e combinadas por g\u00eanero.  Amostra representativa de uma variedade de cen\u00e1rios e situa\u00e7\u00f5es cl\u00ednicas.  Novos itens adaptados e revisados para o contexto atual dos adolescentes.  Padr\u00f5es de personalidade de acordo com os crit\u00e9rios de diagn\u00f3stico do DSM-5.  Novas facetas de Grossman que aumentam a utilidade cl\u00ednica do teste.  Novas escalas de s\u00edndromes cl\u00ednicas.  Escalas de validade atualizadas.  Possibilidade de inscri\u00e7\u00e3o on-line r\u00e1pida, confi\u00e1vel e segura e corre\u00e7\u00e3o on-line em nossa plataforma Q-global.","og_url":"https:\/\/actualizados.com.ar\/pt-br\/produto\/maci-ii-inventario-clinico-de-millon-para-adolescentes\/","og_site_name":"Actualizados","article_publisher":"https:\/\/www.facebook.com\/Actualizados.ar\/","og_image":[{"width":650,"height":650,"url":"https:\/\/actualizados.com.ar\/wp-content\/uploads\/2024\/09\/MACI-II-INVENTARIO-CLINICO-PARA-ADOLESCENTES-DE-MILLON.png","type":"image\/png"}],"twitter_card":"summary_large_image","schema":{"@context":"https:\/\/schema.org","@graph":[{"@type":"WebPage","@id":"https:\/\/actualizados.com.ar\/pt-br\/produto\/maci-ii-inventario-clinico-de-millon-para-adolescentes\/","url":"https:\/\/actualizados.com.ar\/pt-br\/produto\/maci-ii-inventario-clinico-de-millon-para-adolescentes\/","name":"MACI-II, INVENT\u00c1RIO CL\u00cdNICO DE MILLON PARA ADOLESCENTES - Actualizados","isPartOf":{"@id":"https:\/\/actualizados.com.ar\/pt-br\/#website"},"primaryImageOfPage":{"@id":"https:\/\/actualizados.com.ar\/pt-br\/produto\/maci-ii-inventario-clinico-de-millon-para-adolescentes\/#primaryimage"},"image":{"@id":"https:\/\/actualizados.com.ar\/pt-br\/produto\/maci-ii-inventario-clinico-de-millon-para-adolescentes\/#primaryimage"},"thumbnailUrl":"https:\/\/actualizados.com.ar\/wp-content\/uploads\/2024\/09\/MACI-II-INVENTARIO-CLINICO-PARA-ADOLESCENTES-DE-MILLON.png","datePublished":"2024-09-04T18:14:50+00:00","breadcrumb":{"@id":"https:\/\/actualizados.com.ar\/pt-br\/produto\/maci-ii-inventario-clinico-de-millon-para-adolescentes\/#breadcrumb"},"inLanguage":"pt-BR","potentialAction":[{"@type":"ReadAction","target":["https:\/\/actualizados.com.ar\/pt-br\/produto\/maci-ii-inventario-clinico-de-millon-para-adolescentes\/"]}]},{"@type":"ImageObject","inLanguage":"pt-BR","@id":"https:\/\/actualizados.com.ar\/pt-br\/produto\/maci-ii-inventario-clinico-de-millon-para-adolescentes\/#primaryimage","url":"https:\/\/actualizados.com.ar\/wp-content\/uploads\/2024\/09\/MACI-II-INVENTARIO-CLINICO-PARA-ADOLESCENTES-DE-MILLON.png","contentUrl":"https:\/\/actualizados.com.ar\/wp-content\/uploads\/2024\/09\/MACI-II-INVENTARIO-CLINICO-PARA-ADOLESCENTES-DE-MILLON.png","width":650,"height":650},{"@type":"BreadcrumbList","@id":"https:\/\/actualizados.com.ar\/pt-br\/produto\/maci-ii-inventario-clinico-de-millon-para-adolescentes\/#breadcrumb","itemListElement":[{"@type":"ListItem","position":1,"name":"Portada","item":"https:\/\/actualizados.com.ar\/pt-br\/"},{"@type":"ListItem","position":2,"name":"Loja","item":"https:\/\/actualizados.com.ar\/pt-br\/loja\/"},{"@type":"ListItem","position":3,"name":"MACI-II, INVENT\u00c1RIO CL\u00cdNICO DE MILLON PARA ADOLESCENTES"}]},{"@type":"WebSite","@id":"https:\/\/actualizados.com.ar\/pt-br\/#website","url":"https:\/\/actualizados.com.ar\/pt-br\/","name":"Actualizados","description":"Cursos de autismo, neurodesarrollo y evaluaci\u00f3n","publisher":{"@id":"https:\/\/actualizados.com.ar\/pt-br\/#organization"},"potentialAction":[{"@type":"SearchAction","target":{"@type":"EntryPoint","urlTemplate":"https:\/\/actualizados.com.ar\/pt-br\/?s={search_term_string}"},"query-input":{"@type":"PropertyValueSpecification","valueRequired":true,"valueName":"search_term_string"}}],"inLanguage":"pt-BR"},{"@type":"Organization","@id":"https:\/\/actualizados.com.ar\/pt-br\/#organization","name":"Actualizados","url":"https:\/\/actualizados.com.ar\/pt-br\/","logo":{"@type":"ImageObject","inLanguage":"pt-BR","@id":"https:\/\/actualizados.com.ar\/pt-br\/#\/schema\/logo\/image\/","url":"https:\/\/actualizados.com.ar\/wp-content\/uploads\/2024\/10\/Diseno-sin-titulo-2024-10-07T171822.151.png","contentUrl":"https:\/\/actualizados.com.ar\/wp-content\/uploads\/2024\/10\/Diseno-sin-titulo-2024-10-07T171822.151.png","width":600,"height":220,"caption":"Actualizados"},"image":{"@id":"https:\/\/actualizados.com.ar\/pt-br\/#\/schema\/logo\/image\/"},"sameAs":["https:\/\/www.facebook.com\/Actualizados.ar\/","https:\/\/www.instagram.com\/actualizados\/"]}]}},"_links":{"self":[{"href":"https:\/\/actualizados.com.ar\/pt-br\/wp-json\/wp\/v2\/product\/246124","targetHints":{"allow":["GET"]}}],"collection":[{"href":"https:\/\/actualizados.com.ar\/pt-br\/wp-json\/wp\/v2\/product"}],"about":[{"href":"https:\/\/actualizados.com.ar\/pt-br\/wp-json\/wp\/v2\/types\/product"}],"wp:featuredmedia":[{"embeddable":true,"href":"https:\/\/actualizados.com.ar\/pt-br\/wp-json\/wp\/v2\/media\/236141"}],"wp:attachment":[{"href":"https:\/\/actualizados.com.ar\/pt-br\/wp-json\/wp\/v2\/media?parent=246124"}],"wp:term":[{"taxonomy":"product_brand","embeddable":true,"href":"https:\/\/actualizados.com.ar\/pt-br\/wp-json\/wp\/v2\/product_brand?post=246124"},{"taxonomy":"product_cat","embeddable":true,"href":"https:\/\/actualizados.com.ar\/pt-br\/wp-json\/wp\/v2\/product_cat?post=246124"},{"taxonomy":"product_tag","embeddable":true,"href":"https:\/\/actualizados.com.ar\/pt-br\/wp-json\/wp\/v2\/product_tag?post=246124"}],"curies":[{"name":"wp","href":"https:\/\/api.w.org\/{rel}","templated":true}]}}