{"id":246128,"date":"2024-09-04T15:14:50","date_gmt":"2024-09-04T18:14:50","guid":{"rendered":"https:\/\/actualizados.com.ar\/product\/formato-fisico-ppvt-5\/"},"modified":"2024-09-04T15:14:50","modified_gmt":"2024-09-04T18:14:50","slug":"formato-fisico-ppvt-5","status":"publish","type":"product","link":"https:\/\/actualizados.com.ar\/pt-br\/produto\/formato-fisico-ppvt-5\/","title":{"rendered":"Formato f\u00edsico PPVT-5"},"content":{"rendered":"","protected":false},"excerpt":{"rendered":"<p><strong>O que o PPVT-5 avalia?<\/strong><\/p>\n<p>O Peabody Picture Vocabulary Test-5 (PPVT-5) \u00e9 um instrumento padronizado, administrado individualmente, que avalia a aptid\u00e3o verbal e o vocabul\u00e1rio receptivo em crian\u00e7as e adolescentes de 2:6 a 18:11 anos de idade.<\/p>\n<p><strong>\u00c1reas de aplica\u00e7\u00e3o<\/strong>: O PPVT-5 \u00e9 um instrumento f\u00e1cil de usar que avalia uma ampla variedade de palavras e \u00e9 recomendado para uso em ambientes cl\u00ednicos e educacionais.<\/p>\n<p><strong>Recomendado para<\/strong>: fonoaudi\u00f3logos, psic\u00f3logos, equipes de pesquisa e outros profissionais interessados em avaliar o vocabul\u00e1rio receptivo de crian\u00e7as e adolescentes.<\/p>\n<p><strong>Descri\u00e7\u00e3o:<\/strong><\/p>\n<p>O PPVT-5 consiste em 240 itens apresentados em ordem decrescente de dificuldade e leva aproximadamente 11 a 16 minutos para ser conclu\u00eddo (embora n\u00e3o haja limite de tempo).<\/p>\n<p>O examinador apresenta quatro figuras no folheto de est\u00edmulo e diz uma palavra. A crian\u00e7a deve apontar para a figura correspondente \u00e0 palavra no folheto de est\u00edmulos. Antes de iniciar a aplica\u00e7\u00e3o dos itens reais, s\u00e3o apresentados dois itens de exemplo, que n\u00e3o s\u00e3o pontuados, para garantir que o examinando tenha entendido a tarefa.  <\/p>\n<p>&nbsp;<\/p>\n<p><span style=\"color: #ff0000;\">Dispon\u00edvel a partir de julho de 2024!<\/span><\/p>\n","protected":false},"featured_media":1698,"template":"","meta":{"_acf_changed":false,"_et_pb_use_builder":"","_et_pb_old_content":"","_et_gb_content_width":""},"product_brand":[],"product_cat":[101],"product_tag":[],"class_list":{"0":"post-246128","1":"product","2":"type-product","3":"status-publish","4":"has-post-thumbnail","6":"product_cat-baterias-de-avaliacao","8":"first","9":"instock","10":"shipping-taxable","11":"purchasable","12":"product-type-simple"},"acf":[],"yoast_head":"<!-- This site is optimized with the Yoast SEO plugin v27.5 - https:\/\/yoast.com\/product\/yoast-seo-wordpress\/ -->\n<title>Formato f\u00edsico PPVT-5 - Actualizados<\/title>\n<meta name=\"robots\" content=\"index, follow, max-snippet:-1, max-image-preview:large, max-video-preview:-1\" \/>\n<link rel=\"canonical\" href=\"https:\/\/actualizados.com.ar\/pt-br\/produto\/formato-fisico-ppvt-5\/\" \/>\n<meta property=\"og:locale\" content=\"pt_BR\" \/>\n<meta property=\"og:type\" content=\"article\" \/>\n<meta property=\"og:title\" content=\"Formato f\u00edsico PPVT-5 - Actualizados\" \/>\n<meta property=\"og:description\" content=\"O que o PPVT-5 avalia? O Peabody Picture Vocabulary Test-5 (PPVT-5) \u00e9 um instrumento padronizado, administrado individualmente, que avalia a aptid\u00e3o verbal e o vocabul\u00e1rio receptivo em crian\u00e7as e adolescentes de 2:6 a 18:11 anos de idade. \u00c1reas de aplica\u00e7\u00e3o: O PPVT-5 \u00e9 um instrumento f\u00e1cil de usar que avalia uma ampla variedade de palavras e \u00e9 recomendado para uso em ambientes cl\u00ednicos e educacionais. Recomendado para: fonoaudi\u00f3logos, psic\u00f3logos, equipes de pesquisa e outros profissionais interessados em avaliar o vocabul\u00e1rio receptivo de crian\u00e7as e adolescentes. Descri\u00e7\u00e3o: O PPVT-5 consiste em 240 itens apresentados em ordem decrescente de dificuldade e leva aproximadamente 11 a 16 minutos para ser conclu\u00eddo (embora n\u00e3o haja limite de tempo). O examinador apresenta quatro figuras no folheto de est\u00edmulo e diz uma palavra. A crian\u00e7a deve apontar para a figura correspondente \u00e0 palavra no folheto de est\u00edmulos. Antes de iniciar a aplica\u00e7\u00e3o dos itens reais, s\u00e3o apresentados dois itens de exemplo, que n\u00e3o s\u00e3o pontuados, para garantir que o examinando tenha entendido a tarefa.  &nbsp; Dispon\u00edvel a partir de julho de 2024!\" \/>\n<meta property=\"og:url\" content=\"https:\/\/actualizados.com.ar\/pt-br\/produto\/formato-fisico-ppvt-5\/\" \/>\n<meta property=\"og:site_name\" content=\"Actualizados\" \/>\n<meta property=\"article:publisher\" content=\"https:\/\/www.facebook.com\/Actualizados.ar\/\" \/>\n<meta property=\"og:image\" content=\"https:\/\/actualizados.com.ar\/wp-content\/uploads\/2024\/10\/ppvt-600x600-1.jpg\" \/>\n\t<meta property=\"og:image:width\" content=\"600\" \/>\n\t<meta property=\"og:image:height\" content=\"600\" \/>\n\t<meta property=\"og:image:type\" content=\"image\/jpeg\" \/>\n<meta name=\"twitter:card\" content=\"summary_large_image\" \/>\n<script type=\"application\/ld+json\" class=\"yoast-schema-graph\">{\"@context\":\"https:\\\/\\\/schema.org\",\"@graph\":[{\"@type\":\"WebPage\",\"@id\":\"https:\\\/\\\/actualizados.com.ar\\\/pt-br\\\/produto\\\/formato-fisico-ppvt-5\\\/\",\"url\":\"https:\\\/\\\/actualizados.com.ar\\\/pt-br\\\/produto\\\/formato-fisico-ppvt-5\\\/\",\"name\":\"Formato f\u00edsico PPVT-5 - Actualizados\",\"isPartOf\":{\"@id\":\"https:\\\/\\\/actualizados.com.ar\\\/pt-br\\\/#website\"},\"primaryImageOfPage\":{\"@id\":\"https:\\\/\\\/actualizados.com.ar\\\/pt-br\\\/produto\\\/formato-fisico-ppvt-5\\\/#primaryimage\"},\"image\":{\"@id\":\"https:\\\/\\\/actualizados.com.ar\\\/pt-br\\\/produto\\\/formato-fisico-ppvt-5\\\/#primaryimage\"},\"thumbnailUrl\":\"https:\\\/\\\/actualizados.com.ar\\\/wp-content\\\/uploads\\\/2024\\\/10\\\/ppvt-600x600-1.jpg\",\"datePublished\":\"2024-09-04T18:14:50+00:00\",\"breadcrumb\":{\"@id\":\"https:\\\/\\\/actualizados.com.ar\\\/pt-br\\\/produto\\\/formato-fisico-ppvt-5\\\/#breadcrumb\"},\"inLanguage\":\"pt-BR\",\"potentialAction\":[{\"@type\":\"ReadAction\",\"target\":[\"https:\\\/\\\/actualizados.com.ar\\\/pt-br\\\/produto\\\/formato-fisico-ppvt-5\\\/\"]}]},{\"@type\":\"ImageObject\",\"inLanguage\":\"pt-BR\",\"@id\":\"https:\\\/\\\/actualizados.com.ar\\\/pt-br\\\/produto\\\/formato-fisico-ppvt-5\\\/#primaryimage\",\"url\":\"https:\\\/\\\/actualizados.com.ar\\\/wp-content\\\/uploads\\\/2024\\\/10\\\/ppvt-600x600-1.jpg\",\"contentUrl\":\"https:\\\/\\\/actualizados.com.ar\\\/wp-content\\\/uploads\\\/2024\\\/10\\\/ppvt-600x600-1.jpg\",\"width\":600,\"height\":600},{\"@type\":\"BreadcrumbList\",\"@id\":\"https:\\\/\\\/actualizados.com.ar\\\/pt-br\\\/produto\\\/formato-fisico-ppvt-5\\\/#breadcrumb\",\"itemListElement\":[{\"@type\":\"ListItem\",\"position\":1,\"name\":\"Portada\",\"item\":\"https:\\\/\\\/actualizados.com.ar\\\/pt-br\\\/\"},{\"@type\":\"ListItem\",\"position\":2,\"name\":\"Loja\",\"item\":\"https:\\\/\\\/actualizados.com.ar\\\/pt-br\\\/loja\\\/\"},{\"@type\":\"ListItem\",\"position\":3,\"name\":\"Formato f\u00edsico PPVT-5\"}]},{\"@type\":\"WebSite\",\"@id\":\"https:\\\/\\\/actualizados.com.ar\\\/pt-br\\\/#website\",\"url\":\"https:\\\/\\\/actualizados.com.ar\\\/pt-br\\\/\",\"name\":\"Actualizados\",\"description\":\"Cursos de autismo, neurodesarrollo y evaluaci\u00f3n\",\"publisher\":{\"@id\":\"https:\\\/\\\/actualizados.com.ar\\\/pt-br\\\/#organization\"},\"potentialAction\":[{\"@type\":\"SearchAction\",\"target\":{\"@type\":\"EntryPoint\",\"urlTemplate\":\"https:\\\/\\\/actualizados.com.ar\\\/pt-br\\\/?s={search_term_string}\"},\"query-input\":{\"@type\":\"PropertyValueSpecification\",\"valueRequired\":true,\"valueName\":\"search_term_string\"}}],\"inLanguage\":\"pt-BR\"},{\"@type\":\"Organization\",\"@id\":\"https:\\\/\\\/actualizados.com.ar\\\/pt-br\\\/#organization\",\"name\":\"Actualizados\",\"url\":\"https:\\\/\\\/actualizados.com.ar\\\/pt-br\\\/\",\"logo\":{\"@type\":\"ImageObject\",\"inLanguage\":\"pt-BR\",\"@id\":\"https:\\\/\\\/actualizados.com.ar\\\/pt-br\\\/#\\\/schema\\\/logo\\\/image\\\/\",\"url\":\"https:\\\/\\\/actualizados.com.ar\\\/wp-content\\\/uploads\\\/2024\\\/10\\\/Diseno-sin-titulo-2024-10-07T171822.151.png\",\"contentUrl\":\"https:\\\/\\\/actualizados.com.ar\\\/wp-content\\\/uploads\\\/2024\\\/10\\\/Diseno-sin-titulo-2024-10-07T171822.151.png\",\"width\":600,\"height\":220,\"caption\":\"Actualizados\"},\"image\":{\"@id\":\"https:\\\/\\\/actualizados.com.ar\\\/pt-br\\\/#\\\/schema\\\/logo\\\/image\\\/\"},\"sameAs\":[\"https:\\\/\\\/www.facebook.com\\\/Actualizados.ar\\\/\",\"https:\\\/\\\/www.instagram.com\\\/actualizados\\\/\"]}]}<\/script>\n<!-- \/ Yoast SEO plugin. -->","yoast_head_json":{"title":"Formato f\u00edsico PPVT-5 - Actualizados","robots":{"index":"index","follow":"follow","max-snippet":"max-snippet:-1","max-image-preview":"max-image-preview:large","max-video-preview":"max-video-preview:-1"},"canonical":"https:\/\/actualizados.com.ar\/pt-br\/produto\/formato-fisico-ppvt-5\/","og_locale":"pt_BR","og_type":"article","og_title":"Formato f\u00edsico PPVT-5 - Actualizados","og_description":"O que o PPVT-5 avalia? O Peabody Picture Vocabulary Test-5 (PPVT-5) \u00e9 um instrumento padronizado, administrado individualmente, que avalia a aptid\u00e3o verbal e o vocabul\u00e1rio receptivo em crian\u00e7as e adolescentes de 2:6 a 18:11 anos de idade. \u00c1reas de aplica\u00e7\u00e3o: O PPVT-5 \u00e9 um instrumento f\u00e1cil de usar que avalia uma ampla variedade de palavras e \u00e9 recomendado para uso em ambientes cl\u00ednicos e educacionais. Recomendado para: fonoaudi\u00f3logos, psic\u00f3logos, equipes de pesquisa e outros profissionais interessados em avaliar o vocabul\u00e1rio receptivo de crian\u00e7as e adolescentes. Descri\u00e7\u00e3o: O PPVT-5 consiste em 240 itens apresentados em ordem decrescente de dificuldade e leva aproximadamente 11 a 16 minutos para ser conclu\u00eddo (embora n\u00e3o haja limite de tempo). O examinador apresenta quatro figuras no folheto de est\u00edmulo e diz uma palavra. A crian\u00e7a deve apontar para a figura correspondente \u00e0 palavra no folheto de est\u00edmulos. Antes de iniciar a aplica\u00e7\u00e3o dos itens reais, s\u00e3o apresentados dois itens de exemplo, que n\u00e3o s\u00e3o pontuados, para garantir que o examinando tenha entendido a tarefa.  &nbsp; Dispon\u00edvel a partir de julho de 2024!","og_url":"https:\/\/actualizados.com.ar\/pt-br\/produto\/formato-fisico-ppvt-5\/","og_site_name":"Actualizados","article_publisher":"https:\/\/www.facebook.com\/Actualizados.ar\/","og_image":[{"width":600,"height":600,"url":"https:\/\/actualizados.com.ar\/wp-content\/uploads\/2024\/10\/ppvt-600x600-1.jpg","type":"image\/jpeg"}],"twitter_card":"summary_large_image","schema":{"@context":"https:\/\/schema.org","@graph":[{"@type":"WebPage","@id":"https:\/\/actualizados.com.ar\/pt-br\/produto\/formato-fisico-ppvt-5\/","url":"https:\/\/actualizados.com.ar\/pt-br\/produto\/formato-fisico-ppvt-5\/","name":"Formato f\u00edsico PPVT-5 - Actualizados","isPartOf":{"@id":"https:\/\/actualizados.com.ar\/pt-br\/#website"},"primaryImageOfPage":{"@id":"https:\/\/actualizados.com.ar\/pt-br\/produto\/formato-fisico-ppvt-5\/#primaryimage"},"image":{"@id":"https:\/\/actualizados.com.ar\/pt-br\/produto\/formato-fisico-ppvt-5\/#primaryimage"},"thumbnailUrl":"https:\/\/actualizados.com.ar\/wp-content\/uploads\/2024\/10\/ppvt-600x600-1.jpg","datePublished":"2024-09-04T18:14:50+00:00","breadcrumb":{"@id":"https:\/\/actualizados.com.ar\/pt-br\/produto\/formato-fisico-ppvt-5\/#breadcrumb"},"inLanguage":"pt-BR","potentialAction":[{"@type":"ReadAction","target":["https:\/\/actualizados.com.ar\/pt-br\/produto\/formato-fisico-ppvt-5\/"]}]},{"@type":"ImageObject","inLanguage":"pt-BR","@id":"https:\/\/actualizados.com.ar\/pt-br\/produto\/formato-fisico-ppvt-5\/#primaryimage","url":"https:\/\/actualizados.com.ar\/wp-content\/uploads\/2024\/10\/ppvt-600x600-1.jpg","contentUrl":"https:\/\/actualizados.com.ar\/wp-content\/uploads\/2024\/10\/ppvt-600x600-1.jpg","width":600,"height":600},{"@type":"BreadcrumbList","@id":"https:\/\/actualizados.com.ar\/pt-br\/produto\/formato-fisico-ppvt-5\/#breadcrumb","itemListElement":[{"@type":"ListItem","position":1,"name":"Portada","item":"https:\/\/actualizados.com.ar\/pt-br\/"},{"@type":"ListItem","position":2,"name":"Loja","item":"https:\/\/actualizados.com.ar\/pt-br\/loja\/"},{"@type":"ListItem","position":3,"name":"Formato f\u00edsico PPVT-5"}]},{"@type":"WebSite","@id":"https:\/\/actualizados.com.ar\/pt-br\/#website","url":"https:\/\/actualizados.com.ar\/pt-br\/","name":"Actualizados","description":"Cursos de autismo, neurodesarrollo y evaluaci\u00f3n","publisher":{"@id":"https:\/\/actualizados.com.ar\/pt-br\/#organization"},"potentialAction":[{"@type":"SearchAction","target":{"@type":"EntryPoint","urlTemplate":"https:\/\/actualizados.com.ar\/pt-br\/?s={search_term_string}"},"query-input":{"@type":"PropertyValueSpecification","valueRequired":true,"valueName":"search_term_string"}}],"inLanguage":"pt-BR"},{"@type":"Organization","@id":"https:\/\/actualizados.com.ar\/pt-br\/#organization","name":"Actualizados","url":"https:\/\/actualizados.com.ar\/pt-br\/","logo":{"@type":"ImageObject","inLanguage":"pt-BR","@id":"https:\/\/actualizados.com.ar\/pt-br\/#\/schema\/logo\/image\/","url":"https:\/\/actualizados.com.ar\/wp-content\/uploads\/2024\/10\/Diseno-sin-titulo-2024-10-07T171822.151.png","contentUrl":"https:\/\/actualizados.com.ar\/wp-content\/uploads\/2024\/10\/Diseno-sin-titulo-2024-10-07T171822.151.png","width":600,"height":220,"caption":"Actualizados"},"image":{"@id":"https:\/\/actualizados.com.ar\/pt-br\/#\/schema\/logo\/image\/"},"sameAs":["https:\/\/www.facebook.com\/Actualizados.ar\/","https:\/\/www.instagram.com\/actualizados\/"]}]}},"_links":{"self":[{"href":"https:\/\/actualizados.com.ar\/pt-br\/wp-json\/wp\/v2\/product\/246128","targetHints":{"allow":["GET"]}}],"collection":[{"href":"https:\/\/actualizados.com.ar\/pt-br\/wp-json\/wp\/v2\/product"}],"about":[{"href":"https:\/\/actualizados.com.ar\/pt-br\/wp-json\/wp\/v2\/types\/product"}],"wp:featuredmedia":[{"embeddable":true,"href":"https:\/\/actualizados.com.ar\/pt-br\/wp-json\/wp\/v2\/media\/1698"}],"wp:attachment":[{"href":"https:\/\/actualizados.com.ar\/pt-br\/wp-json\/wp\/v2\/media?parent=246128"}],"wp:term":[{"taxonomy":"product_brand","embeddable":true,"href":"https:\/\/actualizados.com.ar\/pt-br\/wp-json\/wp\/v2\/product_brand?post=246128"},{"taxonomy":"product_cat","embeddable":true,"href":"https:\/\/actualizados.com.ar\/pt-br\/wp-json\/wp\/v2\/product_cat?post=246128"},{"taxonomy":"product_tag","embeddable":true,"href":"https:\/\/actualizados.com.ar\/pt-br\/wp-json\/wp\/v2\/product_tag?post=246128"}],"curies":[{"name":"wp","href":"https:\/\/api.w.org\/{rel}","templated":true}]}}