{"id":246130,"date":"2024-09-04T15:14:50","date_gmt":"2024-09-04T18:14:50","guid":{"rendered":"https:\/\/actualizados.com.ar\/product\/pedi-cat\/"},"modified":"2024-09-04T15:14:50","modified_gmt":"2024-09-04T18:14:50","slug":"pedi-cat","status":"publish","type":"product","link":"https:\/\/actualizados.com.ar\/pt-br\/produto\/pedi-cat\/","title":{"rendered":"PEDI-CAT"},"content":{"rendered":"","protected":false},"excerpt":{"rendered":"<p>O PEDI-CAT \u00e9 um <strong>question\u00e1rio adaptativo<\/strong> administrado individualmente que ajuda a <strong>avaliar o funcionamento geral<\/strong> de crian\u00e7as e adolescentes com v\u00e1rias condi\u00e7\u00f5es f\u00edsicas, cognitivas e\/ou comportamentais.<\/p>\n<p><strong>Mapeie as capacidades<\/strong> da pessoa avaliada em <strong>quatro dom\u00ednios<\/strong>:<\/p>\n<ul style=\"font-weight: 400;\">\n<li>Atividades di\u00e1rias<\/li>\n<li>Mobilidade<\/li>\n<li>Social\/cognitivo<\/li>\n<li>Responsabilidade: mede o grau em que o cuidador ou a crian\u00e7a assume a responsabilidade pelo gerenciamento de tarefas complexas e de v\u00e1rias etapas da vida.<\/li>\n<\/ul>\n<p style=\"font-weight: 400;\"><strong>Escalas de resposta<\/strong><\/p>\n<ul style=\"font-weight: 400;\">\n<li>Para os tr\u00eas dom\u00ednios de habilidades funcionais de atividades di\u00e1rias, mobilidade e sociais\/cognitivas, a capacidade das crian\u00e7as \u00e9 classificada em uma escala de dificuldade de quatro pontos, com respostas que variam de \u201cIncapaz\u201d a \u201cF\u00e1cil\u201d.<\/li>\n<li>O dom\u00ednio Responsabilidade tem sua pr\u00f3pria Escala de Responsabilidade de 5 pontos com respostas que variam de \u201cO adulto\/cuidador tem total responsabilidade; a crian\u00e7a n\u00e3o assume nenhuma responsabilidade\u201d a \u201cA crian\u00e7a assume total responsabilidade sem nenhuma dire\u00e7\u00e3o, supervis\u00e3o ou orienta\u00e7\u00e3o do adulto\/cuidador\u201d.<\/li>\n<li>Os mapas de elemento \u00fanico representam um padr\u00e3o sequencial razo\u00e1vel de habilidades funcionais consistentes com o desenvolvimento e a recupera\u00e7\u00e3o da fun\u00e7\u00e3o das crian\u00e7as e a transfer\u00eancia de responsabilidades do adulto para a crian\u00e7a durante a inf\u00e2ncia e o in\u00edcio da vida adulta.<\/li>\n<\/ul>\n<p>&nbsp;<\/p>\n<p style=\"font-weight: 400;\"><strong>Aplicativos:<\/strong><\/p>\n<ul style=\"font-weight: 400;\">\n<li>Identifica\u00e7\u00e3o de atraso funcional<\/li>\n<li>Exame da melhoria individual de uma crian\u00e7a ap\u00f3s a interven\u00e7\u00e3o<\/li>\n<li>Avalia\u00e7\u00e3o e monitoramento do progresso do grupo na avalia\u00e7\u00e3o e pesquisa do programa<\/li>\n<li>Ele pode ser usado em v\u00e1rias ocasi\u00f5es para a mesma crian\u00e7a (por exemplo, inicial, intermedi\u00e1rio, alta e acompanhamento) e n\u00e3o h\u00e1 tempo m\u00ednimo entre as avalia\u00e7\u00f5es.<\/li>\n<li>As pontua\u00e7\u00f5es escalonadas podem ser usadas para avalia\u00e7\u00e3o fora da idade (benchmark).<\/li>\n<\/ul>\n<p style=\"font-weight: 400;\"><strong>Caracter\u00edsticas:<\/strong><\/p>\n<ul style=\"font-weight: 400;\">\n<li>Duas vers\u00f5es: r\u00e1pida e equilibrada em conte\u00fado<\/li>\n<li>Novidade para 2020! &#8211; Novo m\u00f3dulo sobre o Transtorno do Espectro do Autismo (TEA) <\/li>\n<li>um m\u00f3dulo do PEDI-CAT que foi validado para a popula\u00e7\u00e3o de crian\u00e7as e adolescentes com Transtornos do Espectro Autista (TEA). Esse m\u00f3dulo inclui instru\u00e7\u00f5es adicionais para ajudar os entrevistados a selecionar uma classifica\u00e7\u00e3o apropriada, dadas as caracter\u00edsticas \u00fanicas das crian\u00e7as com autismo. Esse m\u00f3dulo tamb\u00e9m inclui itens novos ou revisados nos dom\u00ednios Atividades da Vida Di\u00e1ria, Social\/Cognitivo e Responsabilidade. Al\u00e9m disso, a escala dos itens no dom\u00ednio Social\/Cognitivo foi ajustada de acordo com os padr\u00f5es exclusivos de crian\u00e7as e jovens com autismo.   <\/li>\n<li>Os filtros de dispositivo para idade, g\u00eanero e mobilidade impedem a apresenta\u00e7\u00e3o de elementos irrelevantes.<\/li>\n<li>Os itens s\u00e3o escritos em linguagem cotidiana e com exemplos claros.<\/li>\n<li>Ilustra\u00e7\u00f5es de elementos de atividades di\u00e1rias e mobilidade s\u00e3o inclu\u00eddas para facilitar a compreens\u00e3o da inten\u00e7\u00e3o do elemento.<\/li>\n<\/ul>\n<p style=\"font-weight: 400;\">\n","protected":false},"featured_media":237745,"template":"","meta":{"_acf_changed":false,"_et_pb_use_builder":"","_et_pb_old_content":"","_et_gb_content_width":""},"product_brand":[],"product_cat":[101],"product_tag":[],"class_list":{"0":"post-246130","1":"product","2":"type-product","3":"status-publish","4":"has-post-thumbnail","6":"product_cat-baterias-de-avaliacao","8":"first","9":"instock","10":"shipping-taxable","11":"purchasable","12":"product-type-simple"},"acf":[],"yoast_head":"<!-- This site is optimized with the Yoast SEO plugin v27.5 - https:\/\/yoast.com\/product\/yoast-seo-wordpress\/ -->\n<title>PEDI-CAT - Actualizados<\/title>\n<meta name=\"robots\" content=\"index, follow, max-snippet:-1, max-image-preview:large, max-video-preview:-1\" \/>\n<link rel=\"canonical\" href=\"https:\/\/actualizados.com.ar\/pt-br\/produto\/pedi-cat\/\" \/>\n<meta property=\"og:locale\" content=\"pt_BR\" \/>\n<meta property=\"og:type\" content=\"article\" \/>\n<meta property=\"og:title\" content=\"PEDI-CAT - Actualizados\" \/>\n<meta property=\"og:description\" content=\"O PEDI-CAT \u00e9 um question\u00e1rio adaptativo administrado individualmente que ajuda a avaliar o funcionamento geral de crian\u00e7as e adolescentes com v\u00e1rias condi\u00e7\u00f5es f\u00edsicas, cognitivas e\/ou comportamentais. Mapeie as capacidades da pessoa avaliada em quatro dom\u00ednios:  Atividades di\u00e1rias  Mobilidade  Social\/cognitivo  Responsabilidade: mede o grau em que o cuidador ou a crian\u00e7a assume a responsabilidade pelo gerenciamento de tarefas complexas e de v\u00e1rias etapas da vida. Escalas de resposta   Para os tr\u00eas dom\u00ednios de habilidades funcionais de atividades di\u00e1rias, mobilidade e sociais\/cognitivas, a capacidade das crian\u00e7as \u00e9 classificada em uma escala de dificuldade de quatro pontos, com respostas que variam de \u201cIncapaz\u201d a \u201cF\u00e1cil\u201d.  O dom\u00ednio Responsabilidade tem sua pr\u00f3pria Escala de Responsabilidade de 5 pontos com respostas que variam de \u201cO adulto\/cuidador tem total responsabilidade; a crian\u00e7a n\u00e3o assume nenhuma responsabilidade\u201d a \u201cA crian\u00e7a assume total responsabilidade sem nenhuma dire\u00e7\u00e3o, supervis\u00e3o ou orienta\u00e7\u00e3o do adulto\/cuidador\u201d.  Os mapas de elemento \u00fanico representam um padr\u00e3o sequencial razo\u00e1vel de habilidades funcionais consistentes com o desenvolvimento e a recupera\u00e7\u00e3o da fun\u00e7\u00e3o das crian\u00e7as e a transfer\u00eancia de responsabilidades do adulto para a crian\u00e7a durante a inf\u00e2ncia e o in\u00edcio da vida adulta. &nbsp; Aplicativos:   Identifica\u00e7\u00e3o de atraso funcional  Exame da melhoria individual de uma crian\u00e7a ap\u00f3s a interven\u00e7\u00e3o  Avalia\u00e7\u00e3o e monitoramento do progresso do grupo na avalia\u00e7\u00e3o e pesquisa do programa  Ele pode ser usado em v\u00e1rias ocasi\u00f5es para a mesma crian\u00e7a (por exemplo, inicial, intermedi\u00e1rio, alta e acompanhamento) e n\u00e3o h\u00e1 tempo m\u00ednimo entre as avalia\u00e7\u00f5es.  As pontua\u00e7\u00f5es escalonadas podem ser usadas para avalia\u00e7\u00e3o fora da idade (benchmark). Caracter\u00edsticas:   Duas vers\u00f5es: r\u00e1pida e equilibrada em conte\u00fado  Novidade para 2020! - Novo m\u00f3dulo sobre o Transtorno do Espectro do Autismo (TEA)  um m\u00f3dulo do PEDI-CAT que foi validado para a popula\u00e7\u00e3o de crian\u00e7as e adolescentes com Transtornos do Espectro Autista (TEA). Esse m\u00f3dulo inclui instru\u00e7\u00f5es adicionais para ajudar os entrevistados a selecionar uma classifica\u00e7\u00e3o apropriada, dadas as caracter\u00edsticas \u00fanicas das crian\u00e7as com autismo. Esse m\u00f3dulo tamb\u00e9m inclui itens novos ou revisados nos dom\u00ednios Atividades da Vida Di\u00e1ria, Social\/Cognitivo e Responsabilidade. Al\u00e9m disso, a escala dos itens no dom\u00ednio Social\/Cognitivo foi ajustada de acordo com os padr\u00f5es exclusivos de crian\u00e7as e jovens com autismo.   Os filtros de dispositivo para idade, g\u00eanero e mobilidade impedem a apresenta\u00e7\u00e3o de elementos irrelevantes.  Os itens s\u00e3o escritos em linguagem cotidiana e com exemplos claros.  Ilustra\u00e7\u00f5es de elementos de atividades di\u00e1rias e mobilidade s\u00e3o inclu\u00eddas para facilitar a compreens\u00e3o da inten\u00e7\u00e3o do elemento.\" \/>\n<meta property=\"og:url\" content=\"https:\/\/actualizados.com.ar\/pt-br\/produto\/pedi-cat\/\" \/>\n<meta property=\"og:site_name\" content=\"Actualizados\" \/>\n<meta property=\"article:publisher\" content=\"https:\/\/www.facebook.com\/Actualizados.ar\/\" \/>\n<meta property=\"og:image\" content=\"https:\/\/actualizados.com.ar\/wp-content\/uploads\/2024\/09\/PEDI-CAT.png\" \/>\n\t<meta property=\"og:image:width\" content=\"650\" \/>\n\t<meta property=\"og:image:height\" content=\"650\" \/>\n\t<meta property=\"og:image:type\" content=\"image\/png\" \/>\n<meta name=\"twitter:card\" content=\"summary_large_image\" \/>\n<script type=\"application\/ld+json\" class=\"yoast-schema-graph\">{\"@context\":\"https:\\\/\\\/schema.org\",\"@graph\":[{\"@type\":\"WebPage\",\"@id\":\"https:\\\/\\\/actualizados.com.ar\\\/pt-br\\\/produto\\\/pedi-cat\\\/\",\"url\":\"https:\\\/\\\/actualizados.com.ar\\\/pt-br\\\/produto\\\/pedi-cat\\\/\",\"name\":\"PEDI-CAT - Actualizados\",\"isPartOf\":{\"@id\":\"https:\\\/\\\/actualizados.com.ar\\\/pt-br\\\/#website\"},\"primaryImageOfPage\":{\"@id\":\"https:\\\/\\\/actualizados.com.ar\\\/pt-br\\\/produto\\\/pedi-cat\\\/#primaryimage\"},\"image\":{\"@id\":\"https:\\\/\\\/actualizados.com.ar\\\/pt-br\\\/produto\\\/pedi-cat\\\/#primaryimage\"},\"thumbnailUrl\":\"https:\\\/\\\/actualizados.com.ar\\\/wp-content\\\/uploads\\\/2024\\\/09\\\/PEDI-CAT.png\",\"datePublished\":\"2024-09-04T18:14:50+00:00\",\"breadcrumb\":{\"@id\":\"https:\\\/\\\/actualizados.com.ar\\\/pt-br\\\/produto\\\/pedi-cat\\\/#breadcrumb\"},\"inLanguage\":\"pt-BR\",\"potentialAction\":[{\"@type\":\"ReadAction\",\"target\":[\"https:\\\/\\\/actualizados.com.ar\\\/pt-br\\\/produto\\\/pedi-cat\\\/\"]}]},{\"@type\":\"ImageObject\",\"inLanguage\":\"pt-BR\",\"@id\":\"https:\\\/\\\/actualizados.com.ar\\\/pt-br\\\/produto\\\/pedi-cat\\\/#primaryimage\",\"url\":\"https:\\\/\\\/actualizados.com.ar\\\/wp-content\\\/uploads\\\/2024\\\/09\\\/PEDI-CAT.png\",\"contentUrl\":\"https:\\\/\\\/actualizados.com.ar\\\/wp-content\\\/uploads\\\/2024\\\/09\\\/PEDI-CAT.png\",\"width\":650,\"height\":650},{\"@type\":\"BreadcrumbList\",\"@id\":\"https:\\\/\\\/actualizados.com.ar\\\/pt-br\\\/produto\\\/pedi-cat\\\/#breadcrumb\",\"itemListElement\":[{\"@type\":\"ListItem\",\"position\":1,\"name\":\"Portada\",\"item\":\"https:\\\/\\\/actualizados.com.ar\\\/pt-br\\\/\"},{\"@type\":\"ListItem\",\"position\":2,\"name\":\"Loja\",\"item\":\"https:\\\/\\\/actualizados.com.ar\\\/pt-br\\\/loja\\\/\"},{\"@type\":\"ListItem\",\"position\":3,\"name\":\"PEDI-CAT\"}]},{\"@type\":\"WebSite\",\"@id\":\"https:\\\/\\\/actualizados.com.ar\\\/pt-br\\\/#website\",\"url\":\"https:\\\/\\\/actualizados.com.ar\\\/pt-br\\\/\",\"name\":\"Actualizados\",\"description\":\"Cursos de autismo, neurodesarrollo y evaluaci\u00f3n\",\"publisher\":{\"@id\":\"https:\\\/\\\/actualizados.com.ar\\\/pt-br\\\/#organization\"},\"potentialAction\":[{\"@type\":\"SearchAction\",\"target\":{\"@type\":\"EntryPoint\",\"urlTemplate\":\"https:\\\/\\\/actualizados.com.ar\\\/pt-br\\\/?s={search_term_string}\"},\"query-input\":{\"@type\":\"PropertyValueSpecification\",\"valueRequired\":true,\"valueName\":\"search_term_string\"}}],\"inLanguage\":\"pt-BR\"},{\"@type\":\"Organization\",\"@id\":\"https:\\\/\\\/actualizados.com.ar\\\/pt-br\\\/#organization\",\"name\":\"Actualizados\",\"url\":\"https:\\\/\\\/actualizados.com.ar\\\/pt-br\\\/\",\"logo\":{\"@type\":\"ImageObject\",\"inLanguage\":\"pt-BR\",\"@id\":\"https:\\\/\\\/actualizados.com.ar\\\/pt-br\\\/#\\\/schema\\\/logo\\\/image\\\/\",\"url\":\"https:\\\/\\\/actualizados.com.ar\\\/wp-content\\\/uploads\\\/2024\\\/10\\\/Diseno-sin-titulo-2024-10-07T171822.151.png\",\"contentUrl\":\"https:\\\/\\\/actualizados.com.ar\\\/wp-content\\\/uploads\\\/2024\\\/10\\\/Diseno-sin-titulo-2024-10-07T171822.151.png\",\"width\":600,\"height\":220,\"caption\":\"Actualizados\"},\"image\":{\"@id\":\"https:\\\/\\\/actualizados.com.ar\\\/pt-br\\\/#\\\/schema\\\/logo\\\/image\\\/\"},\"sameAs\":[\"https:\\\/\\\/www.facebook.com\\\/Actualizados.ar\\\/\",\"https:\\\/\\\/www.instagram.com\\\/actualizados\\\/\"]}]}<\/script>\n<!-- \/ Yoast SEO plugin. -->","yoast_head_json":{"title":"PEDI-CAT - Actualizados","robots":{"index":"index","follow":"follow","max-snippet":"max-snippet:-1","max-image-preview":"max-image-preview:large","max-video-preview":"max-video-preview:-1"},"canonical":"https:\/\/actualizados.com.ar\/pt-br\/produto\/pedi-cat\/","og_locale":"pt_BR","og_type":"article","og_title":"PEDI-CAT - Actualizados","og_description":"O PEDI-CAT \u00e9 um question\u00e1rio adaptativo administrado individualmente que ajuda a avaliar o funcionamento geral de crian\u00e7as e adolescentes com v\u00e1rias condi\u00e7\u00f5es f\u00edsicas, cognitivas e\/ou comportamentais. Mapeie as capacidades da pessoa avaliada em quatro dom\u00ednios:  Atividades di\u00e1rias  Mobilidade  Social\/cognitivo  Responsabilidade: mede o grau em que o cuidador ou a crian\u00e7a assume a responsabilidade pelo gerenciamento de tarefas complexas e de v\u00e1rias etapas da vida. Escalas de resposta   Para os tr\u00eas dom\u00ednios de habilidades funcionais de atividades di\u00e1rias, mobilidade e sociais\/cognitivas, a capacidade das crian\u00e7as \u00e9 classificada em uma escala de dificuldade de quatro pontos, com respostas que variam de \u201cIncapaz\u201d a \u201cF\u00e1cil\u201d.  O dom\u00ednio Responsabilidade tem sua pr\u00f3pria Escala de Responsabilidade de 5 pontos com respostas que variam de \u201cO adulto\/cuidador tem total responsabilidade; a crian\u00e7a n\u00e3o assume nenhuma responsabilidade\u201d a \u201cA crian\u00e7a assume total responsabilidade sem nenhuma dire\u00e7\u00e3o, supervis\u00e3o ou orienta\u00e7\u00e3o do adulto\/cuidador\u201d.  Os mapas de elemento \u00fanico representam um padr\u00e3o sequencial razo\u00e1vel de habilidades funcionais consistentes com o desenvolvimento e a recupera\u00e7\u00e3o da fun\u00e7\u00e3o das crian\u00e7as e a transfer\u00eancia de responsabilidades do adulto para a crian\u00e7a durante a inf\u00e2ncia e o in\u00edcio da vida adulta. &nbsp; Aplicativos:   Identifica\u00e7\u00e3o de atraso funcional  Exame da melhoria individual de uma crian\u00e7a ap\u00f3s a interven\u00e7\u00e3o  Avalia\u00e7\u00e3o e monitoramento do progresso do grupo na avalia\u00e7\u00e3o e pesquisa do programa  Ele pode ser usado em v\u00e1rias ocasi\u00f5es para a mesma crian\u00e7a (por exemplo, inicial, intermedi\u00e1rio, alta e acompanhamento) e n\u00e3o h\u00e1 tempo m\u00ednimo entre as avalia\u00e7\u00f5es.  As pontua\u00e7\u00f5es escalonadas podem ser usadas para avalia\u00e7\u00e3o fora da idade (benchmark). Caracter\u00edsticas:   Duas vers\u00f5es: r\u00e1pida e equilibrada em conte\u00fado  Novidade para 2020! - Novo m\u00f3dulo sobre o Transtorno do Espectro do Autismo (TEA)  um m\u00f3dulo do PEDI-CAT que foi validado para a popula\u00e7\u00e3o de crian\u00e7as e adolescentes com Transtornos do Espectro Autista (TEA). Esse m\u00f3dulo inclui instru\u00e7\u00f5es adicionais para ajudar os entrevistados a selecionar uma classifica\u00e7\u00e3o apropriada, dadas as caracter\u00edsticas \u00fanicas das crian\u00e7as com autismo. Esse m\u00f3dulo tamb\u00e9m inclui itens novos ou revisados nos dom\u00ednios Atividades da Vida Di\u00e1ria, Social\/Cognitivo e Responsabilidade. Al\u00e9m disso, a escala dos itens no dom\u00ednio Social\/Cognitivo foi ajustada de acordo com os padr\u00f5es exclusivos de crian\u00e7as e jovens com autismo.   Os filtros de dispositivo para idade, g\u00eanero e mobilidade impedem a apresenta\u00e7\u00e3o de elementos irrelevantes.  Os itens s\u00e3o escritos em linguagem cotidiana e com exemplos claros.  Ilustra\u00e7\u00f5es de elementos de atividades di\u00e1rias e mobilidade s\u00e3o inclu\u00eddas para facilitar a compreens\u00e3o da inten\u00e7\u00e3o do elemento.","og_url":"https:\/\/actualizados.com.ar\/pt-br\/produto\/pedi-cat\/","og_site_name":"Actualizados","article_publisher":"https:\/\/www.facebook.com\/Actualizados.ar\/","og_image":[{"width":650,"height":650,"url":"https:\/\/actualizados.com.ar\/wp-content\/uploads\/2024\/09\/PEDI-CAT.png","type":"image\/png"}],"twitter_card":"summary_large_image","schema":{"@context":"https:\/\/schema.org","@graph":[{"@type":"WebPage","@id":"https:\/\/actualizados.com.ar\/pt-br\/produto\/pedi-cat\/","url":"https:\/\/actualizados.com.ar\/pt-br\/produto\/pedi-cat\/","name":"PEDI-CAT - Actualizados","isPartOf":{"@id":"https:\/\/actualizados.com.ar\/pt-br\/#website"},"primaryImageOfPage":{"@id":"https:\/\/actualizados.com.ar\/pt-br\/produto\/pedi-cat\/#primaryimage"},"image":{"@id":"https:\/\/actualizados.com.ar\/pt-br\/produto\/pedi-cat\/#primaryimage"},"thumbnailUrl":"https:\/\/actualizados.com.ar\/wp-content\/uploads\/2024\/09\/PEDI-CAT.png","datePublished":"2024-09-04T18:14:50+00:00","breadcrumb":{"@id":"https:\/\/actualizados.com.ar\/pt-br\/produto\/pedi-cat\/#breadcrumb"},"inLanguage":"pt-BR","potentialAction":[{"@type":"ReadAction","target":["https:\/\/actualizados.com.ar\/pt-br\/produto\/pedi-cat\/"]}]},{"@type":"ImageObject","inLanguage":"pt-BR","@id":"https:\/\/actualizados.com.ar\/pt-br\/produto\/pedi-cat\/#primaryimage","url":"https:\/\/actualizados.com.ar\/wp-content\/uploads\/2024\/09\/PEDI-CAT.png","contentUrl":"https:\/\/actualizados.com.ar\/wp-content\/uploads\/2024\/09\/PEDI-CAT.png","width":650,"height":650},{"@type":"BreadcrumbList","@id":"https:\/\/actualizados.com.ar\/pt-br\/produto\/pedi-cat\/#breadcrumb","itemListElement":[{"@type":"ListItem","position":1,"name":"Portada","item":"https:\/\/actualizados.com.ar\/pt-br\/"},{"@type":"ListItem","position":2,"name":"Loja","item":"https:\/\/actualizados.com.ar\/pt-br\/loja\/"},{"@type":"ListItem","position":3,"name":"PEDI-CAT"}]},{"@type":"WebSite","@id":"https:\/\/actualizados.com.ar\/pt-br\/#website","url":"https:\/\/actualizados.com.ar\/pt-br\/","name":"Actualizados","description":"Cursos de autismo, neurodesarrollo y evaluaci\u00f3n","publisher":{"@id":"https:\/\/actualizados.com.ar\/pt-br\/#organization"},"potentialAction":[{"@type":"SearchAction","target":{"@type":"EntryPoint","urlTemplate":"https:\/\/actualizados.com.ar\/pt-br\/?s={search_term_string}"},"query-input":{"@type":"PropertyValueSpecification","valueRequired":true,"valueName":"search_term_string"}}],"inLanguage":"pt-BR"},{"@type":"Organization","@id":"https:\/\/actualizados.com.ar\/pt-br\/#organization","name":"Actualizados","url":"https:\/\/actualizados.com.ar\/pt-br\/","logo":{"@type":"ImageObject","inLanguage":"pt-BR","@id":"https:\/\/actualizados.com.ar\/pt-br\/#\/schema\/logo\/image\/","url":"https:\/\/actualizados.com.ar\/wp-content\/uploads\/2024\/10\/Diseno-sin-titulo-2024-10-07T171822.151.png","contentUrl":"https:\/\/actualizados.com.ar\/wp-content\/uploads\/2024\/10\/Diseno-sin-titulo-2024-10-07T171822.151.png","width":600,"height":220,"caption":"Actualizados"},"image":{"@id":"https:\/\/actualizados.com.ar\/pt-br\/#\/schema\/logo\/image\/"},"sameAs":["https:\/\/www.facebook.com\/Actualizados.ar\/","https:\/\/www.instagram.com\/actualizados\/"]}]}},"_links":{"self":[{"href":"https:\/\/actualizados.com.ar\/pt-br\/wp-json\/wp\/v2\/product\/246130","targetHints":{"allow":["GET"]}}],"collection":[{"href":"https:\/\/actualizados.com.ar\/pt-br\/wp-json\/wp\/v2\/product"}],"about":[{"href":"https:\/\/actualizados.com.ar\/pt-br\/wp-json\/wp\/v2\/types\/product"}],"wp:featuredmedia":[{"embeddable":true,"href":"https:\/\/actualizados.com.ar\/pt-br\/wp-json\/wp\/v2\/media\/237745"}],"wp:attachment":[{"href":"https:\/\/actualizados.com.ar\/pt-br\/wp-json\/wp\/v2\/media?parent=246130"}],"wp:term":[{"taxonomy":"product_brand","embeddable":true,"href":"https:\/\/actualizados.com.ar\/pt-br\/wp-json\/wp\/v2\/product_brand?post=246130"},{"taxonomy":"product_cat","embeddable":true,"href":"https:\/\/actualizados.com.ar\/pt-br\/wp-json\/wp\/v2\/product_cat?post=246130"},{"taxonomy":"product_tag","embeddable":true,"href":"https:\/\/actualizados.com.ar\/pt-br\/wp-json\/wp\/v2\/product_tag?post=246130"}],"curies":[{"name":"wp","href":"https:\/\/api.w.org\/{rel}","templated":true}]}}