{"id":246131,"date":"2024-09-04T15:14:50","date_gmt":"2024-09-04T18:14:50","guid":{"rendered":"https:\/\/actualizados.com.ar\/product\/byi-2-inventarios-beck-para-criancas-e-adolescentes-2-versao-fisica\/"},"modified":"2024-09-04T15:14:50","modified_gmt":"2024-09-04T18:14:50","slug":"byi-2-inventarios-beck-para-criancas-e-adolescentes-2-versao-fisica","status":"publish","type":"product","link":"https:\/\/actualizados.com.ar\/pt-br\/produto\/byi-2-inventarios-beck-para-criancas-e-adolescentes-2-versao-fisica\/","title":{"rendered":"BYI-2 , Invent\u00e1rios Beck para Crian\u00e7as e Adolescentes-2 &#8211; Vers\u00e3o F\u00edsica"},"content":{"rendered":"","protected":false},"excerpt":{"rendered":"<p>Os Invent\u00e1rios Beck para Crian\u00e7as e Adolescentes-2 s\u00e3o uma avalia\u00e7\u00e3o simples e breve do sofrimento psicol\u00f3gico em crian\u00e7as e adolescentes. Cada um consiste em 20 afirma\u00e7\u00f5es sobre pensamentos, sentimentos ou comportamentos relacionados a dist\u00farbios emocionais e sociais em crian\u00e7as e adolescentes. Os 5 invent\u00e1rios BYI-2 podem ser usados separadamente ou em combina\u00e7\u00e3o.  <\/p>\n<p>&nbsp;<\/p>\n<p>BYI-2 &#8211; Conjunto completo de aplicativos manuais com 125 perfis on-line (25 por invent\u00e1rio) (Q-global) <\/p>\n<p>&nbsp;<\/p>\n<p><strong><span style=\"color: #ff0000;\">Para compras do exterior (fora da Argentina), consulte os m\u00e9todos de pagamento e as formas de pagamento.<\/span><\/strong><\/p>\n","protected":false},"featured_media":1899,"template":"","meta":{"_acf_changed":false,"_et_pb_use_builder":"","_et_pb_old_content":"","_et_gb_content_width":""},"product_brand":[],"product_cat":[101],"product_tag":[],"class_list":{"0":"post-246131","1":"product","2":"type-product","3":"status-publish","4":"has-post-thumbnail","6":"product_cat-baterias-de-avaliacao","7":"product_shipping_class-baterias-pt-br","9":"first","10":"instock","11":"shipping-taxable","12":"purchasable","13":"product-type-simple"},"acf":[],"yoast_head":"<!-- This site is optimized with the Yoast SEO plugin v27.5 - https:\/\/yoast.com\/product\/yoast-seo-wordpress\/ -->\n<title>BYI-2 , Invent\u00e1rios Beck para Crian\u00e7as e Adolescentes-2 - Vers\u00e3o F\u00edsica - Actualizados<\/title>\n<meta name=\"robots\" content=\"index, follow, max-snippet:-1, max-image-preview:large, max-video-preview:-1\" \/>\n<link rel=\"canonical\" href=\"https:\/\/actualizados.com.ar\/pt-br\/produto\/byi-2-inventarios-beck-para-criancas-e-adolescentes-2-versao-fisica\/\" \/>\n<meta property=\"og:locale\" content=\"pt_BR\" \/>\n<meta property=\"og:type\" content=\"article\" \/>\n<meta property=\"og:title\" content=\"BYI-2 , Invent\u00e1rios Beck para Crian\u00e7as e Adolescentes-2 - Vers\u00e3o F\u00edsica - Actualizados\" \/>\n<meta property=\"og:description\" content=\"Os Invent\u00e1rios Beck para Crian\u00e7as e Adolescentes-2 s\u00e3o uma avalia\u00e7\u00e3o simples e breve do sofrimento psicol\u00f3gico em crian\u00e7as e adolescentes. Cada um consiste em 20 afirma\u00e7\u00f5es sobre pensamentos, sentimentos ou comportamentos relacionados a dist\u00farbios emocionais e sociais em crian\u00e7as e adolescentes. Os 5 invent\u00e1rios BYI-2 podem ser usados separadamente ou em combina\u00e7\u00e3o.  &nbsp; BYI-2 - Conjunto completo de aplicativos manuais com 125 perfis on-line (25 por invent\u00e1rio) (Q-global)  &nbsp; Para compras do exterior (fora da Argentina), consulte os m\u00e9todos de pagamento e as formas de pagamento.\" \/>\n<meta property=\"og:url\" content=\"https:\/\/actualizados.com.ar\/pt-br\/produto\/byi-2-inventarios-beck-para-criancas-e-adolescentes-2-versao-fisica\/\" \/>\n<meta property=\"og:site_name\" content=\"Actualizados\" \/>\n<meta property=\"article:publisher\" content=\"https:\/\/www.facebook.com\/Actualizados.ar\/\" \/>\n<meta property=\"og:image\" content=\"https:\/\/actualizados.com.ar\/wp-content\/uploads\/2024\/11\/29.png\" \/>\n\t<meta property=\"og:image:width\" content=\"650\" \/>\n\t<meta property=\"og:image:height\" content=\"650\" \/>\n\t<meta property=\"og:image:type\" content=\"image\/png\" \/>\n<meta name=\"twitter:card\" content=\"summary_large_image\" \/>\n<script type=\"application\/ld+json\" class=\"yoast-schema-graph\">{\"@context\":\"https:\\\/\\\/schema.org\",\"@graph\":[{\"@type\":\"WebPage\",\"@id\":\"https:\\\/\\\/actualizados.com.ar\\\/pt-br\\\/produto\\\/byi-2-inventarios-beck-para-criancas-e-adolescentes-2-versao-fisica\\\/\",\"url\":\"https:\\\/\\\/actualizados.com.ar\\\/pt-br\\\/produto\\\/byi-2-inventarios-beck-para-criancas-e-adolescentes-2-versao-fisica\\\/\",\"name\":\"BYI-2 , Invent\u00e1rios Beck para Crian\u00e7as e Adolescentes-2 - Vers\u00e3o F\u00edsica - Actualizados\",\"isPartOf\":{\"@id\":\"https:\\\/\\\/actualizados.com.ar\\\/pt-br\\\/#website\"},\"primaryImageOfPage\":{\"@id\":\"https:\\\/\\\/actualizados.com.ar\\\/pt-br\\\/produto\\\/byi-2-inventarios-beck-para-criancas-e-adolescentes-2-versao-fisica\\\/#primaryimage\"},\"image\":{\"@id\":\"https:\\\/\\\/actualizados.com.ar\\\/pt-br\\\/produto\\\/byi-2-inventarios-beck-para-criancas-e-adolescentes-2-versao-fisica\\\/#primaryimage\"},\"thumbnailUrl\":\"https:\\\/\\\/actualizados.com.ar\\\/wp-content\\\/uploads\\\/2024\\\/11\\\/29.png\",\"datePublished\":\"2024-09-04T18:14:50+00:00\",\"breadcrumb\":{\"@id\":\"https:\\\/\\\/actualizados.com.ar\\\/pt-br\\\/produto\\\/byi-2-inventarios-beck-para-criancas-e-adolescentes-2-versao-fisica\\\/#breadcrumb\"},\"inLanguage\":\"pt-BR\",\"potentialAction\":[{\"@type\":\"ReadAction\",\"target\":[\"https:\\\/\\\/actualizados.com.ar\\\/pt-br\\\/produto\\\/byi-2-inventarios-beck-para-criancas-e-adolescentes-2-versao-fisica\\\/\"]}]},{\"@type\":\"ImageObject\",\"inLanguage\":\"pt-BR\",\"@id\":\"https:\\\/\\\/actualizados.com.ar\\\/pt-br\\\/produto\\\/byi-2-inventarios-beck-para-criancas-e-adolescentes-2-versao-fisica\\\/#primaryimage\",\"url\":\"https:\\\/\\\/actualizados.com.ar\\\/wp-content\\\/uploads\\\/2024\\\/11\\\/29.png\",\"contentUrl\":\"https:\\\/\\\/actualizados.com.ar\\\/wp-content\\\/uploads\\\/2024\\\/11\\\/29.png\",\"width\":650,\"height\":650},{\"@type\":\"BreadcrumbList\",\"@id\":\"https:\\\/\\\/actualizados.com.ar\\\/pt-br\\\/produto\\\/byi-2-inventarios-beck-para-criancas-e-adolescentes-2-versao-fisica\\\/#breadcrumb\",\"itemListElement\":[{\"@type\":\"ListItem\",\"position\":1,\"name\":\"Portada\",\"item\":\"https:\\\/\\\/actualizados.com.ar\\\/pt-br\\\/\"},{\"@type\":\"ListItem\",\"position\":2,\"name\":\"Loja\",\"item\":\"https:\\\/\\\/actualizados.com.ar\\\/pt-br\\\/loja\\\/\"},{\"@type\":\"ListItem\",\"position\":3,\"name\":\"BYI-2 , Invent\u00e1rios Beck para Crian\u00e7as e Adolescentes-2 &#8211; Vers\u00e3o F\u00edsica\"}]},{\"@type\":\"WebSite\",\"@id\":\"https:\\\/\\\/actualizados.com.ar\\\/pt-br\\\/#website\",\"url\":\"https:\\\/\\\/actualizados.com.ar\\\/pt-br\\\/\",\"name\":\"Actualizados\",\"description\":\"Cursos de autismo, neurodesarrollo y evaluaci\u00f3n\",\"publisher\":{\"@id\":\"https:\\\/\\\/actualizados.com.ar\\\/pt-br\\\/#organization\"},\"potentialAction\":[{\"@type\":\"SearchAction\",\"target\":{\"@type\":\"EntryPoint\",\"urlTemplate\":\"https:\\\/\\\/actualizados.com.ar\\\/pt-br\\\/?s={search_term_string}\"},\"query-input\":{\"@type\":\"PropertyValueSpecification\",\"valueRequired\":true,\"valueName\":\"search_term_string\"}}],\"inLanguage\":\"pt-BR\"},{\"@type\":\"Organization\",\"@id\":\"https:\\\/\\\/actualizados.com.ar\\\/pt-br\\\/#organization\",\"name\":\"Actualizados\",\"url\":\"https:\\\/\\\/actualizados.com.ar\\\/pt-br\\\/\",\"logo\":{\"@type\":\"ImageObject\",\"inLanguage\":\"pt-BR\",\"@id\":\"https:\\\/\\\/actualizados.com.ar\\\/pt-br\\\/#\\\/schema\\\/logo\\\/image\\\/\",\"url\":\"https:\\\/\\\/actualizados.com.ar\\\/wp-content\\\/uploads\\\/2024\\\/10\\\/Diseno-sin-titulo-2024-10-07T171822.151.png\",\"contentUrl\":\"https:\\\/\\\/actualizados.com.ar\\\/wp-content\\\/uploads\\\/2024\\\/10\\\/Diseno-sin-titulo-2024-10-07T171822.151.png\",\"width\":600,\"height\":220,\"caption\":\"Actualizados\"},\"image\":{\"@id\":\"https:\\\/\\\/actualizados.com.ar\\\/pt-br\\\/#\\\/schema\\\/logo\\\/image\\\/\"},\"sameAs\":[\"https:\\\/\\\/www.facebook.com\\\/Actualizados.ar\\\/\",\"https:\\\/\\\/www.instagram.com\\\/actualizados\\\/\"]}]}<\/script>\n<!-- \/ Yoast SEO plugin. -->","yoast_head_json":{"title":"BYI-2 , Invent\u00e1rios Beck para Crian\u00e7as e Adolescentes-2 - Vers\u00e3o F\u00edsica - Actualizados","robots":{"index":"index","follow":"follow","max-snippet":"max-snippet:-1","max-image-preview":"max-image-preview:large","max-video-preview":"max-video-preview:-1"},"canonical":"https:\/\/actualizados.com.ar\/pt-br\/produto\/byi-2-inventarios-beck-para-criancas-e-adolescentes-2-versao-fisica\/","og_locale":"pt_BR","og_type":"article","og_title":"BYI-2 , Invent\u00e1rios Beck para Crian\u00e7as e Adolescentes-2 - Vers\u00e3o F\u00edsica - Actualizados","og_description":"Os Invent\u00e1rios Beck para Crian\u00e7as e Adolescentes-2 s\u00e3o uma avalia\u00e7\u00e3o simples e breve do sofrimento psicol\u00f3gico em crian\u00e7as e adolescentes. Cada um consiste em 20 afirma\u00e7\u00f5es sobre pensamentos, sentimentos ou comportamentos relacionados a dist\u00farbios emocionais e sociais em crian\u00e7as e adolescentes. Os 5 invent\u00e1rios BYI-2 podem ser usados separadamente ou em combina\u00e7\u00e3o.  &nbsp; BYI-2 - Conjunto completo de aplicativos manuais com 125 perfis on-line (25 por invent\u00e1rio) (Q-global)  &nbsp; Para compras do exterior (fora da Argentina), consulte os m\u00e9todos de pagamento e as formas de pagamento.","og_url":"https:\/\/actualizados.com.ar\/pt-br\/produto\/byi-2-inventarios-beck-para-criancas-e-adolescentes-2-versao-fisica\/","og_site_name":"Actualizados","article_publisher":"https:\/\/www.facebook.com\/Actualizados.ar\/","og_image":[{"width":650,"height":650,"url":"https:\/\/actualizados.com.ar\/wp-content\/uploads\/2024\/11\/29.png","type":"image\/png"}],"twitter_card":"summary_large_image","schema":{"@context":"https:\/\/schema.org","@graph":[{"@type":"WebPage","@id":"https:\/\/actualizados.com.ar\/pt-br\/produto\/byi-2-inventarios-beck-para-criancas-e-adolescentes-2-versao-fisica\/","url":"https:\/\/actualizados.com.ar\/pt-br\/produto\/byi-2-inventarios-beck-para-criancas-e-adolescentes-2-versao-fisica\/","name":"BYI-2 , Invent\u00e1rios Beck para Crian\u00e7as e Adolescentes-2 - Vers\u00e3o F\u00edsica - Actualizados","isPartOf":{"@id":"https:\/\/actualizados.com.ar\/pt-br\/#website"},"primaryImageOfPage":{"@id":"https:\/\/actualizados.com.ar\/pt-br\/produto\/byi-2-inventarios-beck-para-criancas-e-adolescentes-2-versao-fisica\/#primaryimage"},"image":{"@id":"https:\/\/actualizados.com.ar\/pt-br\/produto\/byi-2-inventarios-beck-para-criancas-e-adolescentes-2-versao-fisica\/#primaryimage"},"thumbnailUrl":"https:\/\/actualizados.com.ar\/wp-content\/uploads\/2024\/11\/29.png","datePublished":"2024-09-04T18:14:50+00:00","breadcrumb":{"@id":"https:\/\/actualizados.com.ar\/pt-br\/produto\/byi-2-inventarios-beck-para-criancas-e-adolescentes-2-versao-fisica\/#breadcrumb"},"inLanguage":"pt-BR","potentialAction":[{"@type":"ReadAction","target":["https:\/\/actualizados.com.ar\/pt-br\/produto\/byi-2-inventarios-beck-para-criancas-e-adolescentes-2-versao-fisica\/"]}]},{"@type":"ImageObject","inLanguage":"pt-BR","@id":"https:\/\/actualizados.com.ar\/pt-br\/produto\/byi-2-inventarios-beck-para-criancas-e-adolescentes-2-versao-fisica\/#primaryimage","url":"https:\/\/actualizados.com.ar\/wp-content\/uploads\/2024\/11\/29.png","contentUrl":"https:\/\/actualizados.com.ar\/wp-content\/uploads\/2024\/11\/29.png","width":650,"height":650},{"@type":"BreadcrumbList","@id":"https:\/\/actualizados.com.ar\/pt-br\/produto\/byi-2-inventarios-beck-para-criancas-e-adolescentes-2-versao-fisica\/#breadcrumb","itemListElement":[{"@type":"ListItem","position":1,"name":"Portada","item":"https:\/\/actualizados.com.ar\/pt-br\/"},{"@type":"ListItem","position":2,"name":"Loja","item":"https:\/\/actualizados.com.ar\/pt-br\/loja\/"},{"@type":"ListItem","position":3,"name":"BYI-2 , Invent\u00e1rios Beck para Crian\u00e7as e Adolescentes-2 &#8211; Vers\u00e3o F\u00edsica"}]},{"@type":"WebSite","@id":"https:\/\/actualizados.com.ar\/pt-br\/#website","url":"https:\/\/actualizados.com.ar\/pt-br\/","name":"Actualizados","description":"Cursos de autismo, neurodesarrollo y evaluaci\u00f3n","publisher":{"@id":"https:\/\/actualizados.com.ar\/pt-br\/#organization"},"potentialAction":[{"@type":"SearchAction","target":{"@type":"EntryPoint","urlTemplate":"https:\/\/actualizados.com.ar\/pt-br\/?s={search_term_string}"},"query-input":{"@type":"PropertyValueSpecification","valueRequired":true,"valueName":"search_term_string"}}],"inLanguage":"pt-BR"},{"@type":"Organization","@id":"https:\/\/actualizados.com.ar\/pt-br\/#organization","name":"Actualizados","url":"https:\/\/actualizados.com.ar\/pt-br\/","logo":{"@type":"ImageObject","inLanguage":"pt-BR","@id":"https:\/\/actualizados.com.ar\/pt-br\/#\/schema\/logo\/image\/","url":"https:\/\/actualizados.com.ar\/wp-content\/uploads\/2024\/10\/Diseno-sin-titulo-2024-10-07T171822.151.png","contentUrl":"https:\/\/actualizados.com.ar\/wp-content\/uploads\/2024\/10\/Diseno-sin-titulo-2024-10-07T171822.151.png","width":600,"height":220,"caption":"Actualizados"},"image":{"@id":"https:\/\/actualizados.com.ar\/pt-br\/#\/schema\/logo\/image\/"},"sameAs":["https:\/\/www.facebook.com\/Actualizados.ar\/","https:\/\/www.instagram.com\/actualizados\/"]}]}},"_links":{"self":[{"href":"https:\/\/actualizados.com.ar\/pt-br\/wp-json\/wp\/v2\/product\/246131","targetHints":{"allow":["GET"]}}],"collection":[{"href":"https:\/\/actualizados.com.ar\/pt-br\/wp-json\/wp\/v2\/product"}],"about":[{"href":"https:\/\/actualizados.com.ar\/pt-br\/wp-json\/wp\/v2\/types\/product"}],"wp:featuredmedia":[{"embeddable":true,"href":"https:\/\/actualizados.com.ar\/pt-br\/wp-json\/wp\/v2\/media\/1899"}],"wp:attachment":[{"href":"https:\/\/actualizados.com.ar\/pt-br\/wp-json\/wp\/v2\/media?parent=246131"}],"wp:term":[{"taxonomy":"product_brand","embeddable":true,"href":"https:\/\/actualizados.com.ar\/pt-br\/wp-json\/wp\/v2\/product_brand?post=246131"},{"taxonomy":"product_cat","embeddable":true,"href":"https:\/\/actualizados.com.ar\/pt-br\/wp-json\/wp\/v2\/product_cat?post=246131"},{"taxonomy":"product_tag","embeddable":true,"href":"https:\/\/actualizados.com.ar\/pt-br\/wp-json\/wp\/v2\/product_tag?post=246131"}],"curies":[{"name":"wp","href":"https:\/\/api.w.org\/{rel}","templated":true}]}}