{"id":294,"date":"2024-09-04T15:15:16","date_gmt":"2024-09-04T15:15:16","guid":{"rendered":"https:\/\/actualizados.com.ar\/?post_type=product&#038;p=294"},"modified":"2026-01-03T09:49:50","modified_gmt":"2026-01-03T12:49:50","slug":"asi-soy-yo-de-veronica-rios","status":"publish","type":"product","link":"https:\/\/actualizados.com.ar\/pt-br\/produto\/asi-soy-yo-de-veronica-rios\/","title":{"rendered":"As\u00ed soy yo de Veronica Rios"},"content":{"rendered":"","protected":false},"excerpt":{"rendered":"<p>Este libro est\u00e1 pensado para que las infancias apren- dan sobre sexualidad de forma divertida, entretenida y din\u00e1mica, desde los primeros momentos.<\/p>\n<p>Se puede pensar para la ni\u00f1ez de 0 a 8 a\u00f1os y tambi\u00e9n para las personas que no tienen adquiridos estos aprendizajes, por lo tanto, la edad no es el \u00fanico par\u00e1metro. Podr\u00edamos pensarla como gu\u00eda de SEXUALIDAD<\/p>\n<p>PARA PRINCIPIANTES, poniendo el foco en la<\/p>\n<p>identidad.<\/p>\n<p>El mejor regalo para tu hijo o hija es conocerse y desde este peque\u00f1o lugar quiero generar ese acercamiento.<\/p>\n<p>Siempre es un buen momento para comenzar,<\/p>\n<p>\u00a1VAMOS!<\/p>\n","protected":false},"featured_media":236144,"template":"","meta":{"_acf_changed":false,"_et_pb_use_builder":"","_et_pb_old_content":"","_et_gb_content_width":""},"product_brand":[],"product_cat":[32],"product_tag":[],"class_list":{"0":"post-294","1":"product","2":"type-product","3":"status-publish","4":"has-post-thumbnail","6":"product_cat-libros","8":"first","9":"instock","10":"shipping-taxable","11":"purchasable","12":"product-type-simple"},"acf":[],"yoast_head":"<!-- This site is optimized with the Yoast SEO plugin v27.5 - https:\/\/yoast.com\/product\/yoast-seo-wordpress\/ -->\n<title>As\u00ed soy yo de Veronica Rios - Actualizados<\/title>\n<meta name=\"robots\" content=\"index, follow, max-snippet:-1, max-image-preview:large, max-video-preview:-1\" \/>\n<link rel=\"canonical\" href=\"https:\/\/actualizados.com.ar\/pt-br\/produto\/asi-soy-yo-de-veronica-rios\/\" \/>\n<meta property=\"og:locale\" content=\"pt_BR\" \/>\n<meta property=\"og:type\" content=\"article\" \/>\n<meta property=\"og:title\" content=\"As\u00ed soy yo de Veronica Rios - Actualizados\" \/>\n<meta property=\"og:description\" content=\"Este libro est\u00e1 pensado para que las infancias apren- dan sobre sexualidad de forma divertida, entretenida y din\u00e1mica, desde los primeros momentos.  Se puede pensar para la ni\u00f1ez de 0 a 8 a\u00f1os y tambi\u00e9n para las personas que no tienen adquiridos estos aprendizajes, por lo tanto, la edad no es el \u00fanico par\u00e1metro. Podr\u00edamos pensarla como gu\u00eda de SEXUALIDAD  PARA PRINCIPIANTES, poniendo el foco en la  identidad.  El mejor regalo para tu hijo o hija es conocerse y desde este peque\u00f1o lugar quiero generar ese acercamiento.  Siempre es un buen momento para comenzar,  \u00a1VAMOS!\" \/>\n<meta property=\"og:url\" content=\"https:\/\/actualizados.com.ar\/pt-br\/produto\/asi-soy-yo-de-veronica-rios\/\" \/>\n<meta property=\"og:site_name\" content=\"Actualizados\" \/>\n<meta property=\"article:publisher\" content=\"https:\/\/www.facebook.com\/Actualizados.ar\/\" \/>\n<meta property=\"article:modified_time\" content=\"2026-01-03T12:49:50+00:00\" \/>\n<meta property=\"og:image\" content=\"https:\/\/actualizados.com.ar\/wp-content\/uploads\/2024\/09\/Asi-soy-yo-de-Veronica-Rios.png\" \/>\n\t<meta property=\"og:image:width\" content=\"650\" \/>\n\t<meta property=\"og:image:height\" content=\"650\" \/>\n\t<meta property=\"og:image:type\" content=\"image\/png\" \/>\n<meta name=\"twitter:card\" content=\"summary_large_image\" \/>\n<meta name=\"twitter:label1\" content=\"Est. tempo de leitura\" \/>\n\t<meta name=\"twitter:data1\" content=\"1 minuto\" \/>\n<script type=\"application\/ld+json\" class=\"yoast-schema-graph\">{\"@context\":\"https:\\\/\\\/schema.org\",\"@graph\":[{\"@type\":\"WebPage\",\"@id\":\"https:\\\/\\\/actualizados.com.ar\\\/pt-br\\\/produto\\\/asi-soy-yo-de-veronica-rios\\\/\",\"url\":\"https:\\\/\\\/actualizados.com.ar\\\/pt-br\\\/produto\\\/asi-soy-yo-de-veronica-rios\\\/\",\"name\":\"As\u00ed soy yo de Veronica Rios - Actualizados\",\"isPartOf\":{\"@id\":\"https:\\\/\\\/actualizados.com.ar\\\/pt-br\\\/#website\"},\"primaryImageOfPage\":{\"@id\":\"https:\\\/\\\/actualizados.com.ar\\\/pt-br\\\/produto\\\/asi-soy-yo-de-veronica-rios\\\/#primaryimage\"},\"image\":{\"@id\":\"https:\\\/\\\/actualizados.com.ar\\\/pt-br\\\/produto\\\/asi-soy-yo-de-veronica-rios\\\/#primaryimage\"},\"thumbnailUrl\":\"https:\\\/\\\/actualizados.com.ar\\\/wp-content\\\/uploads\\\/2024\\\/09\\\/Asi-soy-yo-de-Veronica-Rios.png\",\"datePublished\":\"2024-09-04T15:15:16+00:00\",\"dateModified\":\"2026-01-03T12:49:50+00:00\",\"breadcrumb\":{\"@id\":\"https:\\\/\\\/actualizados.com.ar\\\/pt-br\\\/produto\\\/asi-soy-yo-de-veronica-rios\\\/#breadcrumb\"},\"inLanguage\":\"pt-BR\",\"potentialAction\":[{\"@type\":\"ReadAction\",\"target\":[\"https:\\\/\\\/actualizados.com.ar\\\/pt-br\\\/produto\\\/asi-soy-yo-de-veronica-rios\\\/\"]}]},{\"@type\":\"ImageObject\",\"inLanguage\":\"pt-BR\",\"@id\":\"https:\\\/\\\/actualizados.com.ar\\\/pt-br\\\/produto\\\/asi-soy-yo-de-veronica-rios\\\/#primaryimage\",\"url\":\"https:\\\/\\\/actualizados.com.ar\\\/wp-content\\\/uploads\\\/2024\\\/09\\\/Asi-soy-yo-de-Veronica-Rios.png\",\"contentUrl\":\"https:\\\/\\\/actualizados.com.ar\\\/wp-content\\\/uploads\\\/2024\\\/09\\\/Asi-soy-yo-de-Veronica-Rios.png\",\"width\":650,\"height\":650},{\"@type\":\"BreadcrumbList\",\"@id\":\"https:\\\/\\\/actualizados.com.ar\\\/pt-br\\\/produto\\\/asi-soy-yo-de-veronica-rios\\\/#breadcrumb\",\"itemListElement\":[{\"@type\":\"ListItem\",\"position\":1,\"name\":\"Portada\",\"item\":\"https:\\\/\\\/actualizados.com.ar\\\/pt-br\\\/\"},{\"@type\":\"ListItem\",\"position\":2,\"name\":\"Loja\",\"item\":\"https:\\\/\\\/actualizados.com.ar\\\/pt-br\\\/loja\\\/\"},{\"@type\":\"ListItem\",\"position\":3,\"name\":\"As\u00ed soy yo de Veronica Rios\"}]},{\"@type\":\"WebSite\",\"@id\":\"https:\\\/\\\/actualizados.com.ar\\\/pt-br\\\/#website\",\"url\":\"https:\\\/\\\/actualizados.com.ar\\\/pt-br\\\/\",\"name\":\"Actualizados\",\"description\":\"Cursos de autismo, neurodesarrollo y evaluaci\u00f3n\",\"publisher\":{\"@id\":\"https:\\\/\\\/actualizados.com.ar\\\/pt-br\\\/#organization\"},\"potentialAction\":[{\"@type\":\"SearchAction\",\"target\":{\"@type\":\"EntryPoint\",\"urlTemplate\":\"https:\\\/\\\/actualizados.com.ar\\\/pt-br\\\/?s={search_term_string}\"},\"query-input\":{\"@type\":\"PropertyValueSpecification\",\"valueRequired\":true,\"valueName\":\"search_term_string\"}}],\"inLanguage\":\"pt-BR\"},{\"@type\":\"Organization\",\"@id\":\"https:\\\/\\\/actualizados.com.ar\\\/pt-br\\\/#organization\",\"name\":\"Actualizados\",\"url\":\"https:\\\/\\\/actualizados.com.ar\\\/pt-br\\\/\",\"logo\":{\"@type\":\"ImageObject\",\"inLanguage\":\"pt-BR\",\"@id\":\"https:\\\/\\\/actualizados.com.ar\\\/pt-br\\\/#\\\/schema\\\/logo\\\/image\\\/\",\"url\":\"https:\\\/\\\/actualizados.com.ar\\\/wp-content\\\/uploads\\\/2024\\\/10\\\/Diseno-sin-titulo-2024-10-07T171822.151.png\",\"contentUrl\":\"https:\\\/\\\/actualizados.com.ar\\\/wp-content\\\/uploads\\\/2024\\\/10\\\/Diseno-sin-titulo-2024-10-07T171822.151.png\",\"width\":600,\"height\":220,\"caption\":\"Actualizados\"},\"image\":{\"@id\":\"https:\\\/\\\/actualizados.com.ar\\\/pt-br\\\/#\\\/schema\\\/logo\\\/image\\\/\"},\"sameAs\":[\"https:\\\/\\\/www.facebook.com\\\/Actualizados.ar\\\/\",\"https:\\\/\\\/www.instagram.com\\\/actualizados\\\/\"]}]}<\/script>\n<!-- \/ Yoast SEO plugin. -->","yoast_head_json":{"title":"As\u00ed soy yo de Veronica Rios - Actualizados","robots":{"index":"index","follow":"follow","max-snippet":"max-snippet:-1","max-image-preview":"max-image-preview:large","max-video-preview":"max-video-preview:-1"},"canonical":"https:\/\/actualizados.com.ar\/pt-br\/produto\/asi-soy-yo-de-veronica-rios\/","og_locale":"pt_BR","og_type":"article","og_title":"As\u00ed soy yo de Veronica Rios - Actualizados","og_description":"Este libro est\u00e1 pensado para que las infancias apren- dan sobre sexualidad de forma divertida, entretenida y din\u00e1mica, desde los primeros momentos.  Se puede pensar para la ni\u00f1ez de 0 a 8 a\u00f1os y tambi\u00e9n para las personas que no tienen adquiridos estos aprendizajes, por lo tanto, la edad no es el \u00fanico par\u00e1metro. Podr\u00edamos pensarla como gu\u00eda de SEXUALIDAD  PARA PRINCIPIANTES, poniendo el foco en la  identidad.  El mejor regalo para tu hijo o hija es conocerse y desde este peque\u00f1o lugar quiero generar ese acercamiento.  Siempre es un buen momento para comenzar,  \u00a1VAMOS!","og_url":"https:\/\/actualizados.com.ar\/pt-br\/produto\/asi-soy-yo-de-veronica-rios\/","og_site_name":"Actualizados","article_publisher":"https:\/\/www.facebook.com\/Actualizados.ar\/","article_modified_time":"2026-01-03T12:49:50+00:00","og_image":[{"width":650,"height":650,"url":"https:\/\/actualizados.com.ar\/wp-content\/uploads\/2024\/09\/Asi-soy-yo-de-Veronica-Rios.png","type":"image\/png"}],"twitter_card":"summary_large_image","twitter_misc":{"Est. tempo de leitura":"1 minuto"},"schema":{"@context":"https:\/\/schema.org","@graph":[{"@type":"WebPage","@id":"https:\/\/actualizados.com.ar\/pt-br\/produto\/asi-soy-yo-de-veronica-rios\/","url":"https:\/\/actualizados.com.ar\/pt-br\/produto\/asi-soy-yo-de-veronica-rios\/","name":"As\u00ed soy yo de Veronica Rios - Actualizados","isPartOf":{"@id":"https:\/\/actualizados.com.ar\/pt-br\/#website"},"primaryImageOfPage":{"@id":"https:\/\/actualizados.com.ar\/pt-br\/produto\/asi-soy-yo-de-veronica-rios\/#primaryimage"},"image":{"@id":"https:\/\/actualizados.com.ar\/pt-br\/produto\/asi-soy-yo-de-veronica-rios\/#primaryimage"},"thumbnailUrl":"https:\/\/actualizados.com.ar\/wp-content\/uploads\/2024\/09\/Asi-soy-yo-de-Veronica-Rios.png","datePublished":"2024-09-04T15:15:16+00:00","dateModified":"2026-01-03T12:49:50+00:00","breadcrumb":{"@id":"https:\/\/actualizados.com.ar\/pt-br\/produto\/asi-soy-yo-de-veronica-rios\/#breadcrumb"},"inLanguage":"pt-BR","potentialAction":[{"@type":"ReadAction","target":["https:\/\/actualizados.com.ar\/pt-br\/produto\/asi-soy-yo-de-veronica-rios\/"]}]},{"@type":"ImageObject","inLanguage":"pt-BR","@id":"https:\/\/actualizados.com.ar\/pt-br\/produto\/asi-soy-yo-de-veronica-rios\/#primaryimage","url":"https:\/\/actualizados.com.ar\/wp-content\/uploads\/2024\/09\/Asi-soy-yo-de-Veronica-Rios.png","contentUrl":"https:\/\/actualizados.com.ar\/wp-content\/uploads\/2024\/09\/Asi-soy-yo-de-Veronica-Rios.png","width":650,"height":650},{"@type":"BreadcrumbList","@id":"https:\/\/actualizados.com.ar\/pt-br\/produto\/asi-soy-yo-de-veronica-rios\/#breadcrumb","itemListElement":[{"@type":"ListItem","position":1,"name":"Portada","item":"https:\/\/actualizados.com.ar\/pt-br\/"},{"@type":"ListItem","position":2,"name":"Loja","item":"https:\/\/actualizados.com.ar\/pt-br\/loja\/"},{"@type":"ListItem","position":3,"name":"As\u00ed soy yo de Veronica Rios"}]},{"@type":"WebSite","@id":"https:\/\/actualizados.com.ar\/pt-br\/#website","url":"https:\/\/actualizados.com.ar\/pt-br\/","name":"Actualizados","description":"Cursos de autismo, neurodesarrollo y evaluaci\u00f3n","publisher":{"@id":"https:\/\/actualizados.com.ar\/pt-br\/#organization"},"potentialAction":[{"@type":"SearchAction","target":{"@type":"EntryPoint","urlTemplate":"https:\/\/actualizados.com.ar\/pt-br\/?s={search_term_string}"},"query-input":{"@type":"PropertyValueSpecification","valueRequired":true,"valueName":"search_term_string"}}],"inLanguage":"pt-BR"},{"@type":"Organization","@id":"https:\/\/actualizados.com.ar\/pt-br\/#organization","name":"Actualizados","url":"https:\/\/actualizados.com.ar\/pt-br\/","logo":{"@type":"ImageObject","inLanguage":"pt-BR","@id":"https:\/\/actualizados.com.ar\/pt-br\/#\/schema\/logo\/image\/","url":"https:\/\/actualizados.com.ar\/wp-content\/uploads\/2024\/10\/Diseno-sin-titulo-2024-10-07T171822.151.png","contentUrl":"https:\/\/actualizados.com.ar\/wp-content\/uploads\/2024\/10\/Diseno-sin-titulo-2024-10-07T171822.151.png","width":600,"height":220,"caption":"Actualizados"},"image":{"@id":"https:\/\/actualizados.com.ar\/pt-br\/#\/schema\/logo\/image\/"},"sameAs":["https:\/\/www.facebook.com\/Actualizados.ar\/","https:\/\/www.instagram.com\/actualizados\/"]}]}},"_links":{"self":[{"href":"https:\/\/actualizados.com.ar\/pt-br\/wp-json\/wp\/v2\/product\/294","targetHints":{"allow":["GET"]}}],"collection":[{"href":"https:\/\/actualizados.com.ar\/pt-br\/wp-json\/wp\/v2\/product"}],"about":[{"href":"https:\/\/actualizados.com.ar\/pt-br\/wp-json\/wp\/v2\/types\/product"}],"wp:featuredmedia":[{"embeddable":true,"href":"https:\/\/actualizados.com.ar\/pt-br\/wp-json\/wp\/v2\/media\/236144"}],"wp:attachment":[{"href":"https:\/\/actualizados.com.ar\/pt-br\/wp-json\/wp\/v2\/media?parent=294"}],"wp:term":[{"taxonomy":"product_brand","embeddable":true,"href":"https:\/\/actualizados.com.ar\/pt-br\/wp-json\/wp\/v2\/product_brand?post=294"},{"taxonomy":"product_cat","embeddable":true,"href":"https:\/\/actualizados.com.ar\/pt-br\/wp-json\/wp\/v2\/product_cat?post=294"},{"taxonomy":"product_tag","embeddable":true,"href":"https:\/\/actualizados.com.ar\/pt-br\/wp-json\/wp\/v2\/product_tag?post=294"}],"curies":[{"name":"wp","href":"https:\/\/api.w.org\/{rel}","templated":true}]}}